{"id":49169,"date":"2024-02-27T20:04:09","date_gmt":"2024-02-27T12:04:09","guid":{"rendered":"https:\/\/gretasexylingerie.com\/?post_type=product&#038;p=49169"},"modified":"2024-02-29T12:35:04","modified_gmt":"2024-02-29T04:35:04","slug":"al-por-mayor-kit-de-inicio-sumiso","status":"publish","type":"product","link":"https:\/\/gretasexylingerie.com\/es\/products\/wholesale-submissive-starter-kit\/","title":{"rendered":"Venta al por mayor Kit de inicio sumiso con dise\u00f1o de remaches"},"content":{"rendered":"<p><strong>Dise\u00f1o de remaches para un atractivo atrevido<\/strong>: Este juego destaca por su distintivo dise\u00f1o de remaches, que a\u00f1ade un toque vanguardista y atrevido a tu <strong>juguetes sumisos dominantes<\/strong> recopilaci\u00f3n. Los remaches no s\u00f3lo realzan el atractivo est\u00e9tico sino que tambi\u00e9n evocan una sensaci\u00f3n de emoci\u00f3n y anticipaci\u00f3n.<\/p>\n\n\n\n<p><strong>Esenciales completos de esclavitud<\/strong>: Equipado con una paleta de cuero, un antifaz, una cuerda de tracci\u00f3n, esposas, esposas para las piernas y una hebilla cruzada, este kit proporciona todos los elementos esenciales para explorar la emocionante din\u00e1mica del control y la rendici\u00f3n, lo que lo convierte en el kit perfecto. <strong>kit de esclavitud de hogtie<\/strong> tanto para principiantes como para entusiastas.<\/p>\n\n\n\n<p><strong>Cuero y herrajes de PU de primera calidad<\/strong>: Elaborado con cuero PU de alta calidad complementado con herrajes robustos, cada art\u00edculo del conjunto promete durabilidad y comodidad. Los materiales se seleccionan cuidadosamente para garantizar una experiencia segura y satisfactoria, combinando resistencia con un tacto suave.<\/p>\n\n\n\n<p><strong>Tema atrevido en negro y rojo<\/strong>: La sorprendente combinaci\u00f3n de negro y rojo no solo significa poder y pasi\u00f3n, sino que tambi\u00e9n agrega un contraste visualmente estimulante a su colecci\u00f3n. Esta combinaci\u00f3n de colores est\u00e1 dise\u00f1ada para crear el ambiente y mejorar la intensidad de sus encuentros.<\/p>\n\n\n\n<p><strong>Uso y juego vers\u00e1tiles<\/strong>: Ya sea que est\u00e9 buscando experimentar con posiciones de amarre, privaci\u00f3n sensorial o sujeci\u00f3n suave, este kit ofrece la versatilidad para explorar una amplia gama de escenarios. Es una invitaci\u00f3n a dejar volar la imaginaci\u00f3n y descubrir nuevos placeres.<\/p>\n\n\n\n<p><strong>Almacenamiento discreto y portabilidad<\/strong>: El cuidadoso dise\u00f1o del juego incluye opciones de almacenamiento discretas, lo que le permite mantener sus juguetes seguros y fuera de la vista. La portabilidad garantiza que tus aventuras no se limiten a un solo lugar; Lleva tus fantas\u00edas dondequiera que vayas.<\/p>\n\n\n\n<p>Entra en un mundo donde el juego de poder se convierte en una forma de arte con nuestro sumiso kit inicial. Ya sea que sea nuevo en la escena o est\u00e9 buscando ampliar su repertorio, este conjunto ofrece la combinaci\u00f3n perfecta de estilo, calidad y versatilidad. \u00a1Ordene ahora y emb\u00e1rquese en un viaje de descubrimiento y satisfacci\u00f3n que trasciende lo ordinario!<\/p>","protected":false},"excerpt":{"rendered":"<p>Enciende las llamas de la pasi\u00f3n con nuestra <strong>kit de inicio sumiso<\/strong>, una colecci\u00f3n fascinante que presenta cuero PU de alta calidad y herrajes en llamativos colores negro y rojo, dise\u00f1ada para quienes se aventuran en el mundo din\u00e1mico del dominio y la sumisi\u00f3n.<\/p>","protected":false},"featured_media":49162,"template":"","meta":[],"product_brand":[],"product_cat":[1059,1061],"product_tag":[],"class_list":{"0":"post-49169","1":"product","2":"type-product","3":"status-publish","4":"has-post-thumbnail","6":"product_cat-wholesale-bondage-equipment","7":"product_cat-wholesale-bondage-gear","8":"pa_color-black","9":"pa_color-red-women-sexy-lingerie","11":"first","12":"instock","13":"taxable","14":"shipping-taxable","15":"purchasable","16":"product-type-variable"},"tiered_pricing_type":"fixed","tiered_pricing_fixed_rules":[],"tiered_pricing_product_settings":{"layout":"table","base_unit_name":{"singular":null,"plural":null},"default_variation":null},"tiered_pricing_minimum_quantity":null,"tiered_pricing_roles_data":[],"tiered_pricing_percentage_rules":[],"tiered_pricing_maximum_quantity":null,"tiered_pricing_quantity_step":null,"_links":{"self":[{"href":"https:\/\/gretasexylingerie.com\/es\/wp-json\/wp\/v2\/product\/49169","targetHints":{"allow":["GET"]}}],"collection":[{"href":"https:\/\/gretasexylingerie.com\/es\/wp-json\/wp\/v2\/product"}],"about":[{"href":"https:\/\/gretasexylingerie.com\/es\/wp-json\/wp\/v2\/types\/product"}],"wp:featuredmedia":[{"embeddable":true,"href":"https:\/\/gretasexylingerie.com\/es\/wp-json\/wp\/v2\/media\/49162"}],"wp:attachment":[{"href":"https:\/\/gretasexylingerie.com\/es\/wp-json\/wp\/v2\/media?parent=49169"}],"wp:term":[{"taxonomy":"product_brand","embeddable":true,"href":"https:\/\/gretasexylingerie.com\/es\/wp-json\/wp\/v2\/product_brand?post=49169"},{"taxonomy":"product_cat","embeddable":true,"href":"https:\/\/gretasexylingerie.com\/es\/wp-json\/wp\/v2\/product_cat?post=49169"},{"taxonomy":"product_tag","embeddable":true,"href":"https:\/\/gretasexylingerie.com\/es\/wp-json\/wp\/v2\/product_tag?post=49169"}],"curies":[{"name":"Gracias","href":"https:\/\/api.w.org\/{rel}","templated":true}]}}