{"id":49154,"date":"2024-02-27T20:03:04","date_gmt":"2024-02-27T12:03:04","guid":{"rendered":"https:\/\/gretasexylingerie.com\/?post_type=product&#038;p=49154"},"modified":"2024-02-29T12:22:35","modified_gmt":"2024-02-29T04:22:35","slug":"al-por-mayor-equipo-de-bondage-con-cierre-de-cuero-y-pedreria","status":"publish","type":"product","link":"https:\/\/gretasexylingerie.com\/es\/products\/wholesale-leather-locking-bondage-gear-with-rhinestones\/","title":{"rendered":"Venta al por mayor de cuero Bondage Gear con diamantes de imitaci\u00f3n"},"content":{"rendered":"<p><strong>Detalles elegantes de encaje y diamantes<\/strong>: Eleva tu exploraci\u00f3n con la combinaci\u00f3n \u00fanica de elegancia y emoci\u00f3n de este set. El delicado encaje adornado con brillantes diamantes a\u00f1ade un toque de glamour al tradicional <strong>equipo de esclavitud s &amp; m<\/strong>, invitando a un sensual juego de luces y sombras que estimula los sentidos.<\/p>\n\n\n\n<p><strong>Colecci\u00f3n completa para parejas<\/strong>: Este set incluye todo lo necesario para una incursi\u00f3n en los reinos del coqueteo SM y el bondage. Con una paleta de cuero, una venda para los ojos, una cuerda de tracci\u00f3n, esposas, esposas para las piernas y una hebilla cruzada, ofrece un conjunto de herramientas completo para parejas aventureras que buscan profundizar su conexi\u00f3n.<\/p>\n\n\n\n<p><strong>PU y hardware de alta calidad<\/strong>: Confeccionada con cuero PU de primera calidad y herrajes de alta calidad, cada pieza de este conjunto combina durabilidad con comodidad. Los materiales se eligen no s\u00f3lo por su atractivo est\u00e9tico sino tambi\u00e9n por su capacidad para soportar la intensidad de encuentros apasionados.<\/p>\n\n\n\n<p><strong>Dise\u00f1o vers\u00e1til en blanco y negro<\/strong>: Disponible en negro cl\u00e1sico y blanco impecable, este <strong>kit de esclavo sexy<\/strong> Se adapta a diversos gustos y entornos. Ya sea que le atraiga la audacia del negro o la pureza del blanco, este conjunto promete combinar con su estado de \u00e1nimo y decoraci\u00f3n.<\/p>\n\n\n\n<p><strong>Funciones de bloqueo para juego mejorado<\/strong>: El mecanismo de bloqueo del engranaje agrega una capa adicional de emoci\u00f3n y control, perfecto para aquellos que buscan explorar la din\u00e1mica de poder de una manera segura y consensuada. Es una caracter\u00edstica ideal tanto para principiantes como para practicantes experimentados que aprecian la emoci\u00f3n psicol\u00f3gica de la moderaci\u00f3n.<\/p>\n\n\n\n<p><strong>Almacenamiento discreto y conveniente<\/strong>: Este conjunto no solo promete desbloquear nuevas experiencias sino que tambi\u00e9n viene con una soluci\u00f3n pr\u00e1ctica para el almacenamiento. Mantenga sus tesoros escondidos discretamente, listos para ser revelados cuando llegue el momento.<\/p>\n\n\n\n<p>Sum\u00e9rgete en un mundo donde la fantas\u00eda se encuentra con la realidad con nuestro conjunto de equipo de bondage con bloqueo. Es m\u00e1s que una simple colecci\u00f3n de art\u00edculos; es una puerta de entrada a nuevos niveles de confianza, intimidad y placer. Ordene ahora y transforme momentos ordinarios en recuerdos extraordinarios con un toque de sofisticaci\u00f3n.<\/p>","protected":false},"excerpt":{"rendered":"<p>Emb\u00e1rquese en un exquisito viaje de descubrimiento con nuestro <strong>equipo de esclavitud de bloqueo<\/strong>, un lujoso conjunto de entrenamiento de cuero adornado con encaje y diamantes, dise\u00f1ado para parejas que buscan explorar nuevas dimensiones de intimidad.<\/p>","protected":false},"featured_media":49145,"template":"","meta":[],"product_brand":[],"product_cat":[1059,1061],"product_tag":[],"class_list":{"0":"post-49154","1":"product","2":"type-product","3":"status-publish","4":"has-post-thumbnail","6":"product_cat-wholesale-bondage-equipment","7":"product_cat-wholesale-bondage-gear","8":"pa_color-black","9":"pa_color-white","11":"first","12":"instock","13":"taxable","14":"shipping-taxable","15":"purchasable","16":"product-type-variable"},"tiered_pricing_type":"fixed","tiered_pricing_fixed_rules":[],"tiered_pricing_product_settings":{"layout":"table","base_unit_name":{"singular":null,"plural":null},"default_variation":null},"tiered_pricing_minimum_quantity":null,"tiered_pricing_roles_data":[],"tiered_pricing_percentage_rules":[],"tiered_pricing_maximum_quantity":null,"tiered_pricing_quantity_step":null,"_links":{"self":[{"href":"https:\/\/gretasexylingerie.com\/es\/wp-json\/wp\/v2\/product\/49154","targetHints":{"allow":["GET"]}}],"collection":[{"href":"https:\/\/gretasexylingerie.com\/es\/wp-json\/wp\/v2\/product"}],"about":[{"href":"https:\/\/gretasexylingerie.com\/es\/wp-json\/wp\/v2\/types\/product"}],"wp:featuredmedia":[{"embeddable":true,"href":"https:\/\/gretasexylingerie.com\/es\/wp-json\/wp\/v2\/media\/49145"}],"wp:attachment":[{"href":"https:\/\/gretasexylingerie.com\/es\/wp-json\/wp\/v2\/media?parent=49154"}],"wp:term":[{"taxonomy":"product_brand","embeddable":true,"href":"https:\/\/gretasexylingerie.com\/es\/wp-json\/wp\/v2\/product_brand?post=49154"},{"taxonomy":"product_cat","embeddable":true,"href":"https:\/\/gretasexylingerie.com\/es\/wp-json\/wp\/v2\/product_cat?post=49154"},{"taxonomy":"product_tag","embeddable":true,"href":"https:\/\/gretasexylingerie.com\/es\/wp-json\/wp\/v2\/product_tag?post=49154"}],"curies":[{"name":"Gracias","href":"https:\/\/api.w.org\/{rel}","templated":true}]}}