{"id":49071,"date":"2024-02-26T14:58:02","date_gmt":"2024-02-26T06:58:02","guid":{"rendered":"https:\/\/gretasexylingerie.com\/?post_type=product&#038;p=49071"},"modified":"2024-02-26T16:43:51","modified_gmt":"2024-02-26T08:43:51","slug":"al-por-mayor-media-de-red-de-cuerpo-completo-con-entrepierna-abierta","status":"publish","type":"product","link":"https:\/\/gretasexylingerie.com\/es\/products\/wholesale-open-crotch-full-body-fishnet-stocking\/","title":{"rendered":"Medias de red de cuerpo completo con entrepierna abierta al por mayor"},"content":{"rendered":"<p><strong>Dise\u00f1o de cuello halter.<\/strong>: El dise\u00f1o de cuello halter de este body a\u00f1ade un toque cl\u00e1sico pero sexy, enmarcando maravillosamente los hombros y el cuello. Es perfecto para quienes buscan una combinaci\u00f3n de elegancia y encanto en su <strong>media de cuerpo con entrepierna abierta<\/strong>.<\/p>\n\n\n\n<p><strong>Detalles de l\u00edneas intrincadas<\/strong>: Este body est\u00e1 adornado con dise\u00f1os de l\u00edneas intrincadas que contornean y resaltan las curvas naturales del cuerpo. Los detalles a\u00f1aden profundidad y textura, convirti\u00e9ndola en una pieza destacada en cualquier <strong>bodystocking abierto<\/strong> recopilaci\u00f3n.<\/p>\n\n\n\n<p><strong>Caracter\u00edstica de entrepierna abierta<\/strong>: El dise\u00f1o de entrepierna abierta aporta un elemento de audacia y sensualidad, dirigido a quienes buscan agregar una pieza atrevida a su guardarropa de lencer\u00eda. Es ideal para ocasiones \u00edntimas, a\u00f1adiendo una capa de intriga y emoci\u00f3n.<\/p>\n\n\n\n<p><strong>Atractivo s\u00faper sexy<\/strong>: Esta media de rejilla de cuerpo completo es el ep\u00edtome de la lencer\u00eda sexy. Su tela transparente y su ajuste ce\u00f1ido al cuerpo ofrecen una mirada tentadora, lo que lo convierte en una prenda imprescindible para cualquiera que busque mejorar su juego de lencer\u00eda.<\/p>\n\n\n\n<p><strong>Vers\u00e1til y empoderante<\/strong>: Perfecto para diversas ocasiones, desde veladas privadas hasta fiestas tem\u00e1ticas, este body le permite a quienes lo usan expresar su estilo y confianza \u00fanicos.<\/p>\n\n\n\n<p><strong>Perfecto para colecciones diversas<\/strong>: Ya sea para una boutique o una tienda minorista m\u00e1s grande, este bodystocking es una excelente opci\u00f3n. Atrae a clientes que buscan lencer\u00eda innovadora, atrevida y de alta calidad.<\/p>\n\n\n\n<p>Invite a sus clientes a abrazar su lado atrevido con nuestras medias de red de cuerpo completo con entrepierna abierta. Su dise\u00f1o \u00fanico y su atenci\u00f3n al detalle lo convierten en imprescindible para cualquier colecci\u00f3n que busque ofrecer una combinaci\u00f3n de vanguardismo y estilo. \u00a1Ordene ahora y agregue un toque de elegancia atrevida a sus ofertas!<\/p>","protected":false},"excerpt":{"rendered":"<p>Sum\u00e9rgete en el encanto con nuestros <strong>medias sexy de cuerpo completo<\/strong>, un cautivador dise\u00f1o de cuello halter con detalles de l\u00edneas intrincadas y entrepierna abierta para darle un toque adicional de seducci\u00f3n.<\/p>","protected":false},"featured_media":49070,"template":"","meta":[],"product_brand":[],"product_cat":[405,407,404],"product_tag":[528,451,449,866],"class_list":{"0":"post-49071","1":"product","2":"type-product","3":"status-publish","4":"has-post-thumbnail","6":"product_cat-wholesale-bodystocking","7":"product_cat-wholesale-full-body-stocking","8":"product_cat-sexy-stocking","9":"product_tag-halter-lingerie","10":"product_tag-wholesale-revealing-lingerie","11":"product_tag-wholesale-sexy-crotchless-lingerie","12":"product_tag-sexy-romper-lingerie","13":"pa_color-black","14":"pa_size-free","16":"first","17":"instock","18":"taxable","19":"shipping-taxable","20":"purchasable","21":"product-type-variable"},"tiered_pricing_type":"fixed","tiered_pricing_fixed_rules":[],"tiered_pricing_product_settings":{"layout":"table","base_unit_name":{"singular":null,"plural":null},"default_variation":null},"tiered_pricing_minimum_quantity":null,"tiered_pricing_roles_data":[],"tiered_pricing_percentage_rules":[],"tiered_pricing_maximum_quantity":null,"tiered_pricing_quantity_step":null,"_links":{"self":[{"href":"https:\/\/gretasexylingerie.com\/es\/wp-json\/wp\/v2\/product\/49071","targetHints":{"allow":["GET"]}}],"collection":[{"href":"https:\/\/gretasexylingerie.com\/es\/wp-json\/wp\/v2\/product"}],"about":[{"href":"https:\/\/gretasexylingerie.com\/es\/wp-json\/wp\/v2\/types\/product"}],"wp:featuredmedia":[{"embeddable":true,"href":"https:\/\/gretasexylingerie.com\/es\/wp-json\/wp\/v2\/media\/49070"}],"wp:attachment":[{"href":"https:\/\/gretasexylingerie.com\/es\/wp-json\/wp\/v2\/media?parent=49071"}],"wp:term":[{"taxonomy":"product_brand","embeddable":true,"href":"https:\/\/gretasexylingerie.com\/es\/wp-json\/wp\/v2\/product_brand?post=49071"},{"taxonomy":"product_cat","embeddable":true,"href":"https:\/\/gretasexylingerie.com\/es\/wp-json\/wp\/v2\/product_cat?post=49071"},{"taxonomy":"product_tag","embeddable":true,"href":"https:\/\/gretasexylingerie.com\/es\/wp-json\/wp\/v2\/product_tag?post=49071"}],"curies":[{"name":"Gracias","href":"https:\/\/api.w.org\/{rel}","templated":true}]}}