{"id":48833,"date":"2024-01-27T21:34:58","date_gmt":"2024-01-27T13:34:58","guid":{"rendered":"https:\/\/gretasexylingerie.com\/?post_type=product&#038;p=48833"},"modified":"2024-04-11T22:34:06","modified_gmt":"2024-04-11T14:34:06","slug":"al-por-mayor-conjunto-de-sujetador-y-bragas-de-red-sexy","status":"publish","type":"product","link":"https:\/\/gretasexylingerie.com\/es\/products\/wholesale-sexy-net-bra-and-panty-set\/","title":{"rendered":"Conjunto de sujetador y panty de red sexy al por mayor con dise\u00f1o de mariposa"},"content":{"rendered":"<p><strong>C\u00f3moda tela de malla<\/strong>: El conjunto est\u00e1 confeccionado con un material de malla suave y c\u00f3modo, lo que garantiza transpirabilidad y un tacto suave sobre la piel. Esta caracter\u00edstica es perfecta para quienes priorizan la comodidad sin sacrificar el estilo en sus elecciones de lencer\u00eda.<\/p>\n\n\n\n<p><strong>Dise\u00f1o hueco en forma de mariposa.<\/strong>: El distintivo dise\u00f1o hueco en forma de mariposa a\u00f1ade un elemento l\u00fadico y art\u00edstico al conjunto. Esta caracter\u00edstica \u00fanica lo distingue en cualquier <strong>sujetador y panty de nuevo dise\u00f1o<\/strong> colecci\u00f3n, que ofrece una versi\u00f3n fresca y moderna de los estilos de lencer\u00eda cl\u00e1sicos.<\/p>\n\n\n\n<p><strong>Opciones de colores vibrantes<\/strong>: Disponible en una variedad de colores vibrantes (amarillo, azul, negro y rosa fuerte), este conjunto satisface varios gustos y preferencias. Cada color a\u00f1ade su propio car\u00e1cter al dise\u00f1o, desde un brillo alegre hasta una sofisticaci\u00f3n audaz.<\/p>\n\n\n\n<p><strong>Sexy y elegante<\/strong>: La combinaci\u00f3n de la tela de red y el dise\u00f1o de mariposa crea una apariencia sexy y elegante. Este conjunto es perfecto para clientes que desean lencer\u00eda visualmente atractiva y a la vez moderna.<\/p>\n\n\n\n<p><strong>Vers\u00e1til y vanguardista<\/strong>: Ideal para una variedad de ocasiones, este <strong>sujetador y bragas de mariposa<\/strong> El conjunto es lo suficientemente vers\u00e1til como para adaptarse a diversos entornos, lo que lo convierte en una valiosa adici\u00f3n a cualquier colecci\u00f3n de lencer\u00eda o moda.<\/p>\n\n\n\n<p><strong>Perfecto para colecciones diversas<\/strong>: Ya sea para una boutique o una tienda minorista m\u00e1s grande, este juego es una excelente opci\u00f3n. Atrae a clientes que buscan lencer\u00eda innovadora, moderna y de alta calidad.<\/p>\n\n\n\n<p>Invita a tus clientas a explorar la divertida elegancia de nuestro sexy conjunto de sujetador y braguitas de red. Su dise\u00f1o \u00fanico y sus colores vibrantes lo convierten en imprescindible para cualquier colecci\u00f3n que busque ofrecer una combinaci\u00f3n de comodidad, estilo y estilo moderno. \u00a1Ordene ahora y agregue un toque de belleza art\u00edstica a sus ofertas!<\/p>\n\n\n\n<figure class=\"wp-block-table\"><table><tbody><tr><td class=\"has-text-align-center\" data-align=\"center\" colspan=\"5\"><strong>Tabla de tallas (CM)<\/strong><\/td><\/tr><tr><td class=\"has-text-align-center\" data-align=\"center\"><strong>Tama\u00f1o<\/strong><\/td><td class=\"has-text-align-center\" data-align=\"center\"><strong>Bajo busto (cm)<\/strong><\/td><td class=\"has-text-align-center\" data-align=\"center\"><strong>Bragas cintura (cm)<\/strong><\/td><td class=\"has-text-align-center\" data-align=\"center\"><strong>Cintura (cm)<\/strong><\/td><td class=\"has-text-align-center\" data-align=\"center\"><strong>Longitud (cm)<\/strong><\/td><\/tr><tr><td class=\"has-text-align-center\" data-align=\"center\">S<\/td><td class=\"has-text-align-center\" data-align=\"center\">68<\/td><td class=\"has-text-align-center\" data-align=\"center\">64<\/td><td class=\"has-text-align-center\" data-align=\"center\">60<\/td><td class=\"has-text-align-center\" data-align=\"center\">31<\/td><\/tr><tr><td class=\"has-text-align-center\" data-align=\"center\">METRO<\/td><td class=\"has-text-align-center\" data-align=\"center\">72<\/td><td class=\"has-text-align-center\" data-align=\"center\">68<\/td><td class=\"has-text-align-center\" data-align=\"center\">64<\/td><td class=\"has-text-align-center\" data-align=\"center\">32<\/td><\/tr><tr><td class=\"has-text-align-center\" data-align=\"center\">L<\/td><td class=\"has-text-align-center\" data-align=\"center\">76<\/td><td class=\"has-text-align-center\" data-align=\"center\">72<\/td><td class=\"has-text-align-center\" data-align=\"center\">68<\/td><td class=\"has-text-align-center\" data-align=\"center\">33<\/td><\/tr><tr><td class=\"has-text-align-center\" data-align=\"center\">SG<\/td><td class=\"has-text-align-center\" data-align=\"center\">80<\/td><td class=\"has-text-align-center\" data-align=\"center\">76<\/td><td class=\"has-text-align-center\" data-align=\"center\">72<\/td><td class=\"has-text-align-center\" data-align=\"center\">34<\/td><\/tr><tr><td class=\"has-text-align-center\" data-align=\"center\" colspan=\"5\"><strong>Tabla de tallas (pulgadas)<\/strong><\/td><\/tr><tr><td class=\"has-text-align-center\" data-align=\"center\"><strong>Tama\u00f1o<\/strong><\/td><td class=\"has-text-align-center\" data-align=\"center\"><strong>Debajo del busto (pulg.)<\/strong><\/td><td class=\"has-text-align-center\" data-align=\"center\"><strong>Bragas Cintura (pulg)<\/strong><\/td><td class=\"has-text-align-center\" data-align=\"center\"><strong>Pretina (pulg.)<\/strong><\/td><td class=\"has-text-align-center\" data-align=\"center\"><strong>Longitud (pulg.)<\/strong><\/td><\/tr><tr><td class=\"has-text-align-center\" data-align=\"center\">S<\/td><td class=\"has-text-align-center\" data-align=\"center\">26.77<\/td><td class=\"has-text-align-center\" data-align=\"center\">25.20<\/td><td class=\"has-text-align-center\" data-align=\"center\">23.62<\/td><td class=\"has-text-align-center\" data-align=\"center\">12.20<\/td><\/tr><tr><td class=\"has-text-align-center\" data-align=\"center\">METRO<\/td><td class=\"has-text-align-center\" data-align=\"center\">28.35<\/td><td class=\"has-text-align-center\" data-align=\"center\">26.77<\/td><td class=\"has-text-align-center\" data-align=\"center\">25.20<\/td><td class=\"has-text-align-center\" data-align=\"center\">12.60<\/td><\/tr><tr><td class=\"has-text-align-center\" data-align=\"center\">L<\/td><td class=\"has-text-align-center\" data-align=\"center\">29.92<\/td><td class=\"has-text-align-center\" data-align=\"center\">28.35<\/td><td class=\"has-text-align-center\" data-align=\"center\">26.77<\/td><td class=\"has-text-align-center\" data-align=\"center\">12.99<\/td><\/tr><tr><td class=\"has-text-align-center\" data-align=\"center\">SG<\/td><td class=\"has-text-align-center\" data-align=\"center\">31.50<\/td><td class=\"has-text-align-center\" data-align=\"center\">29.92<\/td><td class=\"has-text-align-center\" data-align=\"center\">28.35<\/td><td class=\"has-text-align-center\" data-align=\"center\">13.39<\/td><\/tr><\/tbody><\/table><\/figure>","protected":false},"excerpt":{"rendered":"<p>Adopta un estilo \u00fanico con nuestro <strong>panty sujetador de red sexy<\/strong> Conjunto, que presenta una c\u00f3moda malla y un llamativo dise\u00f1o hueco en forma de mariposa. Disponible en amarillo, azul, negro y rosa fuerte.<\/p>","protected":false},"featured_media":48810,"template":"","meta":[],"product_brand":[],"product_cat":[368,367,375],"product_tag":[452,448,446,453],"class_list":{"0":"post-48833","1":"product","2":"type-product","3":"status-publish","4":"has-post-thumbnail","6":"product_cat-bra-panty-set","7":"product_cat-sexy-lingerie","8":"product_cat-whoelsale-sheer-bra-and-panty-sets","9":"product_tag-wholesale-boudoir-lingerie","10":"product_tag-wholesale-elegant-sexy-lingerie","11":"product_tag-wholesale-sexy-see-through-lingerie","12":"product_tag-wholesale-sexy-naughty-lingerie","13":"pa_color-black","14":"pa_color-blue-women-sexy-lingerie","15":"pa_color-hot-pink-women-sexy-lingerie","16":"pa_color-yellow","17":"pa_size-wholesale-large-size-women-sexy-lingerie","18":"pa_size-wholesale-medium-size-women-sexy-lingerie","19":"pa_size-wholesale-small-size-sexy-lingerie","20":"pa_size-wholesale-extra-large-sexy-lingerie","22":"first","23":"instock","24":"taxable","25":"shipping-taxable","26":"purchasable","27":"product-type-variable"},"tiered_pricing_type":"fixed","tiered_pricing_fixed_rules":[],"tiered_pricing_product_settings":{"layout":"table","base_unit_name":{"singular":null,"plural":null},"default_variation":null},"tiered_pricing_minimum_quantity":null,"tiered_pricing_roles_data":[],"tiered_pricing_percentage_rules":[],"tiered_pricing_maximum_quantity":null,"tiered_pricing_quantity_step":null,"_links":{"self":[{"href":"https:\/\/gretasexylingerie.com\/es\/wp-json\/wp\/v2\/product\/48833","targetHints":{"allow":["GET"]}}],"collection":[{"href":"https:\/\/gretasexylingerie.com\/es\/wp-json\/wp\/v2\/product"}],"about":[{"href":"https:\/\/gretasexylingerie.com\/es\/wp-json\/wp\/v2\/types\/product"}],"wp:featuredmedia":[{"embeddable":true,"href":"https:\/\/gretasexylingerie.com\/es\/wp-json\/wp\/v2\/media\/48810"}],"wp:attachment":[{"href":"https:\/\/gretasexylingerie.com\/es\/wp-json\/wp\/v2\/media?parent=48833"}],"wp:term":[{"taxonomy":"product_brand","embeddable":true,"href":"https:\/\/gretasexylingerie.com\/es\/wp-json\/wp\/v2\/product_brand?post=48833"},{"taxonomy":"product_cat","embeddable":true,"href":"https:\/\/gretasexylingerie.com\/es\/wp-json\/wp\/v2\/product_cat?post=48833"},{"taxonomy":"product_tag","embeddable":true,"href":"https:\/\/gretasexylingerie.com\/es\/wp-json\/wp\/v2\/product_tag?post=48833"}],"curies":[{"name":"Gracias","href":"https:\/\/api.w.org\/{rel}","templated":true}]}}