{"id":48791,"date":"2024-01-26T11:15:32","date_gmt":"2024-01-26T03:15:32","guid":{"rendered":"https:\/\/gretasexylingerie.com\/?post_type=product&#038;p=48791"},"modified":"2024-02-20T11:40:26","modified_gmt":"2024-02-20T03:40:26","slug":"al-por-mayor-conjunto-de-sujetador-y-bragas-bordados","status":"publish","type":"product","link":"https:\/\/gretasexylingerie.com\/es\/products\/wholesale-embroidered-bra-and-panty-set\/","title":{"rendered":"Conjunto de sujetador y bragas bordados al por mayor con falda de malla rosa"},"content":{"rendered":"<p><strong>Exquisitos detalles bordados.<\/strong>: Este conjunto presenta flores bellamente bordadas, ofreciendo una apariencia lujosa y sofisticada. El intrincado bordado es ideal para aquellos que aprecian los detalles m\u00e1s finos en su <strong>caro conjunto de sujetador y bragas<\/strong>, lo que lo convierte en una opci\u00f3n perfecta para boutiques de alta gama.<\/p>\n<p><strong>Falda de malla rosada<\/strong>: La adici\u00f3n de una falda de malla rosa agrega un toque \u00fanico y divertido al conjunto. Esta caracter\u00edstica no s\u00f3lo mejora el atractivo est\u00e9tico sino que tambi\u00e9n a\u00f1ade una sensaci\u00f3n de fantas\u00eda y encanto, distingui\u00e9ndolo de cualquier lugar. <strong>conjunto de vestido de lenceria<\/strong> recopilaci\u00f3n.<\/p>\n<p><strong>Tela de malla transparente<\/strong>: El uso de malla transparente en el conjunto de sujetador y braguitas proporciona una tentadora visi\u00f3n de lo que hay debajo, logrando un equilibrio perfecto entre encanto y elegancia. Es una opci\u00f3n ideal para clientes que buscan lencer\u00eda seductora y dise\u00f1ada con buen gusto.<\/p>\n<p><strong>Lujoso y femenino<\/strong>: La combinaci\u00f3n de malla rosa y delicado bordado crea una apariencia lujosa y femenina. Este conjunto es perfecto para clientas que desean lencer\u00eda que se sienta tan opulenta como parece.<\/p>\n<p><strong>Vers\u00e1til y atemporal<\/strong>: Este conjunto de sujetador y braguitas es una incorporaci\u00f3n vers\u00e1til a cualquier colecci\u00f3n de lencer\u00eda. Su dise\u00f1o atemporal garantiza que siga siendo la opci\u00f3n favorita para una variedad de ocasiones, desde noches especiales hasta el lujo cotidiano.<\/p>\n<p><strong>Perfecto para colecciones diversas<\/strong>: Ya sea para una boutique o una tienda minorista m\u00e1s grande, este juego es una excelente opci\u00f3n. Atrae a una amplia gama de clientes que buscan calidad, elegancia y estilo en su lencer\u00eda.<\/p>\n<p>Invita a tus clientas a experimentar el encanto lujoso de nuestro conjunto de sujetador y braguita bordados. Su dise\u00f1o \u00fanico y su atenci\u00f3n al detalle lo convierten en imprescindible para cualquier colecci\u00f3n que busque ofrecer una combinaci\u00f3n de sofisticaci\u00f3n y estilo moderno. \u00a1Ordene ahora para agregar un toque de belleza refinada a sus ofertas!<\/p>\n\n\n<figure class=\"wp-block-table\"><table><tbody><tr><td class=\"has-text-align-center\" data-align=\"center\" colspan=\"7\"><strong>Tabla de tallas (CM)<\/strong><\/td><\/tr><tr><td class=\"has-text-align-center\" data-align=\"center\"><strong>Tama\u00f1o<\/strong><\/td><td class=\"has-text-align-center\" data-align=\"center\"><strong>Altura de la copa (cm)<\/strong><\/td><td class=\"has-text-align-center\" data-align=\"center\"><strong>Bajo pecho (cm)<\/strong><\/td><td class=\"has-text-align-center\" data-align=\"center\"><strong>Bragas cintura (cm)<\/strong><\/td><td class=\"has-text-align-center\" data-align=\"center\"><strong>Longitud de las bragas (cm)<\/strong><\/td><td><strong>Cintura (cm)<\/strong><\/td><\/tr><tr><td class=\"has-text-align-center\" data-align=\"center\">S<\/td><td class=\"has-text-align-center\" data-align=\"center\">16<\/td><td class=\"has-text-align-center\" data-align=\"center\">68<\/td><td class=\"has-text-align-center\" data-align=\"center\">64<\/td><td class=\"has-text-align-center\" data-align=\"center\">24<\/td><td>64<\/td><\/tr><tr><td class=\"has-text-align-center\" data-align=\"center\">METRO<\/td><td class=\"has-text-align-center\" data-align=\"center\">17<\/td><td class=\"has-text-align-center\" data-align=\"center\">72<\/td><td class=\"has-text-align-center\" data-align=\"center\">68<\/td><td class=\"has-text-align-center\" data-align=\"center\">25<\/td><td>68<\/td><\/tr><tr><td class=\"has-text-align-center\" data-align=\"center\">L<\/td><td class=\"has-text-align-center\" data-align=\"center\">18<\/td><td class=\"has-text-align-center\" data-align=\"center\">76<\/td><td class=\"has-text-align-center\" data-align=\"center\">72<\/td><td class=\"has-text-align-center\" data-align=\"center\">26<\/td><td>72<\/td><\/tr><tr><td class=\"has-text-align-center\" data-align=\"center\">SG<\/td><td class=\"has-text-align-center\" data-align=\"center\">19<\/td><td class=\"has-text-align-center\" data-align=\"center\">80<\/td><td class=\"has-text-align-center\" data-align=\"center\">76<\/td><td class=\"has-text-align-center\" data-align=\"center\">27<\/td><td>76<\/td><\/tr><tr><td class=\"has-text-align-center\" data-align=\"center\" colspan=\"7\"><strong>Tabla de tallas (pulgadas)<\/strong><\/td><\/tr><tr><td class=\"has-text-align-center\" data-align=\"center\"><strong>Tama\u00f1o<\/strong><\/td><td class=\"has-text-align-center\" data-align=\"center\"><strong>Altura de la copa (pulg.)<\/strong><\/td><td class=\"has-text-align-center\" data-align=\"center\"><strong>Bajo pecho (pulg.)<\/strong><\/td><td class=\"has-text-align-center\" data-align=\"center\"><strong>Bragas Cintura (pulg)<\/strong><\/td><td class=\"has-text-align-center\" data-align=\"center\"><strong>Longitud de las bragas (pulg.)<\/strong><\/td><td><strong>Cintura (pulg.)<\/strong><\/td><\/tr><tr><td class=\"has-text-align-center\" data-align=\"center\">S<\/td><td class=\"has-text-align-center\" data-align=\"center\">6.30<\/td><td class=\"has-text-align-center\" data-align=\"center\">26.77<\/td><td class=\"has-text-align-center\" data-align=\"center\">25.20<\/td><td class=\"has-text-align-center\" data-align=\"center\">9.45<\/td><td>25.20<\/td><\/tr><tr><td class=\"has-text-align-center\" data-align=\"center\">METRO<\/td><td class=\"has-text-align-center\" data-align=\"center\">6.69<\/td><td class=\"has-text-align-center\" data-align=\"center\">28.35<\/td><td class=\"has-text-align-center\" data-align=\"center\">26.77<\/td><td class=\"has-text-align-center\" data-align=\"center\">9.84<\/td><td>26.77<\/td><\/tr><tr><td class=\"has-text-align-center\" data-align=\"center\">L<\/td><td class=\"has-text-align-center\" data-align=\"center\">7.09<\/td><td class=\"has-text-align-center\" data-align=\"center\">29.92<\/td><td class=\"has-text-align-center\" data-align=\"center\">28.35<\/td><td class=\"has-text-align-center\" data-align=\"center\">10.24<\/td><td>28.35<\/td><\/tr><tr><td class=\"has-text-align-center\" data-align=\"center\">SG<\/td><td class=\"has-text-align-center\" data-align=\"center\">7.48<\/td><td class=\"has-text-align-center\" data-align=\"center\">31.50<\/td><td class=\"has-text-align-center\" data-align=\"center\">29.92<\/td><td class=\"has-text-align-center\" data-align=\"center\">10.63<\/td><td>29.92<\/td><\/tr><\/tbody><\/table><\/figure>","protected":false},"excerpt":{"rendered":"<p>Del\u00e9itate con la elegancia de nuestros <strong>conjunto de sujetador y braguita bordados<\/strong>, con una falda de malla rosa con flores bellamente bordadas sobre una malla transparente, que personifica la lencer\u00eda de lujo.<\/p>","protected":false},"featured_media":48783,"template":"","meta":[],"product_brand":[],"product_cat":[378,379,367],"product_tag":[507,448,454,446],"class_list":{"0":"post-48791","1":"product","2":"type-product","3":"status-publish","4":"has-post-thumbnail","6":"product_cat-wholesale-garter-straps","7":"product_cat-wholesale-harness-bodysuit","8":"product_cat-sexy-lingerie","9":"product_tag-three-pcs-set","10":"product_tag-wholesale-elegant-sexy-lingerie","11":"product_tag-wholesale-sexy-embroidered-lingerie","12":"product_tag-wholesale-sexy-see-through-lingerie","13":"pa_color-pink-women-sexy-lingerie","14":"pa_size-wholesale-large-size-women-sexy-lingerie","15":"pa_size-wholesale-medium-size-women-sexy-lingerie","16":"pa_size-wholesale-small-size-sexy-lingerie","17":"pa_size-wholesale-extra-large-sexy-lingerie","19":"first","20":"instock","21":"taxable","22":"shipping-taxable","23":"purchasable","24":"product-type-variable"},"tiered_pricing_type":"fixed","tiered_pricing_fixed_rules":[],"tiered_pricing_product_settings":{"layout":"table","base_unit_name":{"singular":null,"plural":null},"default_variation":null},"tiered_pricing_minimum_quantity":null,"tiered_pricing_roles_data":[],"tiered_pricing_percentage_rules":[],"tiered_pricing_maximum_quantity":null,"tiered_pricing_quantity_step":null,"_links":{"self":[{"href":"https:\/\/gretasexylingerie.com\/es\/wp-json\/wp\/v2\/product\/48791","targetHints":{"allow":["GET"]}}],"collection":[{"href":"https:\/\/gretasexylingerie.com\/es\/wp-json\/wp\/v2\/product"}],"about":[{"href":"https:\/\/gretasexylingerie.com\/es\/wp-json\/wp\/v2\/types\/product"}],"wp:featuredmedia":[{"embeddable":true,"href":"https:\/\/gretasexylingerie.com\/es\/wp-json\/wp\/v2\/media\/48783"}],"wp:attachment":[{"href":"https:\/\/gretasexylingerie.com\/es\/wp-json\/wp\/v2\/media?parent=48791"}],"wp:term":[{"taxonomy":"product_brand","embeddable":true,"href":"https:\/\/gretasexylingerie.com\/es\/wp-json\/wp\/v2\/product_brand?post=48791"},{"taxonomy":"product_cat","embeddable":true,"href":"https:\/\/gretasexylingerie.com\/es\/wp-json\/wp\/v2\/product_cat?post=48791"},{"taxonomy":"product_tag","embeddable":true,"href":"https:\/\/gretasexylingerie.com\/es\/wp-json\/wp\/v2\/product_tag?post=48791"}],"curies":[{"name":"Gracias","href":"https:\/\/api.w.org\/{rel}","templated":true}]}}