{"id":48635,"date":"2024-01-26T10:55:57","date_gmt":"2024-01-26T02:55:57","guid":{"rendered":"https:\/\/gretasexylingerie.com\/?post_type=product&#038;p=48635"},"modified":"2024-02-20T11:51:38","modified_gmt":"2024-02-20T03:51:38","slug":"al-por-mayor-conjunto-de-ropa-interior-de-san-valentin","status":"publish","type":"product","link":"https:\/\/gretasexylingerie.com\/es\/products\/wholesale-valentines-underwear-set\/","title":{"rendered":"Conjunto De Ropa Interior De San Valent\u00edn Al Por Mayor Con Dise\u00f1o De Labios Rojos"},"content":{"rendered":"<p><strong>Bordes rojos y red transparente.<\/strong>: Este conjunto de sujetador y braguitas est\u00e1 dise\u00f1ado con llamativos bordes rojos, que complementan la tela de red transparente. Esta combinaci\u00f3n crea una apariencia visualmente impresionante y seductora, perfecta para quienes buscan <strong>conjuntos de lencer\u00eda sexy para mujer<\/strong> que hacen una declaraci\u00f3n audaz.<\/p>\n\n\n\n<p><strong>Cofre decorado con labios rojos<\/strong>: La decoraci\u00f3n juguetona pero sensual de labios rojos en el pecho a\u00f1ade un toque \u00fanico y rom\u00e1ntico al conjunto. Este detalle no s\u00f3lo realza el atractivo est\u00e9tico sino que tambi\u00e9n encarna el esp\u00edritu de San Valent\u00edn, lo que lo convierte en una opci\u00f3n ideal para ocasiones especiales.<\/p>\n\n\n\n<p><strong>Cintur\u00f3n decorado con cadenas de metal.<\/strong>: La inclusi\u00f3n de un cintur\u00f3n decorado con cadenas de metal a\u00f1ade un toque vanguardista y moderno. Esta caracter\u00edstica contrasta con los elementos suaves y rom\u00e1nticos del conjunto, atrayendo a una amplia gama de gustos en <strong>Conjuntos rom\u00e1nticos de bragas y sujetador.<\/strong>.<\/p>\n\n\n\n<p><strong>Perfecto para el d\u00eda de San Valent\u00edn y m\u00e1s all\u00e1<\/strong>: Si bien es ideal para el D\u00eda de San Valent\u00edn, el atractivo atemporal de este conjunto lo hace adecuado para cualquier ocasi\u00f3n rom\u00e1ntica y ofrece versatilidad a su colecci\u00f3n de lencer\u00eda.<\/p>\n\n\n\n<p><strong>Apelando a diversas preferencias<\/strong>: Este conjunto est\u00e1 dise\u00f1ado para satisfacer una variedad de preferencias, lo que lo convierte en una excelente adici\u00f3n a cualquier colecci\u00f3n que tenga como objetivo ofrecer algo especial y \u00fanico en el \u00e1mbito de la lencer\u00eda.<\/p>\n\n\n\n<p><strong>Empoderamiento y aumento de la confianza<\/strong>: El set no se trata s\u00f3lo de est\u00e9tica; est\u00e1 dise\u00f1ado para empoderar y aumentar la confianza de quien lo usa, lo que lo convierte en una adici\u00f3n reflexiva e impactante a cualquier oferta de lencer\u00eda.<\/p>\n\n\n\n<p>Invita a tus clientas a celebrar el amor y la pasi\u00f3n con nuestro conjunto de ropa interior de San Valent\u00edn. Su dise\u00f1o \u00fanico y su atenci\u00f3n al detalle lo convierten en imprescindible para cualquier colecci\u00f3n que busque ofrecer una combinaci\u00f3n de romance, seducci\u00f3n y estilo. \u00a1Ordene ahora y agregue un toque de encanto divertido pero elegante a sus ofertas!<\/p>\n\n\n\n<figure class=\"wp-block-table\"><table><tbody><tr><td class=\"has-text-align-center\" data-align=\"center\" colspan=\"6\"><strong>Tabla de tallas (CM)<\/strong><\/td><\/tr><tr><td class=\"has-text-align-center\" data-align=\"center\"><strong>Tama\u00f1o<\/strong><\/td><td class=\"has-text-align-center\" data-align=\"center\"><strong>Longitud (cm)<\/strong><\/td><td class=\"has-text-align-center\" data-align=\"center\"><strong>Bajo busto (cm)<\/strong><\/td><td class=\"has-text-align-center\" data-align=\"center\"><strong>Bragas cintura (cm)<\/strong><\/td><td class=\"has-text-align-center\" data-align=\"center\"><strong>Cintura (cm)<\/strong><\/td><td class=\"has-text-align-center\" data-align=\"center\"><strong>Longitud de las bragas (cm)<\/strong><\/td><\/tr><tr><td class=\"has-text-align-center\" data-align=\"center\">S<\/td><td class=\"has-text-align-center\" data-align=\"center\">11<\/td><td class=\"has-text-align-center\" data-align=\"center\">62-84<\/td><td class=\"has-text-align-center\" data-align=\"center\">62-94<\/td><td class=\"has-text-align-center\" data-align=\"center\">62<\/td><td class=\"has-text-align-center\" data-align=\"center\">22<\/td><\/tr><tr><td class=\"has-text-align-center\" data-align=\"center\">METRO<\/td><td class=\"has-text-align-center\" data-align=\"center\">12<\/td><td class=\"has-text-align-center\" data-align=\"center\">66-88<\/td><td class=\"has-text-align-center\" data-align=\"center\">66-98<\/td><td class=\"has-text-align-center\" data-align=\"center\">66<\/td><td class=\"has-text-align-center\" data-align=\"center\">23<\/td><\/tr><tr><td class=\"has-text-align-center\" data-align=\"center\">L<\/td><td class=\"has-text-align-center\" data-align=\"center\">13<\/td><td class=\"has-text-align-center\" data-align=\"center\">70-92<\/td><td class=\"has-text-align-center\" data-align=\"center\">70-102<\/td><td class=\"has-text-align-center\" data-align=\"center\">70<\/td><td class=\"has-text-align-center\" data-align=\"center\">24<\/td><\/tr><tr><td class=\"has-text-align-center\" data-align=\"center\" colspan=\"6\"><strong>Tabla de tallas (pulgadas)<\/strong><\/td><\/tr><tr><td class=\"has-text-align-center\" data-align=\"center\"><strong>Tama\u00f1o<\/strong><\/td><td class=\"has-text-align-center\" data-align=\"center\"><strong>Longitud (pulg.)<\/strong><\/td><td class=\"has-text-align-center\" data-align=\"center\"><strong>Debajo del busto (pulg.)<\/strong><\/td><td class=\"has-text-align-center\" data-align=\"center\"><strong>Bragas Cintura (pulg)<\/strong><\/td><td class=\"has-text-align-center\" data-align=\"center\"><strong>Cintura (pulg.)<\/strong><\/td><td class=\"has-text-align-center\" data-align=\"center\"><strong>Longitud de las bragas (pulg.)<\/strong><\/td><\/tr><tr><td class=\"has-text-align-center\" data-align=\"center\">S<\/td><td class=\"has-text-align-center\" data-align=\"center\">4.33<\/td><td class=\"has-text-align-center\" data-align=\"center\">24.41-33.07<\/td><td class=\"has-text-align-center\" data-align=\"center\">24.41-37.01<\/td><td class=\"has-text-align-center\" data-align=\"center\">24.41<\/td><td class=\"has-text-align-center\" data-align=\"center\">8.66<\/td><\/tr><tr><td class=\"has-text-align-center\" data-align=\"center\">METRO<\/td><td class=\"has-text-align-center\" data-align=\"center\">4.72<\/td><td class=\"has-text-align-center\" data-align=\"center\">26.00-34.65<\/td><td class=\"has-text-align-center\" data-align=\"center\">25.98-38.58<\/td><td class=\"has-text-align-center\" data-align=\"center\">25.98<\/td><td class=\"has-text-align-center\" data-align=\"center\">9.06<\/td><\/tr><tr><td class=\"has-text-align-center\" data-align=\"center\">L<\/td><td class=\"has-text-align-center\" data-align=\"center\">5.12<\/td><td class=\"has-text-align-center\" data-align=\"center\">27.56-36.22<\/td><td class=\"has-text-align-center\" data-align=\"center\">27.56-40.16<\/td><td class=\"has-text-align-center\" data-align=\"center\">27.56<\/td><td class=\"has-text-align-center\" data-align=\"center\">9.45<\/td><\/tr><\/tbody><\/table><\/figure>","protected":false},"excerpt":{"rendered":"<p>Enciende la pasi\u00f3n con nuestro <strong>conjunto de ropa interior de san valent\u00edn<\/strong>, con bordes rojos y red transparente. Adornado con labios rojos en el pecho y un cintur\u00f3n de cadena de metal, este conjunto es el ep\u00edtome del encanto rom\u00e1ntico.<\/p>","protected":false},"featured_media":48634,"template":"","meta":[],"product_brand":[],"product_cat":[378,367,375],"product_tag":[507,452,524,446,864,972],"class_list":{"0":"post-48635","1":"product","2":"type-product","3":"status-publish","4":"has-post-thumbnail","6":"product_cat-wholesale-garter-straps","7":"product_cat-sexy-lingerie","8":"product_cat-whoelsale-sheer-bra-and-panty-sets","9":"product_tag-three-pcs-set","10":"product_tag-wholesale-boudoir-lingerie","11":"product_tag-metal-lingerie","12":"product_tag-wholesale-sexy-see-through-lingerie","13":"product_tag-sexy-petite-lingerie","14":"product_tag-valentines-day-lingerie","15":"pa_color-red-women-sexy-lingerie","16":"pa_size-wholesale-large-size-women-sexy-lingerie","17":"pa_size-wholesale-medium-size-women-sexy-lingerie","18":"pa_size-wholesale-small-size-sexy-lingerie","20":"first","21":"instock","22":"taxable","23":"shipping-taxable","24":"purchasable","25":"product-type-variable"},"tiered_pricing_type":"fixed","tiered_pricing_fixed_rules":[],"tiered_pricing_product_settings":{"layout":"table","base_unit_name":{"singular":null,"plural":null},"default_variation":null},"tiered_pricing_minimum_quantity":null,"tiered_pricing_roles_data":[],"tiered_pricing_percentage_rules":[],"tiered_pricing_maximum_quantity":null,"tiered_pricing_quantity_step":null,"_links":{"self":[{"href":"https:\/\/gretasexylingerie.com\/es\/wp-json\/wp\/v2\/product\/48635","targetHints":{"allow":["GET"]}}],"collection":[{"href":"https:\/\/gretasexylingerie.com\/es\/wp-json\/wp\/v2\/product"}],"about":[{"href":"https:\/\/gretasexylingerie.com\/es\/wp-json\/wp\/v2\/types\/product"}],"wp:featuredmedia":[{"embeddable":true,"href":"https:\/\/gretasexylingerie.com\/es\/wp-json\/wp\/v2\/media\/48634"}],"wp:attachment":[{"href":"https:\/\/gretasexylingerie.com\/es\/wp-json\/wp\/v2\/media?parent=48635"}],"wp:term":[{"taxonomy":"product_brand","embeddable":true,"href":"https:\/\/gretasexylingerie.com\/es\/wp-json\/wp\/v2\/product_brand?post=48635"},{"taxonomy":"product_cat","embeddable":true,"href":"https:\/\/gretasexylingerie.com\/es\/wp-json\/wp\/v2\/product_cat?post=48635"},{"taxonomy":"product_tag","embeddable":true,"href":"https:\/\/gretasexylingerie.com\/es\/wp-json\/wp\/v2\/product_tag?post=48635"}],"curies":[{"name":"Gracias","href":"https:\/\/api.w.org\/{rel}","templated":true}]}}