{"id":48587,"date":"2024-01-26T10:49:54","date_gmt":"2024-01-26T02:49:54","guid":{"rendered":"https:\/\/gretasexylingerie.com\/?post_type=product&#038;p=48587"},"modified":"2024-02-20T11:56:59","modified_gmt":"2024-02-20T03:56:59","slug":"al-por-mayor-mono-con-cuello-en-v-profundo","status":"publish","type":"product","link":"https:\/\/gretasexylingerie.com\/es\/products\/wholesale-deep-v-neck-bodysuit\/","title":{"rendered":"Body con cuello en V profundo y espalda redonda en malla roja al por mayor"},"content":{"rendered":"<p><strong>Tela de malla roja<\/strong>: Este body est\u00e1 confeccionado con una malla roja vibrante y ofrece un atractivo audaz y seductor. El tejido de malla no s\u00f3lo a\u00f1ade un toque de sensualidad sino que tambi\u00e9n garantiza comodidad, lo que lo convierte en una opci\u00f3n perfecta para quienes buscan un equilibrio entre estilo y portabilidad en su <strong>cuerpo sin tirantes<\/strong> trozos escogidos.<\/p>\n\n\n\n<p><strong>Dise\u00f1o de correa negra.<\/strong>: El dise\u00f1o de la correa negra en contraste agrega un aspecto moderno y vanguardista al body. Este detalle no s\u00f3lo mejora el atractivo est\u00e9tico sino que tambi\u00e9n proporciona soporte estructural, haciendo que el body sea moderno y funcional.<\/p>\n\n\n\n<p><strong>Escote en V profundo<\/strong>: El profundo escote en V es una caracter\u00edstica clave de este body, que ofrece un look atrevido y atractivo. Es perfecto para clientes que desean hacer una declaraci\u00f3n de moda audaz manteniendo la elegancia y la sofisticaci\u00f3n.<\/p>\n\n\n\n<p><strong>Espalda abierta y cuello halter.<\/strong>: El dise\u00f1o de espalda abierta, combinado con el cuello halter, crea una impresionante apariencia de espalda redondeada. Esta caracter\u00edstica a\u00f1ade un elemento de sorpresa y atractivo al body, convirti\u00e9ndolo en una pieza destacada en cualquier <strong>body con espalda descubierta<\/strong> recopilaci\u00f3n.<\/p>\n\n\n\n<p><strong>Gama de tama\u00f1os vers\u00e1til<\/strong>: Disponible en varias tallas, este body est\u00e1 dise\u00f1ado para adaptarse a una amplia gama de tipos de cuerpo, lo que garantiza un ajuste favorecedor para una amplia base de clientes.<\/p>\n\n\n\n<p><strong>Perfecto para varias ocasiones<\/strong>: Ya sea para una salida nocturna especial, una velada rom\u00e1ntica o como una declaraci\u00f3n de moda audaz, este body con cuello en V profundo es lo suficientemente vers\u00e1til como para adaptarse a varias ocasiones, lo que lo convierte en una valiosa adici\u00f3n a cualquier colecci\u00f3n de lencer\u00eda o moda.<\/p>\n\n\n\n<p>Invita a tus clientes a abrazar lo atrevido y hermoso con nuestro body de malla roja con cuello en V profundo. Su dise\u00f1o \u00fanico y su atenci\u00f3n al detalle lo convierten en un imprescindible para tu colecci\u00f3n. \u00a1Haz tu pedido ahora y ofrece a tus clientes un toque de seducci\u00f3n, estilo y sofisticaci\u00f3n!<\/p>","protected":false},"excerpt":{"rendered":"<p>Sum\u00e9rgete en el encanto de nuestra <strong>body con cuello en V profundo<\/strong>, una cautivadora creaci\u00f3n de tela de malla roja con un elegante dise\u00f1o de correa negra, espalda abierta y cuello halter.<\/p>","protected":false},"featured_media":48582,"template":"","meta":[],"product_brand":[],"product_cat":[370,367,373],"product_tag":[528,864,865,447],"class_list":{"0":"post-48587","1":"product","2":"type-product","3":"status-publish","4":"has-post-thumbnail","6":"product_cat-bodysuit","7":"product_cat-sexy-lingerie","8":"product_cat-wholesale-sexy-mesh-bodysuit","9":"product_tag-halter-lingerie","10":"product_tag-sexy-petite-lingerie","11":"product_tag-sexy-skimpy-lingerie","12":"product_tag-wholesale-strappy-sexy-lingerie","13":"pa_color-red-women-sexy-lingerie","14":"pa_size-wholesale-large-size-women-sexy-lingerie","15":"pa_size-wholesale-medium-size-women-sexy-lingerie","16":"pa_size-wholesale-small-size-sexy-lingerie","18":"first","19":"instock","20":"taxable","21":"shipping-taxable","22":"purchasable","23":"product-type-variable"},"tiered_pricing_type":"fixed","tiered_pricing_fixed_rules":[],"tiered_pricing_product_settings":{"layout":"table","base_unit_name":{"singular":null,"plural":null},"default_variation":null},"tiered_pricing_minimum_quantity":null,"tiered_pricing_roles_data":[],"tiered_pricing_percentage_rules":[],"tiered_pricing_maximum_quantity":null,"tiered_pricing_quantity_step":null,"_links":{"self":[{"href":"https:\/\/gretasexylingerie.com\/es\/wp-json\/wp\/v2\/product\/48587","targetHints":{"allow":["GET"]}}],"collection":[{"href":"https:\/\/gretasexylingerie.com\/es\/wp-json\/wp\/v2\/product"}],"about":[{"href":"https:\/\/gretasexylingerie.com\/es\/wp-json\/wp\/v2\/types\/product"}],"wp:featuredmedia":[{"embeddable":true,"href":"https:\/\/gretasexylingerie.com\/es\/wp-json\/wp\/v2\/media\/48582"}],"wp:attachment":[{"href":"https:\/\/gretasexylingerie.com\/es\/wp-json\/wp\/v2\/media?parent=48587"}],"wp:term":[{"taxonomy":"product_brand","embeddable":true,"href":"https:\/\/gretasexylingerie.com\/es\/wp-json\/wp\/v2\/product_brand?post=48587"},{"taxonomy":"product_cat","embeddable":true,"href":"https:\/\/gretasexylingerie.com\/es\/wp-json\/wp\/v2\/product_cat?post=48587"},{"taxonomy":"product_tag","embeddable":true,"href":"https:\/\/gretasexylingerie.com\/es\/wp-json\/wp\/v2\/product_tag?post=48587"}],"curies":[{"name":"Gracias","href":"https:\/\/api.w.org\/{rel}","templated":true}]}}