{"id":48489,"date":"2024-01-24T19:30:41","date_gmt":"2024-01-24T11:30:41","guid":{"rendered":"https:\/\/gretasexylingerie.com\/?post_type=product&#038;p=48489"},"modified":"2024-02-20T12:02:42","modified_gmt":"2024-02-20T04:02:42","slug":"al-por-mayor-traje-de-arnes-de-jaula","status":"publish","type":"product","link":"https:\/\/gretasexylingerie.com\/es\/products\/wholesale-cage-harness-bodysuit\/","title":{"rendered":"Body Arn\u00e9s Jaula Al Por Mayor Con Tirantes Integrados"},"content":{"rendered":"<p><strong>Tirantes y perneras integrados<\/strong>: El dise\u00f1o de este body incluye tirantes y perneras integrados, lo que crea una llamativa apariencia de jaula. Esta caracter\u00edstica no s\u00f3lo a\u00f1ade una est\u00e9tica vanguardista sino que tambi\u00e9n proporciona una apariencia \u00fanica y cautivadora, perfecta para quienes buscan destacar. <strong>arn\u00e9s de lencer\u00eda sexy<\/strong>.<\/p>\n\n\n\n<p><strong>Arn\u00e9s ajustable<\/strong>: El arn\u00e9s ajustable garantiza un ajuste perfecto y ofrece comodidad y estilo. Esta personalizaci\u00f3n es ideal para una amplia gama de tipos de cuerpo, lo que hace que el mono sea un complemento vers\u00e1til para cualquier <strong>ropa interior del arn\u00e9s del cuerpo<\/strong> recopilaci\u00f3n.<\/p>\n\n\n\n<p><strong>Dise\u00f1o de sujeci\u00f3n corporal<\/strong>: Este body, que abarca la esencia de la lencer\u00eda de sujeci\u00f3n corporal, est\u00e1 dise\u00f1ado para quienes se atreven a explorar los l\u00edmites de la moda y la sensualidad. Es perfecto para crear una declaraci\u00f3n audaz y superar los l\u00edmites del dise\u00f1o de lencer\u00eda tradicional.<\/p>\n\n\n\n<p><strong>Vanguardista y vanguardista<\/strong>: Este body no es s\u00f3lo lencer\u00eda; es una declaraci\u00f3n de moda. Su dise\u00f1o de arn\u00e9s de jaula es a la vez vanguardista y vanguardista, y atrae a los creadores de tendencias y entusiastas del estilo.<\/p>\n\n\n\n<p><strong>Vers\u00e1til y empoderante<\/strong>: Ideal para diversas ocasiones, desde entornos \u00edntimos hasta eventos de moda, este body permite a quienes lo usan expresar su estilo y confianza \u00fanicos.<\/p>\n\n\n\n<p><strong>Perfecto para colecciones diversas<\/strong>: Ya sea para una boutique o una tienda minorista m\u00e1s grande, este body es una excelente opci\u00f3n. Atrae a clientes que buscan lencer\u00eda innovadora, atrevida y de alta calidad.<\/p>\n\n\n\n<p>Invita a tus clientes a abrazar su lado atrevido con nuestro body con arn\u00e9s tipo jaula. Su dise\u00f1o \u00fanico y su atenci\u00f3n al detalle lo convierten en imprescindible para cualquier colecci\u00f3n que busque ofrecer una combinaci\u00f3n de vanguardismo y estilo. \u00a1Ordene ahora y agregue un toque de elegancia atrevida a sus ofertas!<\/p>","protected":false},"excerpt":{"rendered":"<p>Explora el audaz mundo de nuestro <strong>arn\u00e9s de jaula lencer\u00eda<\/strong>, un vanguardista body con tirantes integrados y perneras con arn\u00e9s ajustable, que redefine la lencer\u00eda de sujeci\u00f3n corporal.<\/p>","protected":false},"featured_media":48488,"template":"","meta":[],"product_brand":[],"product_cat":[380,377,367],"product_tag":[451,449,866,504],"class_list":{"0":"post-48489","1":"product","2":"type-product","3":"status-publish","4":"has-post-thumbnail","6":"product_cat-wholesale-harness-bra-and-panty-set","7":"product_cat-harness-lingerie","8":"product_cat-sexy-lingerie","9":"product_tag-wholesale-revealing-lingerie","10":"product_tag-wholesale-sexy-crotchless-lingerie","11":"product_tag-sexy-romper-lingerie","12":"product_tag-ultra-sexy","13":"pa_color-black","14":"pa_size-free","16":"first","17":"instock","18":"taxable","19":"shipping-taxable","20":"purchasable","21":"product-type-variable"},"tiered_pricing_type":"fixed","tiered_pricing_fixed_rules":[],"tiered_pricing_product_settings":{"layout":"table","base_unit_name":{"singular":null,"plural":null},"default_variation":null},"tiered_pricing_minimum_quantity":null,"tiered_pricing_roles_data":[],"tiered_pricing_percentage_rules":[],"tiered_pricing_maximum_quantity":null,"tiered_pricing_quantity_step":null,"_links":{"self":[{"href":"https:\/\/gretasexylingerie.com\/es\/wp-json\/wp\/v2\/product\/48489","targetHints":{"allow":["GET"]}}],"collection":[{"href":"https:\/\/gretasexylingerie.com\/es\/wp-json\/wp\/v2\/product"}],"about":[{"href":"https:\/\/gretasexylingerie.com\/es\/wp-json\/wp\/v2\/types\/product"}],"wp:featuredmedia":[{"embeddable":true,"href":"https:\/\/gretasexylingerie.com\/es\/wp-json\/wp\/v2\/media\/48488"}],"wp:attachment":[{"href":"https:\/\/gretasexylingerie.com\/es\/wp-json\/wp\/v2\/media?parent=48489"}],"wp:term":[{"taxonomy":"product_brand","embeddable":true,"href":"https:\/\/gretasexylingerie.com\/es\/wp-json\/wp\/v2\/product_brand?post=48489"},{"taxonomy":"product_cat","embeddable":true,"href":"https:\/\/gretasexylingerie.com\/es\/wp-json\/wp\/v2\/product_cat?post=48489"},{"taxonomy":"product_tag","embeddable":true,"href":"https:\/\/gretasexylingerie.com\/es\/wp-json\/wp\/v2\/product_tag?post=48489"}],"curies":[{"name":"Gracias","href":"https:\/\/api.w.org\/{rel}","templated":true}]}}