{"id":48480,"date":"2024-01-24T19:29:04","date_gmt":"2024-01-24T11:29:04","guid":{"rendered":"https:\/\/gretasexylingerie.com\/?post_type=product&#038;p=48480"},"modified":"2024-02-20T12:05:48","modified_gmt":"2024-02-20T04:05:48","slug":"al-por-mayor-conjunto-de-sujetador-de-arnes-de-cadena","status":"publish","type":"product","link":"https:\/\/gretasexylingerie.com\/es\/products\/wholesale-chain-harness-bra-set\/","title":{"rendered":"Conjunto de sujetador con arn\u00e9s de cadena al por mayor con dise\u00f1o de tiras"},"content":{"rendered":"<p><strong>Dise\u00f1o de recorte sexy.<\/strong>: El atractivo dise\u00f1o recortado del conjunto ofrece una apariencia atrevida y provocativa, perfecta para aquellos que desean hacer una declaraci\u00f3n de moda audaz. Esta caracter\u00edstica a\u00f1ade un nivel de intriga y atractivo, haciendo del conjunto una pieza destacada en cualquier <strong>arn\u00e9s de lencer\u00eda con tiras<\/strong> recopilaci\u00f3n.<\/p>\n\n\n\n<p><strong>Caracter\u00edstica del sujetador de cadena.<\/strong>: El elemento de sujetador de cadena de este conjunto aporta un toque vanguardista y moderno. Este detalle contempor\u00e1neo no s\u00f3lo mejora el atractivo est\u00e9tico sino que tambi\u00e9n proporciona un estilo \u00fanico que est\u00e1 de moda y es muy buscado en el mercado de la lencer\u00eda.<\/p>\n\n\n\n<p><strong>Dise\u00f1o de cuello halter.<\/strong>: El dise\u00f1o de cuello halter a\u00f1ade un toque cl\u00e1sico a la silueta moderna, proporcionando una combinaci\u00f3n \u00fanica de estilo y elegancia. Esta caracter\u00edstica tambi\u00e9n ofrece soporte y un ajuste favorecedor, lo que hace que el conjunto sea elegante y c\u00f3modo.<\/p>\n\n\n\n<p><strong>Conjunto de sujetador y liga<\/strong>: Este conjunto incluye un sujetador y una liga, lo que ofrece una apariencia coordinada y completa que es a la vez lujosa y atractiva. Es perfecto para clientes que buscan una soluci\u00f3n integral de lencer\u00eda.<\/p>\n\n\n\n<p><strong>Opciones de colores vibrantes<\/strong>: Disponible en azul, negro y rojo, este juego satisface varios gustos y preferencias. Cada color a\u00f1ade su propio car\u00e1cter al dise\u00f1o, desde una elegancia fresca hasta una pasi\u00f3n audaz.<\/p>\n\n\n\n<p><strong>Perfecto para diversas ocasiones<\/strong>: Ya sea para una salida nocturna especial, una declaraci\u00f3n de moda o como una adici\u00f3n \u00fanica a una colecci\u00f3n de lencer\u00eda, este conjunto de sujetador con arn\u00e9s de cadena es lo suficientemente vers\u00e1til como para adaptarse a varias ocasiones, lo que lo convierte en una valiosa adici\u00f3n a cualquier boutique o tienda.<\/p>\n\n\n\n<p>Invita a tus clientas a abrazar su lado atrevido con nuestro conjunto de sujetador con arn\u00e9s de cadena. Su dise\u00f1o \u00fanico y su atenci\u00f3n al detalle lo convierten en imprescindible para cualquier colecci\u00f3n que busque ofrecer una combinaci\u00f3n de estilo atrevido y elegancia vanguardista. \u00a1Ordene ahora y agregue un toque de audacia sofisticada a sus ofertas!<\/p>","protected":false},"excerpt":{"rendered":"<p>Sum\u00e9rgete en el mundo de la moda atrevida con nuestro <strong>sujetador con arn\u00e9s de cadena<\/strong> conjunto, que presenta un corte sexy y un dise\u00f1o de cuello halter. Disponible en azul, negro y rojo, este conjunto de sujetador y liguero es una fusi\u00f3n de estilo vanguardista y sensualidad.<\/p>","protected":false},"featured_media":48475,"template":"","meta":[],"product_brand":[],"product_cat":[379,377,367],"product_tag":[532,880,447],"class_list":{"0":"post-48480","1":"product","2":"type-product","3":"status-publish","4":"has-post-thumbnail","6":"product_cat-wholesale-harness-bodysuit","7":"product_cat-harness-lingerie","8":"product_cat-sexy-lingerie","9":"product_tag-lingerie-suspender-set","10":"product_tag-sexy-2-piece-lingerie","11":"product_tag-wholesale-strappy-sexy-lingerie","12":"pa_color-black","13":"pa_color-blue-women-sexy-lingerie","14":"pa_color-red-women-sexy-lingerie","15":"pa_size-free","17":"first","18":"instock","19":"taxable","20":"shipping-taxable","21":"purchasable","22":"product-type-variable"},"tiered_pricing_type":"fixed","tiered_pricing_fixed_rules":[],"tiered_pricing_product_settings":{"layout":"table","base_unit_name":{"singular":null,"plural":null},"default_variation":null},"tiered_pricing_minimum_quantity":null,"tiered_pricing_roles_data":[],"tiered_pricing_percentage_rules":[],"tiered_pricing_maximum_quantity":null,"tiered_pricing_quantity_step":null,"_links":{"self":[{"href":"https:\/\/gretasexylingerie.com\/es\/wp-json\/wp\/v2\/product\/48480","targetHints":{"allow":["GET"]}}],"collection":[{"href":"https:\/\/gretasexylingerie.com\/es\/wp-json\/wp\/v2\/product"}],"about":[{"href":"https:\/\/gretasexylingerie.com\/es\/wp-json\/wp\/v2\/types\/product"}],"wp:featuredmedia":[{"embeddable":true,"href":"https:\/\/gretasexylingerie.com\/es\/wp-json\/wp\/v2\/media\/48475"}],"wp:attachment":[{"href":"https:\/\/gretasexylingerie.com\/es\/wp-json\/wp\/v2\/media?parent=48480"}],"wp:term":[{"taxonomy":"product_brand","embeddable":true,"href":"https:\/\/gretasexylingerie.com\/es\/wp-json\/wp\/v2\/product_brand?post=48480"},{"taxonomy":"product_cat","embeddable":true,"href":"https:\/\/gretasexylingerie.com\/es\/wp-json\/wp\/v2\/product_cat?post=48480"},{"taxonomy":"product_tag","embeddable":true,"href":"https:\/\/gretasexylingerie.com\/es\/wp-json\/wp\/v2\/product_tag?post=48480"}],"curies":[{"name":"Gracias","href":"https:\/\/api.w.org\/{rel}","templated":true}]}}