{"id":48467,"date":"2024-01-24T19:26:21","date_gmt":"2024-01-24T11:26:21","guid":{"rendered":"https:\/\/gretasexylingerie.com\/?post_type=product&#038;p=48467"},"modified":"2024-02-20T12:08:13","modified_gmt":"2024-02-20T04:08:13","slug":"al-por-mayor-conjunto-de-sujetador-de-arnes","status":"publish","type":"product","link":"https:\/\/gretasexylingerie.com\/es\/products\/wholesale-harness-bra-set\/","title":{"rendered":"Venta al por mayor Conjunto de sujetador con arn\u00e9s y gargantilla en colores llamativos"},"content":{"rendered":"<p><strong>Dise\u00f1o hueco atractivo<\/strong>: El dise\u00f1o hueco de este conjunto de sujetador ofrece una apariencia atrevida y seductora, perfecta para quienes desean hacer una declaraci\u00f3n. El dise\u00f1o es a la vez provocativo y elegante, lo que lo convierte en una pieza destacada en cualquier <strong>arn\u00e9s sujetador lencer\u00eda<\/strong> recopilaci\u00f3n.<\/p>\n\n\n\n<p><strong>Correas del arn\u00e9s<\/strong>: Las correas del arn\u00e9s a\u00f1aden un toque vanguardista y moderno al conjunto. Este detalle contempor\u00e1neo no s\u00f3lo mejora el atractivo est\u00e9tico sino que tambi\u00e9n proporciona un estilo \u00fanico que est\u00e1 de moda y es muy buscado en el mercado de la lencer\u00eda.<\/p>\n\n\n\n<p><strong>Decoraci\u00f3n de cadena<\/strong>: Cada juego presenta una elegante decoraci\u00f3n de cadena que agrega un toque de sofisticaci\u00f3n y lujo. Las cadenas est\u00e1n cuidadosamente colocadas para complementar el dise\u00f1o del arn\u00e9s, creando una apariencia armoniosa y llamativa.<\/p>\n\n\n\n<p><strong>Apertura con decoraci\u00f3n de lazo<\/strong>: Las aberturas estrat\u00e9gicas del conjunto est\u00e1n adornadas con delicados lazos, a\u00f1adiendo un elemento divertido pero elegante. Este detalle logra el equilibrio perfecto entre audacia y feminidad.<\/p>\n\n\n\n<p><strong>Opciones de colores vibrantes<\/strong>: Disponible en negro, rosa, rojo, lima y ladrillo refractario, este juego satisface varios gustos y preferencias. Cada color a\u00f1ade su propio car\u00e1cter al dise\u00f1o, desde la elegancia cl\u00e1sica hasta lo atrevido y vibrante.<\/p>\n\n\n\n<p><strong>Perfecto para diversas ocasiones<\/strong>: Ya sea para una noche especial, una declaraci\u00f3n de moda o como una adici\u00f3n \u00fanica a una colecci\u00f3n de lencer\u00eda, este conjunto de sujetador con arn\u00e9s es lo suficientemente vers\u00e1til como para adaptarse a varias ocasiones, lo que lo convierte en una valiosa adici\u00f3n a cualquier boutique o tienda.<\/p>\n\n\n\n<p>Invita a tus clientas a abrazar su lado atrevido con nuestro conjunto de sujetador con arn\u00e9s. Su dise\u00f1o \u00fanico y su atenci\u00f3n al detalle lo convierten en imprescindible para cualquier colecci\u00f3n que busque ofrecer una combinaci\u00f3n de estilo atrevido y elegancia divertida. \u00a1Ordene ahora y agregue un toque de sofisticaci\u00f3n vanguardista a sus ofertas!<\/p>","protected":false},"excerpt":{"rendered":"<p>Explora el lado atrevido de la lencer\u00eda con nuestro <strong>conjunto de sujetador con arn\u00e9s<\/strong>, con dise\u00f1os huecos sexys, correas de arn\u00e9s y adornos de cadena. Disponible en negro, rosa, rojo, lima y ladrillo refractario, cada juego est\u00e1 adornado con un lazo para darle un toque de atractivo adicional.<\/p>","protected":false},"featured_media":48466,"template":"","meta":[],"product_brand":[],"product_cat":[379,377,367],"product_tag":[532,880,449,533],"class_list":{"0":"post-48467","1":"product","2":"type-product","3":"status-publish","4":"has-post-thumbnail","6":"product_cat-wholesale-harness-bodysuit","7":"product_cat-harness-lingerie","8":"product_cat-sexy-lingerie","9":"product_tag-lingerie-suspender-set","10":"product_tag-sexy-2-piece-lingerie","11":"product_tag-wholesale-sexy-crotchless-lingerie","12":"product_tag-sexy-cupless-lingerie","13":"pa_color-black","14":"pa_color-fire-brick-women-sexy-lingerie","15":"pa_color-lime-women-sexy-lingerie","16":"pa_color-pink-women-sexy-lingerie","17":"pa_color-red-women-sexy-lingerie","18":"pa_size-free","20":"first","21":"instock","22":"taxable","23":"shipping-taxable","24":"purchasable","25":"product-type-variable"},"tiered_pricing_type":"fixed","tiered_pricing_fixed_rules":[],"tiered_pricing_product_settings":{"layout":"table","base_unit_name":{"singular":null,"plural":null},"default_variation":null},"tiered_pricing_minimum_quantity":null,"tiered_pricing_roles_data":[],"tiered_pricing_percentage_rules":[],"tiered_pricing_maximum_quantity":null,"tiered_pricing_quantity_step":null,"_links":{"self":[{"href":"https:\/\/gretasexylingerie.com\/es\/wp-json\/wp\/v2\/product\/48467","targetHints":{"allow":["GET"]}}],"collection":[{"href":"https:\/\/gretasexylingerie.com\/es\/wp-json\/wp\/v2\/product"}],"about":[{"href":"https:\/\/gretasexylingerie.com\/es\/wp-json\/wp\/v2\/types\/product"}],"wp:featuredmedia":[{"embeddable":true,"href":"https:\/\/gretasexylingerie.com\/es\/wp-json\/wp\/v2\/media\/48466"}],"wp:attachment":[{"href":"https:\/\/gretasexylingerie.com\/es\/wp-json\/wp\/v2\/media?parent=48467"}],"wp:term":[{"taxonomy":"product_brand","embeddable":true,"href":"https:\/\/gretasexylingerie.com\/es\/wp-json\/wp\/v2\/product_brand?post=48467"},{"taxonomy":"product_cat","embeddable":true,"href":"https:\/\/gretasexylingerie.com\/es\/wp-json\/wp\/v2\/product_cat?post=48467"},{"taxonomy":"product_tag","embeddable":true,"href":"https:\/\/gretasexylingerie.com\/es\/wp-json\/wp\/v2\/product_tag?post=48467"}],"curies":[{"name":"Gracias","href":"https:\/\/api.w.org\/{rel}","templated":true}]}}