{"id":48341,"date":"2024-01-23T22:00:35","date_gmt":"2024-01-23T14:00:35","guid":{"rendered":"https:\/\/gretasexylingerie.com\/?post_type=product&#038;p=48341"},"modified":"2024-02-20T12:23:38","modified_gmt":"2024-02-20T04:23:38","slug":"al-por-mayor-conjunto-de-sujetador-y-braguita-de-cebra","status":"publish","type":"product","link":"https:\/\/gretasexylingerie.com\/es\/products\/wholesale-zebra-bra-and-panty-set\/","title":{"rendered":"Venta al por mayor Conjunto de sujetador y panty Zebra con accesorios a juego"},"content":{"rendered":"<p><strong>Llamativo patr\u00f3n de cebra<\/strong>: El atrevido patr\u00f3n de cebra en blanco y negro de este traje con sujetador ofrece una apariencia atrevida y ex\u00f3tica. Este llamativo dise\u00f1o es perfecto para aquellos que buscan agregar un toque salvaje a su <strong>conjuntos de sujetador a juego<\/strong> recopilaci\u00f3n.<\/p>\n\n\n\n<p><strong>Tela de malla transparente<\/strong>: Elaborado con malla transparente, este conjunto brinda una apariencia tentadora pero sofisticada, lo que lo convierte en una opci\u00f3n sofisticada para su <strong>conjunto de 3 sujetadores<\/strong> p\u00f3ngase en fila.<\/p>\n\n\n\n<p><strong>Conjunto completo de cinco piezas<\/strong>: Este conjunto completo incluye sujetador, braguita, liga, liguero y anillo para el cuello, lo que garantiza una apariencia armoniosa y completa para cualquier ocasi\u00f3n especial o colecci\u00f3n de lencer\u00eda de lujo.<\/p>\n\n\n\n<p><strong>Gama de tama\u00f1os vers\u00e1til<\/strong>: Disponible en tallas S, M y L, este conjunto se adapta a una amplia gama de tipos de cuerpo, garantizando un ajuste perfecto y comodidad para su clientela.<\/p>\n\n\n\n<p><strong>Perfecto para diversas ocasiones<\/strong>: Ya sea para una salida nocturna, un evento especial o como una declaraci\u00f3n de moda \u00fanica, este conjunto de sujetador con estampado de cebra es lo suficientemente vers\u00e1til como para adaptarse a varias ocasiones, lo que lo convierte en una valiosa adici\u00f3n a cualquier colecci\u00f3n de lencer\u00eda o moda.<\/p>\n\n\n\n<p>Abraza lo atrevido y hermoso con nuestro conjunto de sujetador con estampado de cebra, una combinaci\u00f3n perfecta de estilo, comodidad y estilo ex\u00f3tico. Su dise\u00f1o \u00fanico y su atenci\u00f3n al detalle lo convierten en un imprescindible para tu colecci\u00f3n. \u00a1Haz tu pedido ahora y ofrece a tus clientes un toque salvaje combinado con elegancia y comodidad!<\/p>\n\n\n\n<figure class=\"wp-block-table\"><table><tbody><tr><td class=\"has-text-align-center\" data-align=\"center\" colspan=\"6\"><strong>Tabla de tallas (CM)<\/strong><\/td><\/tr><tr><td class=\"has-text-align-center\" data-align=\"center\"><strong>Tama\u00f1o<\/strong><\/td><td class=\"has-text-align-center\" data-align=\"center\"><strong>Longitud (cm)<\/strong><\/td><td class=\"has-text-align-center\" data-align=\"center\"><strong>Bajo busto (cm)<\/strong><\/td><td class=\"has-text-align-center\" data-align=\"center\"><strong>Bragas cintura (cm)<\/strong><\/td><td class=\"has-text-align-center\" data-align=\"center\"><strong>Cintura (cm)<\/strong><\/td><td class=\"has-text-align-center\" data-align=\"center\"><strong>Longitud (cm)<\/strong><\/td><\/tr><tr><td class=\"has-text-align-center\" data-align=\"center\">S<\/td><td class=\"has-text-align-center\" data-align=\"center\">15<\/td><td class=\"has-text-align-center\" data-align=\"center\">65-86<\/td><td class=\"has-text-align-center\" data-align=\"center\">62-90<\/td><td class=\"has-text-align-center\" data-align=\"center\">62-86<\/td><td class=\"has-text-align-center\" data-align=\"center\">22<\/td><\/tr><tr><td class=\"has-text-align-center\" data-align=\"center\">METRO<\/td><td class=\"has-text-align-center\" data-align=\"center\">15.8<\/td><td class=\"has-text-align-center\" data-align=\"center\">69-90<\/td><td class=\"has-text-align-center\" data-align=\"center\">66-94<\/td><td class=\"has-text-align-center\" data-align=\"center\">66-90<\/td><td class=\"has-text-align-center\" data-align=\"center\">23<\/td><\/tr><tr><td class=\"has-text-align-center\" data-align=\"center\">L<\/td><td class=\"has-text-align-center\" data-align=\"center\">16.6<\/td><td class=\"has-text-align-center\" data-align=\"center\">73-94<\/td><td class=\"has-text-align-center\" data-align=\"center\">70-98<\/td><td class=\"has-text-align-center\" data-align=\"center\">70-94<\/td><td class=\"has-text-align-center\" data-align=\"center\">24<\/td><\/tr><tr><td class=\"has-text-align-center\" data-align=\"center\" colspan=\"6\"><strong>Tabla de tallas (pulgadas)<\/strong><\/td><\/tr><tr><td class=\"has-text-align-center\" data-align=\"center\"><strong>Tama\u00f1o<\/strong><\/td><td class=\"has-text-align-center\" data-align=\"center\"><strong>Longitud (pulg.)<\/strong><\/td><td class=\"has-text-align-center\" data-align=\"center\"><strong>Debajo del busto (pulg.)<\/strong><\/td><td class=\"has-text-align-center\" data-align=\"center\"><strong>Bragas Cintura (pulg)<\/strong><\/td><td class=\"has-text-align-center\" data-align=\"center\"><strong>Cintura (pulg.)<\/strong><\/td><td class=\"has-text-align-center\" data-align=\"center\"><strong>Longitud (pulg.)<\/strong><\/td><\/tr><tr><td class=\"has-text-align-center\" data-align=\"center\">S<\/td><td class=\"has-text-align-center\" data-align=\"center\">5.91<\/td><td class=\"has-text-align-center\" data-align=\"center\">25.59-33.86<\/td><td class=\"has-text-align-center\" data-align=\"center\">24.41-35.43<\/td><td class=\"has-text-align-center\" data-align=\"center\">24.41-33.86<\/td><td class=\"has-text-align-center\" data-align=\"center\">8.66<\/td><\/tr><tr><td class=\"has-text-align-center\" data-align=\"center\">METRO<\/td><td class=\"has-text-align-center\" data-align=\"center\">6.22<\/td><td class=\"has-text-align-center\" data-align=\"center\">27.17-35.43<\/td><td class=\"has-text-align-center\" data-align=\"center\">25.98-37.01<\/td><td class=\"has-text-align-center\" data-align=\"center\">25.98-35.43<\/td><td class=\"has-text-align-center\" data-align=\"center\">9.06<\/td><\/tr><tr><td class=\"has-text-align-center\" data-align=\"center\">L<\/td><td class=\"has-text-align-center\" data-align=\"center\">6.54<\/td><td class=\"has-text-align-center\" data-align=\"center\">28.74-37.01<\/td><td class=\"has-text-align-center\" data-align=\"center\">27.56-38.58<\/td><td class=\"has-text-align-center\" data-align=\"center\">27.56-37.01<\/td><td class=\"has-text-align-center\" data-align=\"center\">9.45<\/td><\/tr><\/tbody><\/table><\/figure>","protected":false},"excerpt":{"rendered":"<p>Sum\u00e9rgete en el lado salvaje con nuestro <strong>conjunto de sujetador y braguita cebra<\/strong>, que presenta un llamativo patr\u00f3n en blanco y negro sobre tela de malla transparente. Este conjunto incluye sujetador, braguita, liga, pernera y anillo para el cuello, lo que ofrece una apariencia completa y coordinada.<\/p>","protected":false},"featured_media":48330,"template":"","meta":[],"product_brand":[],"product_cat":[368,374,367],"product_tag":[507,532,869,864,865],"class_list":{"0":"post-48341","1":"product","2":"type-product","3":"status-publish","4":"has-post-thumbnail","6":"product_cat-bra-panty-set","7":"product_cat-wholesale-garter-belt-set","8":"product_cat-sexy-lingerie","9":"product_tag-three-pcs-set","10":"product_tag-lingerie-suspender-set","11":"product_tag-sexy-animal-print-lingerie","12":"product_tag-sexy-petite-lingerie","13":"product_tag-sexy-skimpy-lingerie","14":"pa_color-black","15":"pa_size-wholesale-large-size-women-sexy-lingerie","16":"pa_size-wholesale-medium-size-women-sexy-lingerie","17":"pa_size-wholesale-small-size-sexy-lingerie","19":"first","20":"instock","21":"taxable","22":"shipping-taxable","23":"purchasable","24":"product-type-variable"},"tiered_pricing_type":"fixed","tiered_pricing_fixed_rules":[],"tiered_pricing_product_settings":{"layout":"table","base_unit_name":{"singular":null,"plural":null},"default_variation":null},"tiered_pricing_minimum_quantity":null,"tiered_pricing_roles_data":[],"tiered_pricing_percentage_rules":[],"tiered_pricing_maximum_quantity":null,"tiered_pricing_quantity_step":null,"_links":{"self":[{"href":"https:\/\/gretasexylingerie.com\/es\/wp-json\/wp\/v2\/product\/48341","targetHints":{"allow":["GET"]}}],"collection":[{"href":"https:\/\/gretasexylingerie.com\/es\/wp-json\/wp\/v2\/product"}],"about":[{"href":"https:\/\/gretasexylingerie.com\/es\/wp-json\/wp\/v2\/types\/product"}],"wp:featuredmedia":[{"embeddable":true,"href":"https:\/\/gretasexylingerie.com\/es\/wp-json\/wp\/v2\/media\/48330"}],"wp:attachment":[{"href":"https:\/\/gretasexylingerie.com\/es\/wp-json\/wp\/v2\/media?parent=48341"}],"wp:term":[{"taxonomy":"product_brand","embeddable":true,"href":"https:\/\/gretasexylingerie.com\/es\/wp-json\/wp\/v2\/product_brand?post=48341"},{"taxonomy":"product_cat","embeddable":true,"href":"https:\/\/gretasexylingerie.com\/es\/wp-json\/wp\/v2\/product_cat?post=48341"},{"taxonomy":"product_tag","embeddable":true,"href":"https:\/\/gretasexylingerie.com\/es\/wp-json\/wp\/v2\/product_tag?post=48341"}],"curies":[{"name":"Gracias","href":"https:\/\/api.w.org\/{rel}","templated":true}]}}