{"id":48323,"date":"2024-01-23T21:58:27","date_gmt":"2024-01-23T13:58:27","guid":{"rendered":"https:\/\/gretasexylingerie.com\/?post_type=product&#038;p=48323"},"modified":"2024-02-20T12:27:00","modified_gmt":"2024-02-20T04:27:00","slug":"al-por-mayor-sexy-conjunto-de-bragas-sujetador-negro","status":"publish","type":"product","link":"https:\/\/gretasexylingerie.com\/es\/products\/wholesale-sexy-black-bra-panty-set\/","title":{"rendered":"Conjunto de bragas y sujetador negro sexy al por mayor con liga de encaje floral"},"content":{"rendered":"<p><strong>Encaje negro y costuras de malla.<\/strong>: Este conjunto de sujetador combina un elegante encaje negro con una delicada malla, creando una apariencia sofisticada pero seductora. Las intrincadas costuras a\u00f1aden un toque de artesan\u00eda, lo que la convierte en una opci\u00f3n destacada para quienes buscan <strong>panty sujetador negro sexy<\/strong> conjuntos con una sensaci\u00f3n de lujo.<\/p>\n\n\n\n<p><strong>Dise\u00f1o transparente atractivo<\/strong>: La naturaleza transparente del conjunto ofrece una tentadora visi\u00f3n de lo que hay debajo, logrando el equilibrio perfecto entre encanto y sofisticaci\u00f3n. Es una opci\u00f3n ideal para clientes que aprecian la lencer\u00eda que es a la vez visualmente impactante y elegantemente reveladora.<\/p>\n\n\n\n<p><strong>Sujetador decorado con pesta\u00f1as de encaje<\/strong>: Los sujetadores de este conjunto est\u00e1n adornados con adornos de pesta\u00f1as de encaje, lo que a\u00f1ade una capa de encanto rom\u00e1ntico. Este exquisito detalle realza el atractivo femenino del conjunto, convirti\u00e9ndolo en una opci\u00f3n deseable para quienes aman la intrincada belleza del encaje en su lencer\u00eda.<\/p>\n\n\n\n<p><strong>Mini decoraci\u00f3n de lazo.<\/strong>: Cada pieza est\u00e1 acentuada con un mini lazo, que brinda un toque dulce y divertido. Estos delicados lazos a\u00f1aden una sensaci\u00f3n de fantas\u00eda y encanto, elevando la est\u00e9tica general del conjunto.<\/p>\n\n\n\n<p><strong>Conjunto completo de tres piezas<\/strong>: Este conjunto, que incluye un corpi\u00f1o, una braga y un liguero, ofrece una soluci\u00f3n de lencer\u00eda integral y coordinada. Es perfecto para clientes que buscan un look completo y armonioso para ocasiones especiales.<\/p>\n\n\n\n<p><strong>Opciones de color vers\u00e1tiles<\/strong>: Disponible en negro cl\u00e1sico y blanco impecable, este juego se adapta a varios estilos y preferencias. Cada opci\u00f3n de color a\u00f1ade su propio car\u00e1cter al dise\u00f1o, desde atrevido y misterioso hasta puro y elegante.<\/p>\n\n\n\n<p><strong>Perfecto para diversas ocasiones<\/strong>: Ya sea para una velada rom\u00e1ntica, un evento especial o una declaraci\u00f3n de moda \u00fanica, este <strong>set de lencer\u00eda con liga de encaje floral<\/strong> Es lo suficientemente vers\u00e1til como para adaptarse a diversas ocasiones, lo que lo convierte en una valiosa adici\u00f3n a cualquier colecci\u00f3n de lencer\u00eda o moda.<\/p>\n\n\n\n<p>Invita a tus clientas a experimentar el mundo lujoso y sensual de nuestro conjunto de sujetador de malla y encaje negro. Su exquisito dise\u00f1o y atenci\u00f3n al detalle lo convierten en imprescindible para cualquier colecci\u00f3n de lencer\u00eda de alta gama. \u00a1Haz tu pedido ahora y ofrece a tus clientes un toque de elegancia, romance y estilo seductor!<\/p>\n\n\n\n<figure class=\"wp-block-table\"><table><tbody><tr><td class=\"has-text-align-center\" data-align=\"center\" colspan=\"6\"><strong>Tabla de tallas (CM)<\/strong><\/td><\/tr><tr><td class=\"has-text-align-center\" data-align=\"center\"><strong>Tama\u00f1o<\/strong><\/td><td class=\"has-text-align-center\" data-align=\"center\"><strong>Altura de la copa (cm)<\/strong><\/td><td class=\"has-text-align-center\" data-align=\"center\"><strong>Bajo busto (cm)<\/strong><\/td><td class=\"has-text-align-center\" data-align=\"center\"><strong>Bragas cintura (cm)<\/strong><\/td><td class=\"has-text-align-center\" data-align=\"center\"><strong>Cintura (cm)<\/strong><\/td><td class=\"has-text-align-center\" data-align=\"center\"><strong>Longitud (cm)<\/strong><\/td><\/tr><tr><td class=\"has-text-align-center\" data-align=\"center\">S<\/td><td class=\"has-text-align-center\" data-align=\"center\">16<\/td><td class=\"has-text-align-center\" data-align=\"center\">66-84<\/td><td class=\"has-text-align-center\" data-align=\"center\">68-94<\/td><td class=\"has-text-align-center\" data-align=\"center\">64-84<\/td><td class=\"has-text-align-center\" data-align=\"center\">20<\/td><\/tr><tr><td class=\"has-text-align-center\" data-align=\"center\">METRO<\/td><td class=\"has-text-align-center\" data-align=\"center\">17<\/td><td class=\"has-text-align-center\" data-align=\"center\">70-88<\/td><td class=\"has-text-align-center\" data-align=\"center\">72-98<\/td><td class=\"has-text-align-center\" data-align=\"center\">68-88<\/td><td class=\"has-text-align-center\" data-align=\"center\">21<\/td><\/tr><tr><td class=\"has-text-align-center\" data-align=\"center\">L<\/td><td class=\"has-text-align-center\" data-align=\"center\">18<\/td><td class=\"has-text-align-center\" data-align=\"center\">74-92<\/td><td class=\"has-text-align-center\" data-align=\"center\">76-102<\/td><td class=\"has-text-align-center\" data-align=\"center\">72-92<\/td><td class=\"has-text-align-center\" data-align=\"center\">22<\/td><\/tr><tr><td class=\"has-text-align-center\" data-align=\"center\" colspan=\"6\"><strong>Tabla de tallas (pulgadas)<\/strong><\/td><\/tr><tr><td class=\"has-text-align-center\" data-align=\"center\"><strong>Tama\u00f1o<\/strong><\/td><td class=\"has-text-align-center\" data-align=\"center\"><strong>Altura de la copa (pulg.)<\/strong><\/td><td class=\"has-text-align-center\" data-align=\"center\"><strong>Debajo del busto (pulg.)<\/strong><\/td><td class=\"has-text-align-center\" data-align=\"center\"><strong>Bragas Cintura (pulg)<\/strong><\/td><td class=\"has-text-align-center\" data-align=\"center\"><strong>Cintura (pulg.)<\/strong><\/td><td class=\"has-text-align-center\" data-align=\"center\"><strong>Longitud (pulg.)<\/strong><\/td><\/tr><tr><td class=\"has-text-align-center\" data-align=\"center\">S<\/td><td class=\"has-text-align-center\" data-align=\"center\">6.30<\/td><td class=\"has-text-align-center\" data-align=\"center\">25.98-33.07<\/td><td class=\"has-text-align-center\" data-align=\"center\">26.77-37.01<\/td><td class=\"has-text-align-center\" data-align=\"center\">25.20-33.07<\/td><td class=\"has-text-align-center\" data-align=\"center\">7.87<\/td><\/tr><tr><td class=\"has-text-align-center\" data-align=\"center\">METRO<\/td><td class=\"has-text-align-center\" data-align=\"center\">6.69<\/td><td class=\"has-text-align-center\" data-align=\"center\">27.56-34.65<\/td><td class=\"has-text-align-center\" data-align=\"center\">28.35-38.58<\/td><td class=\"has-text-align-center\" data-align=\"center\">26.77-34.65<\/td><td class=\"has-text-align-center\" data-align=\"center\">8.27<\/td><\/tr><tr><td class=\"has-text-align-center\" data-align=\"center\">L<\/td><td class=\"has-text-align-center\" data-align=\"center\">7.09<\/td><td class=\"has-text-align-center\" data-align=\"center\">29.13-36.22<\/td><td class=\"has-text-align-center\" data-align=\"center\">29.92-40.16<\/td><td class=\"has-text-align-center\" data-align=\"center\">28.35-36.22<\/td><td class=\"has-text-align-center\" data-align=\"center\">8.66<\/td><\/tr><\/tbody><\/table><\/figure>","protected":false},"excerpt":{"rendered":"<p>Disfrute del encanto de nuestra <strong>set de lencer\u00eda con liga de encaje floral<\/strong>, un conjunto cautivador de encaje negro y costuras de malla, que presenta un dise\u00f1o sexy transparente con sujetadores decorados con pesta\u00f1as de encaje y detalles en mini lazo.<\/p>","protected":false},"featured_media":48309,"template":"","meta":[],"product_brand":[],"product_cat":[368,369,367],"product_tag":[507,452,875,865],"class_list":{"0":"post-48323","1":"product","2":"type-product","3":"status-publish","4":"has-post-thumbnail","6":"product_cat-bra-panty-set","7":"product_cat-wholesale-lace-bra-and-panty-sets","8":"product_cat-sexy-lingerie","9":"product_tag-three-pcs-set","10":"product_tag-wholesale-boudoir-lingerie","11":"product_tag-lace-sexy-lingerie","12":"product_tag-sexy-skimpy-lingerie","13":"pa_color-black","14":"pa_color-white","15":"pa_size-wholesale-large-size-women-sexy-lingerie","16":"pa_size-wholesale-medium-size-women-sexy-lingerie","17":"pa_size-wholesale-small-size-sexy-lingerie","19":"first","20":"instock","21":"taxable","22":"shipping-taxable","23":"purchasable","24":"product-type-variable"},"tiered_pricing_type":"fixed","tiered_pricing_fixed_rules":[],"tiered_pricing_product_settings":{"layout":"table","base_unit_name":{"singular":null,"plural":null},"default_variation":null},"tiered_pricing_minimum_quantity":null,"tiered_pricing_roles_data":[],"tiered_pricing_percentage_rules":[],"tiered_pricing_maximum_quantity":null,"tiered_pricing_quantity_step":null,"_links":{"self":[{"href":"https:\/\/gretasexylingerie.com\/es\/wp-json\/wp\/v2\/product\/48323","targetHints":{"allow":["GET"]}}],"collection":[{"href":"https:\/\/gretasexylingerie.com\/es\/wp-json\/wp\/v2\/product"}],"about":[{"href":"https:\/\/gretasexylingerie.com\/es\/wp-json\/wp\/v2\/types\/product"}],"wp:featuredmedia":[{"embeddable":true,"href":"https:\/\/gretasexylingerie.com\/es\/wp-json\/wp\/v2\/media\/48309"}],"wp:attachment":[{"href":"https:\/\/gretasexylingerie.com\/es\/wp-json\/wp\/v2\/media?parent=48323"}],"wp:term":[{"taxonomy":"product_brand","embeddable":true,"href":"https:\/\/gretasexylingerie.com\/es\/wp-json\/wp\/v2\/product_brand?post=48323"},{"taxonomy":"product_cat","embeddable":true,"href":"https:\/\/gretasexylingerie.com\/es\/wp-json\/wp\/v2\/product_cat?post=48323"},{"taxonomy":"product_tag","embeddable":true,"href":"https:\/\/gretasexylingerie.com\/es\/wp-json\/wp\/v2\/product_tag?post=48323"}],"curies":[{"name":"Gracias","href":"https:\/\/api.w.org\/{rel}","templated":true}]}}