{"id":48297,"date":"2024-01-23T21:54:47","date_gmt":"2024-01-23T13:54:47","guid":{"rendered":"https:\/\/gretasexylingerie.com\/?post_type=product&#038;p=48297"},"modified":"2024-02-20T12:28:32","modified_gmt":"2024-02-20T04:28:32","slug":"al-por-mayor-conjunto-de-lenceria-de-plumas-de-lujo","status":"publish","type":"product","link":"https:\/\/gretasexylingerie.com\/es\/products\/wholesale-luxury-feather-lingerie-set\/","title":{"rendered":"Conjunto de lencer\u00eda de plumas de lujo al por mayor con empalme de encaje"},"content":{"rendered":"<p><strong>Empalme de encaje y malla negra<\/strong>: Este traje con sujetador combina malla negra con intrincados empalmes de encaje, creando una apariencia seductora y sofisticada. La combinaci\u00f3n de texturas agrega profundidad y atractivo, lo que la convierte en una opci\u00f3n destacada para quienes buscan <strong>conjuntos de sujetador y bragas de alta calidad<\/strong>.<\/p>\n\n\n\n<p><strong>Decoraci\u00f3n de plumas negras<\/strong>: Los tirantes y el cintur\u00f3n est\u00e1n adornados con plumas negras, a\u00f1adiendo un toque extravagante y lujoso. Esta caracter\u00edstica \u00fanica distingue al conjunto y atrae a clientes que desean lencer\u00eda elegante y llamativa.<\/p>\n\n\n\n<p><strong>Cintur\u00f3n de plumas negro<\/strong>: La inclusi\u00f3n de un cintur\u00f3n de plumas negro no s\u00f3lo realza el atractivo est\u00e9tico del conjunto sino que tambi\u00e9n a\u00f1ade un toque de fantas\u00eda y estilo. Es un detalle que eleva el conjunto a una obra de arte ponible, perfecta para colecciones de lencer\u00eda de lujo.<\/p>\n\n\n\n<p><strong>Dise\u00f1o de bragas anudadas.<\/strong>: Las bragas presentan un dise\u00f1o anudado que ofrece estilo y capacidad de ajuste. Este detalle asegura un ajuste perfecto y a\u00f1ade un elemento de seducci\u00f3n divertida al conjunto.<\/p>\n\n\n\n<p><strong>Vers\u00e1til y elegante<\/strong>: Este conjunto de lencer\u00eda es m\u00e1s que una simple prenda; es una declaraci\u00f3n de moda. Es lo suficientemente vers\u00e1til para ocasiones especiales o como una adici\u00f3n \u00fanica a una colecci\u00f3n de lencer\u00eda de alta gama.<\/p>\n\n\n\n<p><strong>Perfecto para colecciones de lujo<\/strong>: Ideal para boutiques y tiendas especializadas en lencer\u00eda de lujo, esta <strong>sujetador y bragas de lujo<\/strong> El conjunto es imprescindible. Est\u00e1 dise\u00f1ado para aquellos que aprecian las cosas buenas de la vida y quieren a\u00f1adir un toque de glamour a su colecci\u00f3n.<\/p>\n\n\n\n<p>Invita a tus clientas a disfrutar del m\u00e1ximo lujo con nuestro conjunto de lencer\u00eda de plumas. Su exquisito dise\u00f1o y atenci\u00f3n al detalle lo convierten en una incorporaci\u00f3n destacada a cualquier colecci\u00f3n de lencer\u00eda de lujo. \u00a1Haga su pedido ahora y ofrezca a sus clientes una combinaci\u00f3n de sofisticaci\u00f3n, elegancia y estilo \u00fanico!<\/p>\n\n\n\n<figure class=\"wp-block-table\"><table><tbody><tr><td class=\"has-text-align-center\" data-align=\"center\" colspan=\"5\"><strong>Tabla de tallas (CM)<\/strong><\/td><\/tr><tr><td class=\"has-text-align-center\" data-align=\"center\"><strong>Tama\u00f1o<\/strong><\/td><td class=\"has-text-align-center\" data-align=\"center\"><strong>Bajo busto (cm)<\/strong><\/td><td class=\"has-text-align-center\" data-align=\"center\"><strong>Cintura de las bragas (cm)<\/strong><\/td><td class=\"has-text-align-center\" data-align=\"center\"><strong>Cintura (cm)<\/strong><\/td><td class=\"has-text-align-center\" data-align=\"center\"><strong>Longitud del pantal\u00f3n (cm)<\/strong><\/td><\/tr><tr><td class=\"has-text-align-center\" data-align=\"center\">S<\/td><td class=\"has-text-align-center\" data-align=\"center\">68-88<\/td><td class=\"has-text-align-center\" data-align=\"center\">68-92<\/td><td class=\"has-text-align-center\" data-align=\"center\">62-92<\/td><td class=\"has-text-align-center\" data-align=\"center\">20.5<\/td><\/tr><tr><td class=\"has-text-align-center\" data-align=\"center\">METRO<\/td><td class=\"has-text-align-center\" data-align=\"center\">72-92<\/td><td class=\"has-text-align-center\" data-align=\"center\">72-96<\/td><td class=\"has-text-align-center\" data-align=\"center\">66-96<\/td><td class=\"has-text-align-center\" data-align=\"center\">21.5<\/td><\/tr><tr><td class=\"has-text-align-center\" data-align=\"center\">L<\/td><td class=\"has-text-align-center\" data-align=\"center\">76-96<\/td><td class=\"has-text-align-center\" data-align=\"center\">76-100<\/td><td class=\"has-text-align-center\" data-align=\"center\">70-100<\/td><td class=\"has-text-align-center\" data-align=\"center\">22.5<\/td><\/tr><tr><td class=\"has-text-align-center\" data-align=\"center\" colspan=\"5\"><strong>Tabla de tallas (pulgadas)<\/strong><\/td><\/tr><tr><td class=\"has-text-align-center\" data-align=\"center\"><strong>Tama\u00f1o<\/strong><\/td><td class=\"has-text-align-center\" data-align=\"center\"><strong>Debajo del busto (en)<\/strong><\/td><td class=\"has-text-align-center\" data-align=\"center\"><strong>Cintura de bragas (pulg.)<\/strong><\/td><td class=\"has-text-align-center\" data-align=\"center\"><strong>Cintura (pulg.)<\/strong><\/td><td class=\"has-text-align-center\" data-align=\"center\"><strong>Longitud de los pantalones (pulg.)<\/strong><\/td><\/tr><tr><td class=\"has-text-align-center\" data-align=\"center\">S<\/td><td class=\"has-text-align-center\" data-align=\"center\">26.77-34.65<\/td><td class=\"has-text-align-center\" data-align=\"center\">26.77-36.22<\/td><td class=\"has-text-align-center\" data-align=\"center\">24.41-36.22<\/td><td class=\"has-text-align-center\" data-align=\"center\">8.07<\/td><\/tr><tr><td class=\"has-text-align-center\" data-align=\"center\">METRO<\/td><td class=\"has-text-align-center\" data-align=\"center\">28.35-36.22<\/td><td class=\"has-text-align-center\" data-align=\"center\">28.35-37.80<\/td><td class=\"has-text-align-center\" data-align=\"center\">25.98-37.80<\/td><td class=\"has-text-align-center\" data-align=\"center\">8.46<\/td><\/tr><tr><td class=\"has-text-align-center\" data-align=\"center\">L<\/td><td class=\"has-text-align-center\" data-align=\"center\">29.92-37.80<\/td><td class=\"has-text-align-center\" data-align=\"center\">29.92-39.37<\/td><td class=\"has-text-align-center\" data-align=\"center\">27.56-39.37<\/td><td class=\"has-text-align-center\" data-align=\"center\">8.86<\/td><\/tr><\/tbody><\/table><\/figure>","protected":false},"excerpt":{"rendered":"<p>Ingrese a un mundo de opulencia con nuestro <strong>conjunto de lencer\u00eda de plumas<\/strong>, con malla negra y empalme de encaje, adornado con decoraciones \u00fanicas de plumas negras en las correas de los hombros y el cintur\u00f3n.<\/p>","protected":false},"featured_media":48286,"template":"","meta":[],"product_brand":[],"product_cat":[368,369,367],"product_tag":[507,861,448,875,524,972],"class_list":{"0":"post-48297","1":"product","2":"type-product","3":"status-publish","4":"has-post-thumbnail","6":"product_cat-bra-panty-set","7":"product_cat-wholesale-lace-bra-and-panty-sets","8":"product_cat-sexy-lingerie","9":"product_tag-three-pcs-set","10":"product_tag-brunette-lingerie","11":"product_tag-wholesale-elegant-sexy-lingerie","12":"product_tag-lace-sexy-lingerie","13":"product_tag-metal-lingerie","14":"product_tag-valentines-day-lingerie","15":"pa_color-black","16":"pa_size-wholesale-large-size-women-sexy-lingerie","17":"pa_size-wholesale-medium-size-women-sexy-lingerie","18":"pa_size-wholesale-small-size-sexy-lingerie","20":"first","21":"instock","22":"taxable","23":"shipping-taxable","24":"purchasable","25":"product-type-variable"},"tiered_pricing_type":"fixed","tiered_pricing_fixed_rules":[],"tiered_pricing_product_settings":{"layout":"table","base_unit_name":{"singular":null,"plural":null},"default_variation":null},"tiered_pricing_minimum_quantity":null,"tiered_pricing_roles_data":[],"tiered_pricing_percentage_rules":[],"tiered_pricing_maximum_quantity":null,"tiered_pricing_quantity_step":null,"_links":{"self":[{"href":"https:\/\/gretasexylingerie.com\/es\/wp-json\/wp\/v2\/product\/48297","targetHints":{"allow":["GET"]}}],"collection":[{"href":"https:\/\/gretasexylingerie.com\/es\/wp-json\/wp\/v2\/product"}],"about":[{"href":"https:\/\/gretasexylingerie.com\/es\/wp-json\/wp\/v2\/types\/product"}],"wp:featuredmedia":[{"embeddable":true,"href":"https:\/\/gretasexylingerie.com\/es\/wp-json\/wp\/v2\/media\/48286"}],"wp:attachment":[{"href":"https:\/\/gretasexylingerie.com\/es\/wp-json\/wp\/v2\/media?parent=48297"}],"wp:term":[{"taxonomy":"product_brand","embeddable":true,"href":"https:\/\/gretasexylingerie.com\/es\/wp-json\/wp\/v2\/product_brand?post=48297"},{"taxonomy":"product_cat","embeddable":true,"href":"https:\/\/gretasexylingerie.com\/es\/wp-json\/wp\/v2\/product_cat?post=48297"},{"taxonomy":"product_tag","embeddable":true,"href":"https:\/\/gretasexylingerie.com\/es\/wp-json\/wp\/v2\/product_tag?post=48297"}],"curies":[{"name":"Gracias","href":"https:\/\/api.w.org\/{rel}","templated":true}]}}