{"id":48245,"date":"2024-01-23T21:47:46","date_gmt":"2024-01-23T13:47:46","guid":{"rendered":"https:\/\/gretasexylingerie.com\/?post_type=product&#038;p=48245"},"modified":"2024-03-12T11:30:21","modified_gmt":"2024-03-12T03:30:21","slug":"al-por-mayor-conjunto-de-sujetador-y-ropa-interior-de-perlas","status":"publish","type":"product","link":"https:\/\/gretasexylingerie.com\/es\/products\/wholesale-pearl-bra-and-underwear-set\/","title":{"rendered":"Conjunto De Sujetador Y Ropa Interior De Perlas En Tul Al Por Mayor"},"content":{"rendered":"<p><strong>Elegancia de la cadena de perlas<\/strong>: Este exquisito conjunto se compone de cadenas de perlas, a\u00f1adiendo un toque de opulencia y sofisticaci\u00f3n. Las perlas brindan una est\u00e9tica \u00fanica, lo que hace de este conjunto una opci\u00f3n de lujo para quienes buscan <strong>lencer\u00eda sexy de dos piezas<\/strong> con un estilo distintivo.<\/p>\n\n\n\n<p><strong>Dise\u00f1o de bragas abiertas.<\/strong>: El estilo de braguita abierta no s\u00f3lo es atrevido sino que tambi\u00e9n irradia una sensaci\u00f3n de atractivo e intriga. Este dise\u00f1o es perfecto para clientas que buscan lencer\u00eda que combine atrevimiento con elegancia.<\/p>\n\n\n\n<p><strong>Estructura de sujetador hueco<\/strong>: El dise\u00f1o del sujetador hueco a\u00f1ade un elemento de seducci\u00f3n y sofisticaci\u00f3n. Es un enfoque innovador de la lencer\u00eda, que ofrece un equilibrio entre revelar y ocultar que cautiva la imaginaci\u00f3n.<\/p>\n\n\n\n<p><strong>Marco de malla s\u00faper el\u00e1stica.<\/strong>: El conjunto est\u00e1 enmarcado con un material de malla s\u00faper el\u00e1stico, lo que garantiza comodidad y un ajuste favorecedor. Esta caracter\u00edstica resulta especialmente atractiva por su versatilidad y adaptabilidad a diferentes tipos de cuerpo.<\/p>\n\n\n\n<p><strong>Disponible en tres colores<\/strong>: Ofrecido en negro, blanco y morado, este conjunto se adapta a diversas preferencias y estilos. Cada color a\u00f1ade su propio car\u00e1cter al dise\u00f1o, desde la elegancia cl\u00e1sica hasta lo atrevido y misterioso.<\/p>\n\n\n\n<p><strong>Perfecto para ocasiones especiales<\/strong>: Ideal para esos momentos especiales, este conjunto de sujetador y ropa interior de perlas es m\u00e1s que solo lencer\u00eda; es una pieza de declaraci\u00f3n. Es perfecto para clientes que buscan a\u00f1adir un elemento de lujo y sensualidad a su guardarropa.<\/p>\n\n\n\n<p>Invita a tus clientas a disfrutar del mundo lujoso y sensual de nuestro conjunto de sujetador y ropa interior de perlas. Su dise\u00f1o \u00fanico y su atenci\u00f3n al detalle lo convierten en imprescindible para cualquier colecci\u00f3n de lencer\u00eda de alta gama. \u00a1Haz tu pedido ahora y ofrece a tus clientes un toque de elegancia, sofisticaci\u00f3n y estilo atrevido!<\/p>","protected":false},"excerpt":{"rendered":"<p>Sum\u00e9rgete en el lujo con nuestro <strong>Conjunto de sujetador y ropa interior con perlas.<\/strong>, un impresionante conjunto que presenta cadenas de perlas en un dise\u00f1o de braguita abierta y sujetador hueco, enmarcado con material de malla s\u00faper el\u00e1stico.<\/p>","protected":false},"featured_media":48225,"template":"","meta":[],"product_brand":[],"product_cat":[368,367,376],"product_tag":[973,670,880,449,453,864],"class_list":{"0":"post-48245","1":"product","2":"type-product","3":"status-publish","4":"has-post-thumbnail","6":"product_cat-bra-panty-set","7":"product_cat-sexy-lingerie","8":"product_cat-wholesale-ultra-sexy-bra-panty-set","9":"product_tag-oem","10":"product_tag-pearl-lingerie","11":"product_tag-sexy-2-piece-lingerie","12":"product_tag-wholesale-sexy-crotchless-lingerie","13":"product_tag-wholesale-sexy-naughty-lingerie","14":"product_tag-sexy-petite-lingerie","15":"pa_color-black","16":"pa_color-purple-women-sexy-lingerie","17":"pa_color-white","18":"pa_size-wholesale-large-size-women-sexy-lingerie","19":"pa_size-wholesale-medium-size-women-sexy-lingerie","20":"pa_size-wholesale-small-size-sexy-lingerie","22":"first","23":"outofstock","24":"taxable","25":"shipping-taxable","26":"purchasable","27":"product-type-variable"},"tiered_pricing_type":"fixed","tiered_pricing_fixed_rules":[],"tiered_pricing_product_settings":{"layout":"table","base_unit_name":{"singular":null,"plural":null},"default_variation":null},"tiered_pricing_minimum_quantity":null,"tiered_pricing_roles_data":[],"tiered_pricing_percentage_rules":[],"tiered_pricing_maximum_quantity":null,"tiered_pricing_quantity_step":null,"_links":{"self":[{"href":"https:\/\/gretasexylingerie.com\/es\/wp-json\/wp\/v2\/product\/48245","targetHints":{"allow":["GET"]}}],"collection":[{"href":"https:\/\/gretasexylingerie.com\/es\/wp-json\/wp\/v2\/product"}],"about":[{"href":"https:\/\/gretasexylingerie.com\/es\/wp-json\/wp\/v2\/types\/product"}],"wp:featuredmedia":[{"embeddable":true,"href":"https:\/\/gretasexylingerie.com\/es\/wp-json\/wp\/v2\/media\/48225"}],"wp:attachment":[{"href":"https:\/\/gretasexylingerie.com\/es\/wp-json\/wp\/v2\/media?parent=48245"}],"wp:term":[{"taxonomy":"product_brand","embeddable":true,"href":"https:\/\/gretasexylingerie.com\/es\/wp-json\/wp\/v2\/product_brand?post=48245"},{"taxonomy":"product_cat","embeddable":true,"href":"https:\/\/gretasexylingerie.com\/es\/wp-json\/wp\/v2\/product_cat?post=48245"},{"taxonomy":"product_tag","embeddable":true,"href":"https:\/\/gretasexylingerie.com\/es\/wp-json\/wp\/v2\/product_tag?post=48245"}],"curies":[{"name":"Gracias","href":"https:\/\/api.w.org\/{rel}","templated":true}]}}