{"id":48173,"date":"2024-01-23T21:37:25","date_gmt":"2024-01-23T13:37:25","guid":{"rendered":"https:\/\/gretasexylingerie.com\/?post_type=product&#038;p=48173"},"modified":"2024-02-20T12:39:38","modified_gmt":"2024-02-20T04:39:38","slug":"al-por-mayor-conjunto-de-sujetador-abierto-sexy-con-panty-caliente","status":"publish","type":"product","link":"https:\/\/gretasexylingerie.com\/es\/products\/wholesale-sexy-open-bra-set-with-hot-panty\/","title":{"rendered":"Conjunto de sujetador abierto sexy al por mayor con dise\u00f1o de bragas calientes en colores contrastantes"},"content":{"rendered":"<p><strong>Tecnolog\u00eda de empalme de correas<\/strong>: Este conjunto de sujetador utiliza una innovadora tecnolog\u00eda de empalme de correas, creando un dise\u00f1o \u00fanico y llamativo. Esta caracter\u00edstica no s\u00f3lo a\u00f1ade un toque moderno al conjunto, sino que tambi\u00e9n garantiza un ajuste seguro y favorecedor, atractivo para quienes buscan lencer\u00eda que combine dise\u00f1o de vanguardia con comodidad.<\/p>\n\n\n\n<p><strong>Dise\u00f1o de cofre hueco<\/strong>: El dise\u00f1o de cofre hueco de este conjunto ofrece una apariencia atrevida y provocativa, perfecta para aquellos que desean hacer una declaraci\u00f3n audaz. Este elemento de dise\u00f1o es clave para hacer esto. <strong>conjunto abierto sexy<\/strong> una pieza destacada, ideal para ocasiones especiales o para a\u00f1adir un toque de chispa al uso diario.<\/p>\n\n\n\n<p><strong>Tela de malla negra<\/strong>: El uso de tela de malla negra a\u00f1ade una capa de atractivo y sofisticaci\u00f3n. Es lo suficientemente transparente como para tentar pero deja suficiente a la imaginaci\u00f3n, logrando el equilibrio perfecto para una <strong>dise\u00f1o de conjunto de bragas calientes<\/strong>.<\/p>\n\n\n\n<p><strong>Dise\u00f1o de colores contrastantes<\/strong>: Disponibles en HotPink, Orange y Red, estos vibrantes colores contrastantes a\u00f1aden una dimensi\u00f3n extra de atractivo. Cada opci\u00f3n de color ofrece un estado de \u00e1nimo y estilo diferente, atendiendo a una variedad de preferencias y haciendo que el conjunto sea vers\u00e1til para diferentes personalidades.<\/p>\n\n\n\n<p><strong>Gama de tama\u00f1os vers\u00e1til<\/strong>: Con tallas que van de la S a la L, este conjunto de sujetadores est\u00e1 dise\u00f1ado para adaptarse a una amplia gama de tipos de cuerpo. Esta inclusi\u00f3n garantiza que cada cliente pueda encontrar su ajuste perfecto, lo que la convierte en una excelente adici\u00f3n a cualquier colecci\u00f3n de lencer\u00eda.<\/p>\n\n\n\n<p><strong>Atado sujetador y bragas<\/strong>: El conjunto incluye un sujetador atado y unas bragas, a\u00f1adiendo un elemento divertido y seductor. Este detalle no s\u00f3lo mejora el atractivo visual del conjunto, sino que tambi\u00e9n permite ajustarlo y personalizarlo.<\/p>\n\n\n\n<p>Atr\u00e9vete a deslumbrar con nuestro conjunto de sujetador s\u00faper sexy, una combinaci\u00f3n perfecta de dise\u00f1o atrevido y detalles atractivos. Sus caracter\u00edsticas \u00fanicas y colores contrastantes lo convierten en imprescindible para cualquier colecci\u00f3n que busque agregar un toque de emoci\u00f3n y atractivo. \u00a1Haz tu pedido ahora y aporta un nuevo nivel de seducci\u00f3n a tus ofertas!<\/p>\n\n\n\n<figure class=\"wp-block-table\"><table><tbody><tr><td class=\"has-text-align-center\" data-align=\"center\" colspan=\"6\"><strong>Tabla de tallas (CM)<\/strong><\/td><\/tr><tr><td class=\"has-text-align-center\" data-align=\"center\"><strong>Tama\u00f1o<\/strong><\/td><td class=\"has-text-align-center\" data-align=\"center\"><strong>Longitud (cm)<\/strong><\/td><td class=\"has-text-align-center\" data-align=\"center\"><strong>Bajo pecho (cm)<\/strong><\/td><td class=\"has-text-align-center\" data-align=\"center\"><strong>Cintura de las bragas (cm)<\/strong><\/td><td class=\"has-text-align-center\" data-align=\"center\"><strong>Cintura (cm)<\/strong><\/td><td class=\"has-text-align-center\" data-align=\"center\"><strong>Longitud del pantal\u00f3n (cm)<\/strong><\/td><\/tr><tr><td class=\"has-text-align-center\" data-align=\"center\">S<\/td><td class=\"has-text-align-center\" data-align=\"center\">20<\/td><td class=\"has-text-align-center\" data-align=\"center\">64-74<\/td><td class=\"has-text-align-center\" data-align=\"center\">62-94<\/td><td class=\"has-text-align-center\" data-align=\"center\">60-70<\/td><td class=\"has-text-align-center\" data-align=\"center\">21<\/td><\/tr><tr><td class=\"has-text-align-center\" data-align=\"center\">METRO<\/td><td class=\"has-text-align-center\" data-align=\"center\">21<\/td><td class=\"has-text-align-center\" data-align=\"center\">68-78<\/td><td class=\"has-text-align-center\" data-align=\"center\">66-98<\/td><td class=\"has-text-align-center\" data-align=\"center\">64-74<\/td><td class=\"has-text-align-center\" data-align=\"center\">22<\/td><\/tr><tr><td class=\"has-text-align-center\" data-align=\"center\">L<\/td><td class=\"has-text-align-center\" data-align=\"center\">22<\/td><td class=\"has-text-align-center\" data-align=\"center\">72-82<\/td><td class=\"has-text-align-center\" data-align=\"center\">70-102<\/td><td class=\"has-text-align-center\" data-align=\"center\">68-78<\/td><td class=\"has-text-align-center\" data-align=\"center\">23<\/td><\/tr><tr><td class=\"has-text-align-center\" data-align=\"center\" colspan=\"6\"><strong>Tabla de tallas (pulgadas)<\/strong><\/td><\/tr><tr><td class=\"has-text-align-center\" data-align=\"center\"><strong>Tama\u00f1o<\/strong><\/td><td class=\"has-text-align-center\" data-align=\"center\"><strong>Longitud (pulg.)<\/strong><\/td><td class=\"has-text-align-center\" data-align=\"center\"><strong>Bajo pecho (pulg.)<\/strong><\/td><td class=\"has-text-align-center\" data-align=\"center\"><strong>Cintura de bragas (pulg.)<\/strong><\/td><td class=\"has-text-align-center\" data-align=\"center\"><strong>Cintura (pulg.)<\/strong><\/td><td class=\"has-text-align-center\" data-align=\"center\"><strong>Longitud de los pantalones (pulg.)<\/strong><\/td><\/tr><tr><td class=\"has-text-align-center\" data-align=\"center\">S<\/td><td class=\"has-text-align-center\" data-align=\"center\">7.87<\/td><td class=\"has-text-align-center\" data-align=\"center\">25.20-29.13<\/td><td class=\"has-text-align-center\" data-align=\"center\">24.41-37.01<\/td><td class=\"has-text-align-center\" data-align=\"center\">23.62-27.56<\/td><td class=\"has-text-align-center\" data-align=\"center\">8.27<\/td><\/tr><tr><td class=\"has-text-align-center\" data-align=\"center\">METRO<\/td><td class=\"has-text-align-center\" data-align=\"center\">8.27<\/td><td class=\"has-text-align-center\" data-align=\"center\">26.77-30.71<\/td><td class=\"has-text-align-center\" data-align=\"center\">25.98-38.58<\/td><td class=\"has-text-align-center\" data-align=\"center\">25.20-29.13<\/td><td class=\"has-text-align-center\" data-align=\"center\">8.66<\/td><\/tr><tr><td class=\"has-text-align-center\" data-align=\"center\">L<\/td><td class=\"has-text-align-center\" data-align=\"center\">8.66<\/td><td class=\"has-text-align-center\" data-align=\"center\">28.35-32.28<\/td><td class=\"has-text-align-center\" data-align=\"center\">27.56-40.16<\/td><td class=\"has-text-align-center\" data-align=\"center\">26.77-30.71<\/td><td class=\"has-text-align-center\" data-align=\"center\">9.06<\/td><\/tr><\/tbody><\/table><\/figure>","protected":false},"excerpt":{"rendered":"<p>Enciende la pasi\u00f3n con nuestro <strong>conjunto abierto sexy<\/strong>, con tecnolog\u00eda de empalme de correas y un dise\u00f1o de pecho hueco. Confeccionado en malla negra con vibrantes colores contrastantes de HotPink, Orange y Red, este conjunto es el ep\u00edtome de la seducci\u00f3n.<\/p>","protected":false},"featured_media":48154,"template":"","meta":[],"product_brand":[],"product_cat":[368,376],"product_tag":[880,453,504],"class_list":{"0":"post-48173","1":"product","2":"type-product","3":"status-publish","4":"has-post-thumbnail","6":"product_cat-bra-panty-set","7":"product_cat-wholesale-ultra-sexy-bra-panty-set","8":"product_tag-sexy-2-piece-lingerie","9":"product_tag-wholesale-sexy-naughty-lingerie","10":"product_tag-ultra-sexy","11":"pa_color-hot-pink-women-sexy-lingerie","12":"pa_color-orange","13":"pa_color-red-women-sexy-lingerie","14":"pa_size-wholesale-large-size-women-sexy-lingerie","15":"pa_size-wholesale-medium-size-women-sexy-lingerie","16":"pa_size-wholesale-small-size-sexy-lingerie","18":"first","19":"instock","20":"taxable","21":"shipping-taxable","22":"purchasable","23":"product-type-variable"},"tiered_pricing_type":"fixed","tiered_pricing_fixed_rules":[],"tiered_pricing_product_settings":{"layout":"table","base_unit_name":{"singular":null,"plural":null},"default_variation":null},"tiered_pricing_minimum_quantity":null,"tiered_pricing_roles_data":[],"tiered_pricing_percentage_rules":[],"tiered_pricing_maximum_quantity":null,"tiered_pricing_quantity_step":null,"_links":{"self":[{"href":"https:\/\/gretasexylingerie.com\/es\/wp-json\/wp\/v2\/product\/48173","targetHints":{"allow":["GET"]}}],"collection":[{"href":"https:\/\/gretasexylingerie.com\/es\/wp-json\/wp\/v2\/product"}],"about":[{"href":"https:\/\/gretasexylingerie.com\/es\/wp-json\/wp\/v2\/types\/product"}],"wp:featuredmedia":[{"embeddable":true,"href":"https:\/\/gretasexylingerie.com\/es\/wp-json\/wp\/v2\/media\/48154"}],"wp:attachment":[{"href":"https:\/\/gretasexylingerie.com\/es\/wp-json\/wp\/v2\/media?parent=48173"}],"wp:term":[{"taxonomy":"product_brand","embeddable":true,"href":"https:\/\/gretasexylingerie.com\/es\/wp-json\/wp\/v2\/product_brand?post=48173"},{"taxonomy":"product_cat","embeddable":true,"href":"https:\/\/gretasexylingerie.com\/es\/wp-json\/wp\/v2\/product_cat?post=48173"},{"taxonomy":"product_tag","embeddable":true,"href":"https:\/\/gretasexylingerie.com\/es\/wp-json\/wp\/v2\/product_tag?post=48173"}],"curies":[{"name":"Gracias","href":"https:\/\/api.w.org\/{rel}","templated":true}]}}