{"id":48134,"date":"2024-01-23T21:31:11","date_gmt":"2024-01-23T13:31:11","guid":{"rendered":"https:\/\/gretasexylingerie.com\/?post_type=product&#038;p=48134"},"modified":"2024-02-20T12:41:33","modified_gmt":"2024-02-20T04:41:33","slug":"al-por-mayor-top-corse-con-estampado-de-cebra","status":"publish","type":"product","link":"https:\/\/gretasexylingerie.com\/es\/products\/wholesale-zebra-print-corset-top\/","title":{"rendered":"Top Cors\u00e9 Con Estampado De Cebra Con Tirantes De Encaje Negro Al Por Mayor"},"content":{"rendered":"<p><strong>Llamativo patr\u00f3n de cebra<\/strong>: El patr\u00f3n de cebra en blanco y negro de este traje bustier ofrece una apariencia atrevida y ex\u00f3tica, perfecta para hacer una declaraci\u00f3n. Este llamativo dise\u00f1o es ideal para quienes buscan agregar un toque salvaje a su <strong>tops de cors\u00e9 c\u00f3modos<\/strong> recopilaci\u00f3n.<\/p>\n\n\n\n<p><strong>Soporte y refuerzo en espiga<\/strong>: Dise\u00f1ado con soporte y refuerzo en forma de espiga, este top tipo cors\u00e9 proporciona estructura y comodidad. El dise\u00f1o garantiza un ajuste favorecedor al tiempo que mantiene la facilidad de movimiento, lo que lo convierte en una opci\u00f3n pr\u00e1ctica para uso prolongado.<\/p>\n\n\n\n<p><strong>Contenido de algod\u00f3n c\u00f3modo.<\/strong>: La inclusi\u00f3n de un c\u00f3modo material de algod\u00f3n en la mezcla de tejidos mejora la portabilidad general del cors\u00e9. Esta caracter\u00edstica resulta especialmente atractiva para los clientes que priorizan la comodidad sin comprometer el estilo.<\/p>\n\n\n\n<p><strong>Top cors\u00e9 de encaje negro con tirantes<\/strong>: Acentuado con encaje negro y tirantes, el top cors\u00e9 a\u00f1ade un toque de elegancia y sofisticaci\u00f3n. El detalle de encaje proporciona un delicado contraste con el atrevido estampado de cebra, creando una apariencia equilibrada y elegante.<\/p>\n\n\n\n<p><strong>Gama de tama\u00f1os vers\u00e1til<\/strong>: Disponible en tallas S, M y L, este traje tipo corpi\u00f1o se adapta a una amplia gama de tipos de cuerpo, garantizando un ajuste perfecto para una amplia base de clientes.<\/p>\n\n\n\n<p><strong>Perfecto para diversas ocasiones<\/strong>: Ya sea para una salida nocturna, un evento especial o como una declaraci\u00f3n de moda \u00fanica, este top cors\u00e9 con estampado de cebra es lo suficientemente vers\u00e1til como para adaptarse a varias ocasiones, lo que lo convierte en una valiosa adici\u00f3n a cualquier colecci\u00f3n de lencer\u00eda o moda.<\/p>\n\n\n\n<figure class=\"wp-block-table\"><table><tbody><tr><td class=\"has-text-align-center\" data-align=\"center\" colspan=\"6\"><strong>Tabla de tallas (CM)<\/strong><\/td><\/tr><tr><td class=\"has-text-align-center\" data-align=\"center\"><strong>Tama\u00f1o<\/strong><\/td><td class=\"has-text-align-center\" data-align=\"center\"><strong>Bajo pecho (cm)<\/strong><\/td><td class=\"has-text-align-center\" data-align=\"center\"><strong>Bajo busto (cm)<\/strong><\/td><td class=\"has-text-align-center\" data-align=\"center\"><strong>Cintura de las bragas (cm)<\/strong><\/td><td class=\"has-text-align-center\" data-align=\"center\"><strong>Cintura (cm)<\/strong><\/td><td class=\"has-text-align-center\" data-align=\"center\"><strong>Longitud del pantal\u00f3n (cm)<\/strong><\/td><\/tr><tr><td class=\"has-text-align-center\" data-align=\"center\">S<\/td><td class=\"has-text-align-center\" data-align=\"center\">20<\/td><td class=\"has-text-align-center\" data-align=\"center\">64-74<\/td><td class=\"has-text-align-center\" data-align=\"center\">62-94<\/td><td class=\"has-text-align-center\" data-align=\"center\">60-70<\/td><td class=\"has-text-align-center\" data-align=\"center\">21<\/td><\/tr><tr><td class=\"has-text-align-center\" data-align=\"center\">METRO<\/td><td class=\"has-text-align-center\" data-align=\"center\">21<\/td><td class=\"has-text-align-center\" data-align=\"center\">68-78<\/td><td class=\"has-text-align-center\" data-align=\"center\">66-98<\/td><td class=\"has-text-align-center\" data-align=\"center\">64-74<\/td><td class=\"has-text-align-center\" data-align=\"center\">22<\/td><\/tr><tr><td class=\"has-text-align-center\" data-align=\"center\">L<\/td><td class=\"has-text-align-center\" data-align=\"center\">22<\/td><td class=\"has-text-align-center\" data-align=\"center\">72-82<\/td><td class=\"has-text-align-center\" data-align=\"center\">70-102<\/td><td class=\"has-text-align-center\" data-align=\"center\">68-78<\/td><td class=\"has-text-align-center\" data-align=\"center\">23<\/td><\/tr><tr><td class=\"has-text-align-center\" data-align=\"center\" colspan=\"6\"><strong>Tabla de tallas (pulgadas)<\/strong><\/td><\/tr><tr><td class=\"has-text-align-center\" data-align=\"center\"><strong>Tama\u00f1o<\/strong><\/td><td class=\"has-text-align-center\" data-align=\"center\"><strong>Longitud (pulg.)<\/strong><\/td><td class=\"has-text-align-center\" data-align=\"center\"><strong>Bajo pecho (pulg.)<\/strong><\/td><td class=\"has-text-align-center\" data-align=\"center\"><strong>Cintura de bragas (pulg.)<\/strong><\/td><td class=\"has-text-align-center\" data-align=\"center\"><strong>Cintura (pulg.)<\/strong><\/td><td class=\"has-text-align-center\" data-align=\"center\"><strong>Longitud de los pantalones (pulg.)<\/strong><\/td><\/tr><tr><td class=\"has-text-align-center\" data-align=\"center\">S<\/td><td class=\"has-text-align-center\" data-align=\"center\">7.87<\/td><td class=\"has-text-align-center\" data-align=\"center\">25.20-29.13<\/td><td class=\"has-text-align-center\" data-align=\"center\">24.41-37.01<\/td><td class=\"has-text-align-center\" data-align=\"center\">23.62-27.56<\/td><td class=\"has-text-align-center\" data-align=\"center\">8.27<\/td><\/tr><tr><td class=\"has-text-align-center\" data-align=\"center\">METRO<\/td><td class=\"has-text-align-center\" data-align=\"center\">8.27<\/td><td class=\"has-text-align-center\" data-align=\"center\">26.77-30.71<\/td><td class=\"has-text-align-center\" data-align=\"center\">25.98-38.58<\/td><td class=\"has-text-align-center\" data-align=\"center\">25.20-29.13<\/td><td class=\"has-text-align-center\" data-align=\"center\">8.66<\/td><\/tr><tr><td class=\"has-text-align-center\" data-align=\"center\">L<\/td><td class=\"has-text-align-center\" data-align=\"center\">8.66<\/td><td class=\"has-text-align-center\" data-align=\"center\">28.35-32.28<\/td><td class=\"has-text-align-center\" data-align=\"center\">27.56-40.16<\/td><td class=\"has-text-align-center\" data-align=\"center\">26.77-30.71<\/td><td class=\"has-text-align-center\" data-align=\"center\">9.06<\/td><\/tr><\/tbody><\/table><\/figure>","protected":false},"excerpt":{"rendered":"<p>Ad\u00e9ntrate en el lado salvaje con nuestro <strong>top tipo cors\u00e9 con estampado de cebra<\/strong>, un llamativo dise\u00f1o en blanco y negro con soporte en forma de espiga. Este conjunto, que incluye un corpi\u00f1o y una braga, combina un estilo atrevido con un c\u00f3modo contenido de algod\u00f3n.<\/p>","protected":false},"featured_media":48124,"template":"","meta":[],"product_brand":[],"product_cat":[387,386,367],"product_tag":[880,869,865],"class_list":{"0":"post-48134","1":"product","2":"type-product","3":"status-publish","4":"has-post-thumbnail","6":"product_cat-wholesale-bustier-bra-set","7":"product_cat-sexy-bustiers","8":"product_cat-sexy-lingerie","9":"product_tag-sexy-2-piece-lingerie","10":"product_tag-sexy-animal-print-lingerie","11":"product_tag-sexy-skimpy-lingerie","12":"pa_color-black","13":"pa_size-wholesale-large-size-women-sexy-lingerie","14":"pa_size-wholesale-medium-size-women-sexy-lingerie","15":"pa_size-wholesale-small-size-sexy-lingerie","17":"first","18":"instock","19":"taxable","20":"shipping-taxable","21":"purchasable","22":"product-type-variable"},"tiered_pricing_type":"fixed","tiered_pricing_fixed_rules":[],"tiered_pricing_product_settings":{"layout":"table","base_unit_name":{"singular":null,"plural":null},"default_variation":null},"tiered_pricing_minimum_quantity":null,"tiered_pricing_roles_data":[],"tiered_pricing_percentage_rules":[],"tiered_pricing_maximum_quantity":null,"tiered_pricing_quantity_step":null,"_links":{"self":[{"href":"https:\/\/gretasexylingerie.com\/es\/wp-json\/wp\/v2\/product\/48134","targetHints":{"allow":["GET"]}}],"collection":[{"href":"https:\/\/gretasexylingerie.com\/es\/wp-json\/wp\/v2\/product"}],"about":[{"href":"https:\/\/gretasexylingerie.com\/es\/wp-json\/wp\/v2\/types\/product"}],"wp:featuredmedia":[{"embeddable":true,"href":"https:\/\/gretasexylingerie.com\/es\/wp-json\/wp\/v2\/media\/48124"}],"wp:attachment":[{"href":"https:\/\/gretasexylingerie.com\/es\/wp-json\/wp\/v2\/media?parent=48134"}],"wp:term":[{"taxonomy":"product_brand","embeddable":true,"href":"https:\/\/gretasexylingerie.com\/es\/wp-json\/wp\/v2\/product_brand?post=48134"},{"taxonomy":"product_cat","embeddable":true,"href":"https:\/\/gretasexylingerie.com\/es\/wp-json\/wp\/v2\/product_cat?post=48134"},{"taxonomy":"product_tag","embeddable":true,"href":"https:\/\/gretasexylingerie.com\/es\/wp-json\/wp\/v2\/product_tag?post=48134"}],"curies":[{"name":"Gracias","href":"https:\/\/api.w.org\/{rel}","templated":true}]}}