{"id":48102,"date":"2024-01-23T21:26:45","date_gmt":"2024-01-23T13:26:45","guid":{"rendered":"https:\/\/gretasexylingerie.com\/?post_type=product&#038;p=48102"},"modified":"2024-02-20T12:45:41","modified_gmt":"2024-02-20T04:45:41","slug":"al-por-mayor-conjunto-de-lenceria-sexy-de-encaje-en-gris-plateado","status":"publish","type":"product","link":"https:\/\/gretasexylingerie.com\/es\/products\/wholesale-sexy-lace-lingerie-set-in-silver-gray\/","title":{"rendered":"Venta al por mayor Conjunto de lencer\u00eda de encaje sexy en contraste gris plateado y rosa"},"content":{"rendered":"<p><strong>Llamativo encaje de color en contraste.<\/strong>: El llamativo contraste del gris plateado y el rosa de este conjunto de lencer\u00eda ofrece una est\u00e9tica \u00fanica y moderna. Esta atrevida combinaci\u00f3n de colores es perfecta para quienes buscan lencer\u00eda que destaque, lo que la convierte en una opci\u00f3n muy deseable para su <strong>hermoso conjunto de sujetador<\/strong> recopilaci\u00f3n.<\/p>\n\n\n\n<p><strong>Dise\u00f1o de encaje hueco sexy.<\/strong>: El conjunto presenta un encaje hueco sexy, que agrega una capa de intriga y atractivo. Este elemento de dise\u00f1o no s\u00f3lo es visualmente atractivo, sino que tambi\u00e9n transmite una sensaci\u00f3n de audacia y confianza, lo que atrae a los clientes que aman expresar su estilo a trav\u00e9s de sus elecciones de lencer\u00eda.<\/p>\n\n\n\n<p><strong>Gama de tama\u00f1os vers\u00e1til<\/strong>: Este juego, que se adapta a una amplia gama de tipos de cuerpo, est\u00e1 disponible en tallas S, M y L. Esta inclusi\u00f3n garantiza que cada cliente pueda encontrar su ajuste perfecto, lo que la convierte en una opci\u00f3n pr\u00e1ctica y atractiva para un <strong>sujetador peque\u00f1o y panty<\/strong> recopilaci\u00f3n.<\/p>\n\n\n\n<p><strong>Atractivo elegante y sensual<\/strong>: La combinaci\u00f3n de delicado encaje y el llamativo contraste de colores crea un atractivo elegante pero sensual. Este conjunto es perfecto para esas ocasiones especiales en las que tus clientas quieren sentirse sofisticadas y seductoras.<\/p>\n\n\n\n<p><strong>Perfecto para colecciones diversas<\/strong>: Este conjunto de sujetador de encaje de colores en contraste, con su combinaci\u00f3n de estilo moderno y elegancia cl\u00e1sica, es una excelente adici\u00f3n a cualquier colecci\u00f3n de lencer\u00eda. Es ideal para boutiques y tiendas que buscan ofrecer a sus clientes una combinaci\u00f3n de dise\u00f1o contempor\u00e1neo y belleza atemporal.<\/p>\n\n\n\n<p>Invita a tus clientas a experimentar el encanto \u00fanico de nuestro sexy conjunto de lencer\u00eda de encaje. Su exquisito dise\u00f1o y atenci\u00f3n al detalle lo convierten en una incorporaci\u00f3n destacada a cualquier colecci\u00f3n de lencer\u00eda de alta gama. \u00a1Ordene ahora para mejorar sus ofertas con un toque de sofisticaci\u00f3n y estilo moderno!<\/p>\n\n\n\n<figure class=\"wp-block-table\"><table><tbody><tr><td class=\"has-text-align-center\" data-align=\"center\" colspan=\"4\"><strong>Tabla de tallas (CM)<\/strong><\/td><\/tr><tr><td class=\"has-text-align-center\" data-align=\"center\"><strong>Tama\u00f1o<\/strong><\/td><td class=\"has-text-align-center\" data-align=\"center\"><strong>Bajo pecho (cm)<\/strong><\/td><td class=\"has-text-align-center\" data-align=\"center\"><strong>Bragas cintura (cm)<\/strong><\/td><td class=\"has-text-align-center\" data-align=\"center\"><strong>Longitud del pantal\u00f3n (cm)<\/strong><\/td><\/tr><tr><td class=\"has-text-align-center\" data-align=\"center\">S<\/td><td class=\"has-text-align-center\" data-align=\"center\">68-80<\/td><td class=\"has-text-align-center\" data-align=\"center\">68-80<\/td><td class=\"has-text-align-center\" data-align=\"center\">20.5<\/td><\/tr><tr><td class=\"has-text-align-center\" data-align=\"center\">METRO<\/td><td class=\"has-text-align-center\" data-align=\"center\">73-85<\/td><td class=\"has-text-align-center\" data-align=\"center\">73-85<\/td><td class=\"has-text-align-center\" data-align=\"center\">21.5<\/td><\/tr><tr><td class=\"has-text-align-center\" data-align=\"center\">L<\/td><td class=\"has-text-align-center\" data-align=\"center\">78-90<\/td><td class=\"has-text-align-center\" data-align=\"center\">78-90<\/td><td class=\"has-text-align-center\" data-align=\"center\">22.5<\/td><\/tr><tr><td class=\"has-text-align-center\" data-align=\"center\" colspan=\"4\"><strong>Tabla de tallas (pulgadas)<\/strong><\/td><\/tr><tr><td class=\"has-text-align-center\" data-align=\"center\"><strong>Tama\u00f1o<\/strong><\/td><td class=\"has-text-align-center\" data-align=\"center\"><strong>Bajo pecho (pulg.)<\/strong><\/td><td class=\"has-text-align-center\" data-align=\"center\"><strong>Bragas Cintura (pulg)<\/strong><\/td><td class=\"has-text-align-center\" data-align=\"center\"><strong>Longitud de los pantalones (pulg.)<\/strong><\/td><\/tr><tr><td class=\"has-text-align-center\" data-align=\"center\">S<\/td><td class=\"has-text-align-center\" data-align=\"center\">26.77-31.50<\/td><td class=\"has-text-align-center\" data-align=\"center\">26.77-31.50<\/td><td class=\"has-text-align-center\" data-align=\"center\">8.07<\/td><\/tr><tr><td class=\"has-text-align-center\" data-align=\"center\">METRO<\/td><td class=\"has-text-align-center\" data-align=\"center\">28.74-33.46<\/td><td class=\"has-text-align-center\" data-align=\"center\">28.74-33.46<\/td><td class=\"has-text-align-center\" data-align=\"center\">8.46<\/td><\/tr><tr><td class=\"has-text-align-center\" data-align=\"center\">L<\/td><td class=\"has-text-align-center\" data-align=\"center\">30.71-35.43<\/td><td class=\"has-text-align-center\" data-align=\"center\">30.71-35.43<\/td><td class=\"has-text-align-center\" data-align=\"center\">8.86<\/td><\/tr><\/tbody><\/table><\/figure>","protected":false},"excerpt":{"rendered":"<p>Abraza el encanto de nuestra <strong>conjunto de lencer\u00eda sexy de encaje<\/strong>, un impresionante contraste de gris plateado y rosa. Este hermoso conjunto de sujetador y braguita es un testimonio de elegancia y sensualidad.<\/p>","protected":false},"featured_media":48092,"template":"","meta":[],"product_brand":[],"product_cat":[368,369,367],"product_tag":[452,880,864],"class_list":{"0":"post-48102","1":"product","2":"type-product","3":"status-publish","4":"has-post-thumbnail","6":"product_cat-bra-panty-set","7":"product_cat-wholesale-lace-bra-and-panty-sets","8":"product_cat-sexy-lingerie","9":"product_tag-wholesale-boudoir-lingerie","10":"product_tag-sexy-2-piece-lingerie","11":"product_tag-sexy-petite-lingerie","12":"pa_color-pink-women-sexy-lingerie","13":"pa_size-wholesale-large-size-women-sexy-lingerie","14":"pa_size-wholesale-medium-size-women-sexy-lingerie","15":"pa_size-wholesale-small-size-sexy-lingerie","17":"first","18":"instock","19":"taxable","20":"shipping-taxable","21":"purchasable","22":"product-type-variable"},"tiered_pricing_type":"fixed","tiered_pricing_fixed_rules":[],"tiered_pricing_product_settings":{"layout":"table","base_unit_name":{"singular":null,"plural":null},"default_variation":null},"tiered_pricing_minimum_quantity":null,"tiered_pricing_roles_data":[],"tiered_pricing_percentage_rules":[],"tiered_pricing_maximum_quantity":null,"tiered_pricing_quantity_step":null,"_links":{"self":[{"href":"https:\/\/gretasexylingerie.com\/es\/wp-json\/wp\/v2\/product\/48102","targetHints":{"allow":["GET"]}}],"collection":[{"href":"https:\/\/gretasexylingerie.com\/es\/wp-json\/wp\/v2\/product"}],"about":[{"href":"https:\/\/gretasexylingerie.com\/es\/wp-json\/wp\/v2\/types\/product"}],"wp:featuredmedia":[{"embeddable":true,"href":"https:\/\/gretasexylingerie.com\/es\/wp-json\/wp\/v2\/media\/48092"}],"wp:attachment":[{"href":"https:\/\/gretasexylingerie.com\/es\/wp-json\/wp\/v2\/media?parent=48102"}],"wp:term":[{"taxonomy":"product_brand","embeddable":true,"href":"https:\/\/gretasexylingerie.com\/es\/wp-json\/wp\/v2\/product_brand?post=48102"},{"taxonomy":"product_cat","embeddable":true,"href":"https:\/\/gretasexylingerie.com\/es\/wp-json\/wp\/v2\/product_cat?post=48102"},{"taxonomy":"product_tag","embeddable":true,"href":"https:\/\/gretasexylingerie.com\/es\/wp-json\/wp\/v2\/product_tag?post=48102"}],"curies":[{"name":"Gracias","href":"https:\/\/api.w.org\/{rel}","templated":true}]}}