{"id":47971,"date":"2024-01-23T10:39:04","date_gmt":"2024-01-23T02:39:04","guid":{"rendered":"https:\/\/gretasexylingerie.com\/?post_type=product&#038;p=47971"},"modified":"2024-02-20T12:52:14","modified_gmt":"2024-02-20T04:52:14","slug":"al-por-mayor-body-negro-a-rayas-con-tanga-sin-espalda","status":"publish","type":"product","link":"https:\/\/gretasexylingerie.com\/es\/products\/wholesale-striped-black-bodysuit-with-backless-thong\/","title":{"rendered":"Body Negro A Rayas Con Tanga Sin Espalda al por mayor"},"content":{"rendered":"<p><strong>Llamativo dise\u00f1o de rayas.<\/strong>: El patr\u00f3n de rayas de este body ofrece una apariencia atrevida y moderna, perfecta para hacer una declaraci\u00f3n. Las rayas a\u00f1aden profundidad y textura, convirti\u00e9ndola en una pieza destacada en cualquier <strong>mono negro liso<\/strong> recopilaci\u00f3n.<\/p>\n\n\n\n<p><strong>Elegancia transparente<\/strong>: Confeccionado con material transparente, este body seduce con un toque de lo que hay debajo, logrando un equilibrio perfecto entre encanto y sofisticaci\u00f3n. Es una opci\u00f3n ideal para quienes aprecian una mezcla de atrevimiento y elegancia en su lencer\u00eda.<\/p>\n\n\n\n<p><strong>Corte de medio busto<\/strong>: El dise\u00f1o de medio busto proporciona una apariencia \u00fanica y contempor\u00e1nea, ofreciendo una nueva versi\u00f3n de los estilos de monos cl\u00e1sicos. Esta caracter\u00edstica resulta especialmente atractiva para clientes que buscan lencer\u00eda que combine un dise\u00f1o innovador con un toque de sensualidad.<\/p>\n\n\n\n<p><strong>Espalda abierta con ligas<\/strong>: El dise\u00f1o de espalda abierta a\u00f1ade un elemento de sorpresa y seducci\u00f3n, mientras que la inclusi\u00f3n de ligas aporta un aspecto funcional pero elegante a esto. <strong>body tipo tanga sin espalda<\/strong>. Es perfecto para clientes que buscan una pieza visualmente llamativa y pr\u00e1ctica.<\/p>\n\n\n\n<p><strong>Gama de tama\u00f1os vers\u00e1til<\/strong>: Disponible en tallas S, M y L, este body se adapta a una amplia gama de tipos de cuerpo, lo que garantiza un ajuste perfecto para una amplia base de clientes.<\/p>\n\n\n\n<p><strong>Perfecto para diversas ocasiones<\/strong>: Ya sea para una salida nocturna especial o como una declaraci\u00f3n de moda audaz, este body es lo suficientemente vers\u00e1til como para adaptarse a varias ocasiones, lo que lo convierte en una valiosa adici\u00f3n a cualquier colecci\u00f3n de lencer\u00eda o moda.<\/p>\n\n\n\n<p>Abraza el encanto de nuestro body a rayas negras, una combinaci\u00f3n perfecta de estilo moderno y elegancia cl\u00e1sica. Su dise\u00f1o \u00fanico y su atenci\u00f3n al detalle lo convierten en un imprescindible para tu colecci\u00f3n. \u00a1Haz tu pedido ahora y ofrece a tus clientes un toque de sofisticaci\u00f3n y estilo atrevido!<\/p>\n\n\n\n<figure class=\"wp-block-table\"><table><tbody><tr><td class=\"has-text-align-center\" data-align=\"center\" colspan=\"5\"><strong>Tabla de tallas (CM)<\/strong><\/td><\/tr><tr><td class=\"has-text-align-center\" data-align=\"center\"><strong>Tama\u00f1o<\/strong><\/td><td class=\"has-text-align-center\" data-align=\"center\"><strong>Longitud (cm)<\/strong><\/td><td class=\"has-text-align-center\" data-align=\"center\"><strong>Bajo pecho (cm)<\/strong><\/td><td class=\"has-text-align-center\" data-align=\"center\"><strong>Cintura (cm)<\/strong><\/td><td class=\"has-text-align-center\" data-align=\"center\"><strong>Longitud del pantal\u00f3n (cm)<\/strong><\/td><\/tr><tr><td class=\"has-text-align-center\" data-align=\"center\">S<\/td><td class=\"has-text-align-center\" data-align=\"center\">63<\/td><td class=\"has-text-align-center\" data-align=\"center\">62-72<\/td><td class=\"has-text-align-center\" data-align=\"center\">60-70<\/td><td class=\"has-text-align-center\" data-align=\"center\">20<\/td><\/tr><tr><td class=\"has-text-align-center\" data-align=\"center\">METRO<\/td><td class=\"has-text-align-center\" data-align=\"center\">64<\/td><td class=\"has-text-align-center\" data-align=\"center\">66-76<\/td><td class=\"has-text-align-center\" data-align=\"center\">64-74<\/td><td class=\"has-text-align-center\" data-align=\"center\">21<\/td><\/tr><tr><td class=\"has-text-align-center\" data-align=\"center\">L<\/td><td class=\"has-text-align-center\" data-align=\"center\">65<\/td><td class=\"has-text-align-center\" data-align=\"center\">70-80<\/td><td class=\"has-text-align-center\" data-align=\"center\">68-78<\/td><td class=\"has-text-align-center\" data-align=\"center\">22<\/td><\/tr><tr><td class=\"has-text-align-center\" data-align=\"center\" colspan=\"5\"><strong>Tabla de tallas (pulgadas)<\/strong><\/td><\/tr><tr><td class=\"has-text-align-center\" data-align=\"center\"><strong>Tama\u00f1o<\/strong><\/td><td class=\"has-text-align-center\" data-align=\"center\"><strong>Longitud (pulg.)<\/strong><\/td><td class=\"has-text-align-center\" data-align=\"center\"><strong>Bajo pecho (pulg.)<\/strong><\/td><td class=\"has-text-align-center\" data-align=\"center\"><strong>Cintura (pulg.)<\/strong><\/td><td class=\"has-text-align-center\" data-align=\"center\"><strong>Longitud de los pantalones (pulg.)<\/strong><\/td><\/tr><tr><td class=\"has-text-align-center\" data-align=\"center\">S<\/td><td class=\"has-text-align-center\" data-align=\"center\">24.80<\/td><td class=\"has-text-align-center\" data-align=\"center\">24.41-28.35<\/td><td class=\"has-text-align-center\" data-align=\"center\">23.62-27.56<\/td><td class=\"has-text-align-center\" data-align=\"center\">7.87<\/td><\/tr><tr><td class=\"has-text-align-center\" data-align=\"center\">METRO<\/td><td class=\"has-text-align-center\" data-align=\"center\">25.20<\/td><td class=\"has-text-align-center\" data-align=\"center\">25.98-29.92<\/td><td class=\"has-text-align-center\" data-align=\"center\">25.20-29.13<\/td><td class=\"has-text-align-center\" data-align=\"center\">8.27<\/td><\/tr><tr><td class=\"has-text-align-center\" data-align=\"center\">L<\/td><td class=\"has-text-align-center\" data-align=\"center\">25.59<\/td><td class=\"has-text-align-center\" data-align=\"center\">27.56-31.50<\/td><td class=\"has-text-align-center\" data-align=\"center\">26.77-30.71<\/td><td class=\"has-text-align-center\" data-align=\"center\">8.66<\/td><\/tr><\/tbody><\/table><\/figure>","protected":false},"excerpt":{"rendered":"<p>Sum\u00e9rgete en la audaz elegancia de nuestro <strong>mono a rayas<\/strong>, un conjunto cautivador que presenta un dise\u00f1o transparente de medio busto con espalda abierta y ligas, en un elegante negro.<\/p>","protected":false},"featured_media":47959,"template":"","meta":[],"product_brand":[],"product_cat":[370,367,373],"product_tag":[861,518,446,864,866,863],"class_list":{"0":"post-47971","1":"product","2":"type-product","3":"status-publish","4":"has-post-thumbnail","6":"product_cat-bodysuit","7":"product_cat-sexy-lingerie","8":"product_cat-wholesale-sexy-mesh-bodysuit","9":"product_tag-brunette-lingerie","10":"product_tag-mesh-lingerie","11":"product_tag-wholesale-sexy-see-through-lingerie","12":"product_tag-sexy-petite-lingerie","13":"product_tag-sexy-romper-lingerie","14":"product_tag-sexy-thong-lingerie","15":"pa_color-black","16":"pa_size-wholesale-large-size-women-sexy-lingerie","17":"pa_size-wholesale-medium-size-women-sexy-lingerie","18":"pa_size-wholesale-small-size-sexy-lingerie","20":"first","21":"instock","22":"taxable","23":"shipping-taxable","24":"purchasable","25":"product-type-variable"},"tiered_pricing_type":"fixed","tiered_pricing_fixed_rules":[],"tiered_pricing_product_settings":{"layout":"table","base_unit_name":{"singular":null,"plural":null},"default_variation":null},"tiered_pricing_minimum_quantity":null,"tiered_pricing_roles_data":[],"tiered_pricing_percentage_rules":[],"tiered_pricing_maximum_quantity":null,"tiered_pricing_quantity_step":null,"_links":{"self":[{"href":"https:\/\/gretasexylingerie.com\/es\/wp-json\/wp\/v2\/product\/47971","targetHints":{"allow":["GET"]}}],"collection":[{"href":"https:\/\/gretasexylingerie.com\/es\/wp-json\/wp\/v2\/product"}],"about":[{"href":"https:\/\/gretasexylingerie.com\/es\/wp-json\/wp\/v2\/types\/product"}],"wp:featuredmedia":[{"embeddable":true,"href":"https:\/\/gretasexylingerie.com\/es\/wp-json\/wp\/v2\/media\/47959"}],"wp:attachment":[{"href":"https:\/\/gretasexylingerie.com\/es\/wp-json\/wp\/v2\/media?parent=47971"}],"wp:term":[{"taxonomy":"product_brand","embeddable":true,"href":"https:\/\/gretasexylingerie.com\/es\/wp-json\/wp\/v2\/product_brand?post=47971"},{"taxonomy":"product_cat","embeddable":true,"href":"https:\/\/gretasexylingerie.com\/es\/wp-json\/wp\/v2\/product_cat?post=47971"},{"taxonomy":"product_tag","embeddable":true,"href":"https:\/\/gretasexylingerie.com\/es\/wp-json\/wp\/v2\/product_tag?post=47971"}],"curies":[{"name":"Gracias","href":"https:\/\/api.w.org\/{rel}","templated":true}]}}