{"id":47955,"date":"2024-01-23T10:36:52","date_gmt":"2024-01-23T02:36:52","guid":{"rendered":"https:\/\/gretasexylingerie.com\/?post_type=product&#038;p=47955"},"modified":"2024-02-20T12:54:26","modified_gmt":"2024-02-20T04:54:26","slug":"al-por-mayor-conjunto-de-lenceria-bordada-floral-lila","status":"publish","type":"product","link":"https:\/\/gretasexylingerie.com\/es\/products\/wholesale-lilac-floral-embroidered-lingerie-set\/","title":{"rendered":"Conjunto De Lencer\u00eda Bordada Floral Lila al por mayor"},"content":{"rendered":"<p><strong>Contraste lila y verde<\/strong>: La paleta de colores \u00fanica de este juego combina un lila suave con un verde vibrante, creando un contraste visualmente impresionante. Esta sorprendente combinaci\u00f3n no s\u00f3lo llama la atenci\u00f3n sino que tambi\u00e9n marca tendencia en la moda de lencer\u00eda, convirti\u00e9ndola en una herramienta imprescindible para boutiques y tiendas que buscan ofrecer algo singularmente atractivo en sus <strong>conjunto de sujetador floral<\/strong> rango.<\/p>\n\n\n\n<p><strong>Tela de malla transparente<\/strong>: El uso de tela de malla transparente en este conjunto logra el equilibrio perfecto entre encanto y sofisticaci\u00f3n. Ofrece un vistazo de la piel que hay debajo, a\u00f1adiendo un toque sensual al dise\u00f1o general. Esta caracter\u00edstica es particularmente atractiva para los clientes que buscan lencer\u00eda que sea a la vez elegante y seductora, lo que hace de este conjunto la mejor opci\u00f3n para su <strong>nuevo conjunto de sujetador y bragas<\/strong> recopilaci\u00f3n.<\/p>\n\n\n\n<p><strong>Exquisito bordado floral.<\/strong>: Cada pieza est\u00e1 intrincadamente bordada con delicados patrones florales, a\u00f1adiendo profundidad y textura al dise\u00f1o. Esta detallada artesan\u00eda habla de lujo y exclusividad, atrayendo a clientes que aprecian las cosas buenas de la vida. El bordado floral no s\u00f3lo realza la belleza del conjunto sino que tambi\u00e9n a\u00f1ade un toque rom\u00e1ntico y femenino muy buscado en lencer\u00eda de alta gama.<\/p>\n\n\n\n<p><strong>Volantes Bordados<\/strong>: La adici\u00f3n de volantes bordados proporciona un elemento divertido pero sofisticado. Estos volantes a\u00f1aden volumen y una dimensi\u00f3n t\u00e1ctil a la lencer\u00eda, haci\u00e9ndola destacar. Este detalle es perfecto para clientas que aman la lencer\u00eda con un toque \u00fanico, ofreci\u00e9ndoles algo m\u00e1s que el conjunto de lencer\u00eda est\u00e1ndar.<\/p>\n\n\n\n<p><strong>Perfecto para nuevas colecciones<\/strong>: Este conjunto de lencer\u00eda lila, con su dise\u00f1o contempor\u00e1neo y caracter\u00edsticas \u00fanicas, es un complemento ideal para cualquier colecci\u00f3n nueva. No se trata s\u00f3lo de lencer\u00eda; es una declaraci\u00f3n de moda. Ofrece a sus clientes algo fresco y moderno, diferenciando su colecci\u00f3n de la competencia.<\/p>\n\n\n\n<p>Invita a tus clientas a disfrutar del atractivo lujoso y \u00fanico de nuestro conjunto de lencer\u00eda lila. Su exquisito dise\u00f1o y atenci\u00f3n al detalle lo convierten en una incorporaci\u00f3n destacada a cualquier colecci\u00f3n de lencer\u00eda de alta gama. \u00a1Ordene ahora y aporte un toque de elegancia y estilo moderno a sus ofertas!<\/p>\n\n\n\n<figure class=\"wp-block-table\"><table><tbody><tr><td class=\"has-text-align-center\" data-align=\"center\" colspan=\"6\"><strong>Tabla de tallas (CM)<\/strong><\/td><\/tr><tr><td class=\"has-text-align-center\" data-align=\"center\"><strong>Tama\u00f1o<\/strong><\/td><td class=\"has-text-align-center\" data-align=\"center\"><strong>Altura de la copa (cm)<\/strong><\/td><td class=\"has-text-align-center\" data-align=\"center\"><strong>Bajo busto (cm)<\/strong><\/td><td class=\"has-text-align-center\" data-align=\"center\"><strong>Bragas cintura (cm)<\/strong><\/td><td class=\"has-text-align-center\" data-align=\"center\"><strong>Cintura (cm)<\/strong><\/td><td class=\"has-text-align-center\" data-align=\"center\"><strong>Longitud del pantal\u00f3n (cm)<\/strong><\/td><\/tr><tr><td class=\"has-text-align-center\" data-align=\"center\">S<\/td><td class=\"has-text-align-center\" data-align=\"center\">16<\/td><td class=\"has-text-align-center\" data-align=\"center\">68-88<\/td><td class=\"has-text-align-center\" data-align=\"center\">68-88<\/td><td class=\"has-text-align-center\" data-align=\"center\">62<\/td><td class=\"has-text-align-center\" data-align=\"center\">24<\/td><\/tr><tr><td class=\"has-text-align-center\" data-align=\"center\">METRO<\/td><td class=\"has-text-align-center\" data-align=\"center\">16.8<\/td><td class=\"has-text-align-center\" data-align=\"center\">73-92<\/td><td class=\"has-text-align-center\" data-align=\"center\">73-92<\/td><td class=\"has-text-align-center\" data-align=\"center\">66<\/td><td class=\"has-text-align-center\" data-align=\"center\">25<\/td><\/tr><tr><td class=\"has-text-align-center\" data-align=\"center\">L<\/td><td class=\"has-text-align-center\" data-align=\"center\">17.6<\/td><td class=\"has-text-align-center\" data-align=\"center\">79-96<\/td><td class=\"has-text-align-center\" data-align=\"center\">79-96<\/td><td class=\"has-text-align-center\" data-align=\"center\">70<\/td><td class=\"has-text-align-center\" data-align=\"center\">26<\/td><\/tr><tr><td class=\"has-text-align-center\" data-align=\"center\" colspan=\"6\"><strong>Tabla de tallas (pulgadas)<\/strong><\/td><\/tr><tr><td class=\"has-text-align-center\" data-align=\"center\"><strong>Tama\u00f1o<\/strong><\/td><td class=\"has-text-align-center\" data-align=\"center\"><strong>Altura de la copa (pulg.)<\/strong><\/td><td class=\"has-text-align-center\" data-align=\"center\"><strong>Debajo del busto (pulg.)<\/strong><\/td><td class=\"has-text-align-center\" data-align=\"center\"><strong>Bragas Cintura (pulg)<\/strong><\/td><td class=\"has-text-align-center\" data-align=\"center\"><strong>Cintura (pulg.)<\/strong><\/td><td class=\"has-text-align-center\" data-align=\"center\"><strong>Longitud de los pantalones (pulg.)<\/strong><\/td><\/tr><tr><td class=\"has-text-align-center\" data-align=\"center\">S<\/td><td class=\"has-text-align-center\" data-align=\"center\">6.30<\/td><td class=\"has-text-align-center\" data-align=\"center\">26.77-34.65<\/td><td class=\"has-text-align-center\" data-align=\"center\">26.77-34.65<\/td><td class=\"has-text-align-center\" data-align=\"center\">24.41<\/td><td class=\"has-text-align-center\" data-align=\"center\">9.45<\/td><\/tr><tr><td class=\"has-text-align-center\" data-align=\"center\">METRO<\/td><td class=\"has-text-align-center\" data-align=\"center\">6.61<\/td><td class=\"has-text-align-center\" data-align=\"center\">28.74-36.22<\/td><td class=\"has-text-align-center\" data-align=\"center\">28.74-36.22<\/td><td class=\"has-text-align-center\" data-align=\"center\">25.98<\/td><td class=\"has-text-align-center\" data-align=\"center\">9.84<\/td><\/tr><tr><td class=\"has-text-align-center\" data-align=\"center\">L<\/td><td class=\"has-text-align-center\" data-align=\"center\">6.93<\/td><td class=\"has-text-align-center\" data-align=\"center\">31.10-37.80<\/td><td class=\"has-text-align-center\" data-align=\"center\">31.10-37.80<\/td><td class=\"has-text-align-center\" data-align=\"center\">27.56<\/td><td class=\"has-text-align-center\" data-align=\"center\">10.24<\/td><\/tr><\/tbody><\/table><\/figure>","protected":false},"excerpt":{"rendered":"<p>Descubra la encantadora belleza de nuestra <strong>conjunto de lenceria lila<\/strong>, una obra maestra de contraste lila y verde, confeccionada con malla transparente adornada con un exquisito bordado floral.<\/p>","protected":false},"featured_media":47944,"template":"","meta":[],"product_brand":[],"product_cat":[368,367,375],"product_tag":[507,454,870,510,972],"class_list":{"0":"post-47955","1":"product","2":"type-product","3":"status-publish","4":"has-post-thumbnail","6":"product_cat-bra-panty-set","7":"product_cat-sexy-lingerie","8":"product_cat-whoelsale-sheer-bra-and-panty-sets","9":"product_tag-three-pcs-set","10":"product_tag-wholesale-sexy-embroidered-lingerie","11":"product_tag-floral-lingerie","12":"product_tag-ruffles-lingerie","13":"product_tag-valentines-day-lingerie","14":"pa_color-light-purple","15":"pa_size-wholesale-large-size-women-sexy-lingerie","16":"pa_size-wholesale-medium-size-women-sexy-lingerie","17":"pa_size-wholesale-small-size-sexy-lingerie","19":"first","20":"instock","21":"taxable","22":"shipping-taxable","23":"purchasable","24":"product-type-variable"},"tiered_pricing_type":"fixed","tiered_pricing_fixed_rules":[],"tiered_pricing_product_settings":{"layout":"table","base_unit_name":{"singular":null,"plural":null},"default_variation":null},"tiered_pricing_minimum_quantity":null,"tiered_pricing_roles_data":[],"tiered_pricing_percentage_rules":[],"tiered_pricing_maximum_quantity":null,"tiered_pricing_quantity_step":null,"_links":{"self":[{"href":"https:\/\/gretasexylingerie.com\/es\/wp-json\/wp\/v2\/product\/47955","targetHints":{"allow":["GET"]}}],"collection":[{"href":"https:\/\/gretasexylingerie.com\/es\/wp-json\/wp\/v2\/product"}],"about":[{"href":"https:\/\/gretasexylingerie.com\/es\/wp-json\/wp\/v2\/types\/product"}],"wp:featuredmedia":[{"embeddable":true,"href":"https:\/\/gretasexylingerie.com\/es\/wp-json\/wp\/v2\/media\/47944"}],"wp:attachment":[{"href":"https:\/\/gretasexylingerie.com\/es\/wp-json\/wp\/v2\/media?parent=47955"}],"wp:term":[{"taxonomy":"product_brand","embeddable":true,"href":"https:\/\/gretasexylingerie.com\/es\/wp-json\/wp\/v2\/product_brand?post=47955"},{"taxonomy":"product_cat","embeddable":true,"href":"https:\/\/gretasexylingerie.com\/es\/wp-json\/wp\/v2\/product_cat?post=47955"},{"taxonomy":"product_tag","embeddable":true,"href":"https:\/\/gretasexylingerie.com\/es\/wp-json\/wp\/v2\/product_tag?post=47955"}],"curies":[{"name":"Gracias","href":"https:\/\/api.w.org\/{rel}","templated":true}]}}