{"id":47889,"date":"2024-01-23T10:22:08","date_gmt":"2024-01-23T02:22:08","guid":{"rendered":"https:\/\/gretasexylingerie.com\/?post_type=product&#038;p=47889"},"modified":"2024-02-20T13:00:57","modified_gmt":"2024-02-20T05:00:57","slug":"al-por-mayor-conjunto-romantico-de-sujetador-y-braguita-con-liga-de-encaje","status":"publish","type":"product","link":"https:\/\/gretasexylingerie.com\/es\/products\/wholesale-romantic-bra-and-panty-set-with-lace-garter\/","title":{"rendered":"Conjunto rom\u00e1ntico de sujetador y panty al por mayor con liga de encaje"},"content":{"rendered":"<p><strong>Malla Transparente Color Piel<\/strong>: La fina malla transparente del color de la piel ofrece una apariencia apenas visible, proporcionando un lienzo atractivo para los intrincados detalles del conjunto.<\/p>\n\n\n\n<p><strong>Exquisitas flores bordadas en negro<\/strong>: Cada pieza est\u00e1 bellamente acentuada con flores bordadas en negro, agregando un toque de sofisticaci\u00f3n rom\u00e1ntica a este <strong>sujetador y panty rom\u00e1nticos<\/strong> colocar.<\/p>\n\n\n\n<p><strong>Acentos de flores de encaje<\/strong>: Delicadas flores de encaje realzan el dise\u00f1o general, creando un equilibrio armonioso entre elegancia y sensualidad.<\/p>\n\n\n\n<p><strong>Gama de tama\u00f1os vers\u00e1til<\/strong>: Este conjunto, que se adapta a una variedad de tipos de cuerpo, est\u00e1 disponible en tallas S, M y L, lo que garantiza un ajuste perfecto y comodidad para su clientela.<\/p>\n\n\n\n<p><strong>Conjunto completo<\/strong>: Este conjunto incluye un corpi\u00f1o, una braga y una liga, lo que brinda una apariencia completa y coordinada que es a la vez lujosa y cautivadora.<\/p>\n\n\n\n<p>Entra en un mundo donde el romance y la elegancia se entrelazan con nuestro exquisito conjunto de sujetador y liguero de encaje. Perfecto para quienes buscan una mezcla de sofisticaci\u00f3n y encanto en su colecci\u00f3n de lencer\u00eda. \u00a1Ordene ahora y agregue un toque de belleza po\u00e9tica a sus ofertas!<\/p>\n\n\n\n<figure class=\"wp-block-table\"><table><tbody><tr><td class=\"has-text-align-center\" data-align=\"center\" colspan=\"6\"><strong>Tabla de tallas (CM)<\/strong><\/td><\/tr><tr><td class=\"has-text-align-center\" data-align=\"center\"><strong>Tama\u00f1o<\/strong><\/td><td class=\"has-text-align-center\" data-align=\"center\"><strong>Longitud (cm)<\/strong><\/td><td class=\"has-text-align-center\" data-align=\"center\"><strong>Bajo busto (cm)<\/strong><\/td><td class=\"has-text-align-center\" data-align=\"center\"><strong>Cintura (cm)<\/strong><\/td><td class=\"has-text-align-center\" data-align=\"center\"><strong>Cintura (cm)<\/strong><\/td><td class=\"has-text-align-center\" data-align=\"center\"><strong>Longitud (cm)<\/strong><\/td><\/tr><tr><td class=\"has-text-align-center\" data-align=\"center\">S<\/td><td class=\"has-text-align-center\" data-align=\"center\">14<\/td><td class=\"has-text-align-center\" data-align=\"center\">67-95<\/td><td class=\"has-text-align-center\" data-align=\"center\">68-98<\/td><td class=\"has-text-align-center\" data-align=\"center\">60-70<\/td><td class=\"has-text-align-center\" data-align=\"center\">21<\/td><\/tr><tr><td class=\"has-text-align-center\" data-align=\"center\">METRO<\/td><td class=\"has-text-align-center\" data-align=\"center\">15<\/td><td class=\"has-text-align-center\" data-align=\"center\">71-99<\/td><td class=\"has-text-align-center\" data-align=\"center\">72-102<\/td><td class=\"has-text-align-center\" data-align=\"center\">64-74<\/td><td class=\"has-text-align-center\" data-align=\"center\">22<\/td><\/tr><tr><td class=\"has-text-align-center\" data-align=\"center\">L<\/td><td class=\"has-text-align-center\" data-align=\"center\">16<\/td><td class=\"has-text-align-center\" data-align=\"center\">75-103<\/td><td class=\"has-text-align-center\" data-align=\"center\">76-106<\/td><td class=\"has-text-align-center\" data-align=\"center\">68-78<\/td><td class=\"has-text-align-center\" data-align=\"center\">23<\/td><\/tr><tr><td class=\"has-text-align-center\" data-align=\"center\" colspan=\"6\"><strong>Tabla de tallas (pulgadas)<\/strong><\/td><\/tr><tr><td class=\"has-text-align-center\" data-align=\"center\"><strong>Tama\u00f1o<\/strong><\/td><td class=\"has-text-align-center\" data-align=\"center\"><strong>Longitud (pulg.)<\/strong><\/td><td class=\"has-text-align-center\" data-align=\"center\"><strong>Debajo del busto (en)<\/strong><\/td><td class=\"has-text-align-center\" data-align=\"center\"><strong>Cintura (pulg.)<\/strong><\/td><td class=\"has-text-align-center\" data-align=\"center\"><strong>Cintura (pulg.)<\/strong><\/td><td class=\"has-text-align-center\" data-align=\"center\"><strong>Longitud (pulg.)<\/strong><\/td><\/tr><tr><td class=\"has-text-align-center\" data-align=\"center\">S<\/td><td class=\"has-text-align-center\" data-align=\"center\">5.51<\/td><td class=\"has-text-align-center\" data-align=\"center\">26.38-37.40<\/td><td class=\"has-text-align-center\" data-align=\"center\">26.77-38.58<\/td><td class=\"has-text-align-center\" data-align=\"center\">23.62-27.56<\/td><td class=\"has-text-align-center\" data-align=\"center\">8.27<\/td><\/tr><tr><td class=\"has-text-align-center\" data-align=\"center\">METRO<\/td><td class=\"has-text-align-center\" data-align=\"center\">5.91<\/td><td class=\"has-text-align-center\" data-align=\"center\">27.95-38.98<\/td><td class=\"has-text-align-center\" data-align=\"center\">28.35-40.16<\/td><td class=\"has-text-align-center\" data-align=\"center\">25.20-29.13<\/td><td class=\"has-text-align-center\" data-align=\"center\">8.66<\/td><\/tr><tr><td class=\"has-text-align-center\" data-align=\"center\">L<\/td><td class=\"has-text-align-center\" data-align=\"center\">6.30<\/td><td class=\"has-text-align-center\" data-align=\"center\">29.53-40.55<\/td><td class=\"has-text-align-center\" data-align=\"center\">29.92-41.73<\/td><td class=\"has-text-align-center\" data-align=\"center\">26.77-30.71<\/td><td class=\"has-text-align-center\" data-align=\"center\">9.06<\/td><\/tr><\/tbody><\/table><\/figure>","protected":false},"excerpt":{"rendered":"<p>Descubra la esencia del romance con nuestros <strong>conjunto de sujetador y liguero de encaje<\/strong>, con malla transparente color piel adornada con exquisitas flores bordadas en negro. Este conjunto es una mezcla po\u00e9tica de elegancia y encanto.<\/p>","protected":false},"featured_media":47878,"template":"","meta":[],"product_brand":[],"product_cat":[368,367,375],"product_tag":[507,861,454,446,865],"class_list":{"0":"post-47889","1":"product","2":"type-product","3":"status-publish","4":"has-post-thumbnail","6":"product_cat-bra-panty-set","7":"product_cat-sexy-lingerie","8":"product_cat-whoelsale-sheer-bra-and-panty-sets","9":"product_tag-three-pcs-set","10":"product_tag-brunette-lingerie","11":"product_tag-wholesale-sexy-embroidered-lingerie","12":"product_tag-wholesale-sexy-see-through-lingerie","13":"product_tag-sexy-skimpy-lingerie","14":"pa_color-black","15":"pa_size-wholesale-large-size-women-sexy-lingerie","16":"pa_size-wholesale-medium-size-women-sexy-lingerie","17":"pa_size-wholesale-small-size-sexy-lingerie","19":"first","20":"instock","21":"taxable","22":"shipping-taxable","23":"purchasable","24":"product-type-variable"},"tiered_pricing_type":"fixed","tiered_pricing_fixed_rules":[],"tiered_pricing_product_settings":{"layout":"table","base_unit_name":{"singular":null,"plural":null},"default_variation":null},"tiered_pricing_minimum_quantity":null,"tiered_pricing_roles_data":[],"tiered_pricing_percentage_rules":[],"tiered_pricing_maximum_quantity":null,"tiered_pricing_quantity_step":null,"_links":{"self":[{"href":"https:\/\/gretasexylingerie.com\/es\/wp-json\/wp\/v2\/product\/47889","targetHints":{"allow":["GET"]}}],"collection":[{"href":"https:\/\/gretasexylingerie.com\/es\/wp-json\/wp\/v2\/product"}],"about":[{"href":"https:\/\/gretasexylingerie.com\/es\/wp-json\/wp\/v2\/types\/product"}],"wp:featuredmedia":[{"embeddable":true,"href":"https:\/\/gretasexylingerie.com\/es\/wp-json\/wp\/v2\/media\/47878"}],"wp:attachment":[{"href":"https:\/\/gretasexylingerie.com\/es\/wp-json\/wp\/v2\/media?parent=47889"}],"wp:term":[{"taxonomy":"product_brand","embeddable":true,"href":"https:\/\/gretasexylingerie.com\/es\/wp-json\/wp\/v2\/product_brand?post=47889"},{"taxonomy":"product_cat","embeddable":true,"href":"https:\/\/gretasexylingerie.com\/es\/wp-json\/wp\/v2\/product_cat?post=47889"},{"taxonomy":"product_tag","embeddable":true,"href":"https:\/\/gretasexylingerie.com\/es\/wp-json\/wp\/v2\/product_tag?post=47889"}],"curies":[{"name":"Gracias","href":"https:\/\/api.w.org\/{rel}","templated":true}]}}