{"id":47865,"date":"2024-01-23T10:17:28","date_gmt":"2024-01-23T02:17:28","guid":{"rendered":"https:\/\/gretasexylingerie.com\/?post_type=product&#038;p=47865"},"modified":"2024-04-04T15:00:32","modified_gmt":"2024-04-04T07:00:32","slug":"al-por-mayor-traje-femenino-spandex","status":"publish","type":"product","link":"https:\/\/gretasexylingerie.com\/es\/products\/wholesale-spandex-female-bodysuit\/","title":{"rendered":"Body femenino de spandex al por mayor con dise\u00f1o hueco"},"content":{"rendered":"<p><strong>Estilo de correa ancha<\/strong>: Ofreciendo comodidad y soporte, el dise\u00f1o de tirantes anchos de este body es una opci\u00f3n pr\u00e1ctica pero elegante para cualquier evento de moda.<\/p>\n\n\n\n<p><strong>Dise\u00f1o hueco<\/strong>: El atrevido dise\u00f1o hueco a\u00f1ade un toque provocativo a esto. <strong>mono de spandex<\/strong>, perfecto para hacer una declaraci\u00f3n de moda audaz.<\/p>\n\n\n\n<p><strong>Atractivo s\u00faper sexy<\/strong>: Dise\u00f1ado para personas atrevidas y seguras de s\u00ed mismas, este body es una expresi\u00f3n de sensualidad, ideal para eventos rave o como pieza destacada de vestuario.<\/p>\n\n\n\n<p><strong>Dise\u00f1o de cuello halter.<\/strong>: Combinando una silueta moderna con un cuello halter cl\u00e1sico, este body ofrece una combinaci\u00f3n \u00fanica de estilo y elegancia.<\/p>\n\n\n\n<p><strong>Gama de tama\u00f1os vers\u00e1til<\/strong>: Disponible en tallas S, M, L y en colores vibrantes (negro, rojo y rosa intenso), se adapta a una clientela diversa y garantiza un ajuste perfecto para una variedad de tipos de cuerpo.<\/p>\n\n\n\n<p>Ad\u00e9ntrate en el mundo de la moda atrevida con nuestro impresionante body femenino. Su dise\u00f1o \u00fanico y sus colores vibrantes lo convierten en imprescindible para quienes aman destacar. Perfecto para raves, fiestas o como complemento atrevido a tu colecci\u00f3n de moda. \u00a1Ordene ahora para agregar esta sensacional pieza a su l\u00ednea!<\/p>\n\n\n\n<figure class=\"wp-block-table\"><table><tbody><tr><td class=\"has-text-align-center\" data-align=\"center\" colspan=\"4\"><strong>Tabla de tallas (CM)<\/strong><\/td><\/tr><tr><td class=\"has-text-align-center\" data-align=\"center\"><strong>Tama\u00f1o<\/strong><\/td><td class=\"has-text-align-center\" data-align=\"center\"><strong>Longitud (cm)<\/strong><\/td><td class=\"has-text-align-center\" data-align=\"center\"><strong>Bajo busto (cm)<\/strong><\/td><td class=\"has-text-align-center\" data-align=\"center\"><strong>Cintura (cm)<\/strong><\/td><\/tr><tr><td class=\"has-text-align-center\" data-align=\"center\">S<\/td><td class=\"has-text-align-center\" data-align=\"center\">72<\/td><td class=\"has-text-align-center\" data-align=\"center\">88<\/td><td class=\"has-text-align-center\" data-align=\"center\">64<\/td><\/tr><tr><td class=\"has-text-align-center\" data-align=\"center\">METRO<\/td><td class=\"has-text-align-center\" data-align=\"center\">74<\/td><td class=\"has-text-align-center\" data-align=\"center\">92<\/td><td class=\"has-text-align-center\" data-align=\"center\">68<\/td><\/tr><tr><td class=\"has-text-align-center\" data-align=\"center\">L<\/td><td class=\"has-text-align-center\" data-align=\"center\">76<\/td><td class=\"has-text-align-center\" data-align=\"center\">96<\/td><td class=\"has-text-align-center\" data-align=\"center\">72<\/td><\/tr><tr><td class=\"has-text-align-center\" data-align=\"center\" colspan=\"4\"><strong>Tabla de tallas (pulgadas)<\/strong><\/td><\/tr><tr><td class=\"has-text-align-center\" data-align=\"center\"><strong>Tama\u00f1o<\/strong><\/td><td class=\"has-text-align-center\" data-align=\"center\"><strong>Longitud (pulg.)<\/strong><\/td><td class=\"has-text-align-center\" data-align=\"center\"><strong>Debajo del busto (en)<\/strong><\/td><td class=\"has-text-align-center\" data-align=\"center\"><strong>Cintura (pulg.)<\/strong><\/td><\/tr><tr><td class=\"has-text-align-center\" data-align=\"center\">S<\/td><td class=\"has-text-align-center\" data-align=\"center\">28.35<\/td><td class=\"has-text-align-center\" data-align=\"center\">34.65<\/td><td class=\"has-text-align-center\" data-align=\"center\">25.20<\/td><\/tr><tr><td class=\"has-text-align-center\" data-align=\"center\">METRO<\/td><td class=\"has-text-align-center\" data-align=\"center\">29.13<\/td><td class=\"has-text-align-center\" data-align=\"center\">36.22<\/td><td class=\"has-text-align-center\" data-align=\"center\">26.77<\/td><\/tr><tr><td class=\"has-text-align-center\" data-align=\"center\">L<\/td><td class=\"has-text-align-center\" data-align=\"center\">29.92<\/td><td class=\"has-text-align-center\" data-align=\"center\">37.80<\/td><td class=\"has-text-align-center\" data-align=\"center\">28.35<\/td><\/tr><\/tbody><\/table><\/figure>","protected":false},"excerpt":{"rendered":"<p>Abraza el encanto de nuestra <strong>mono femenino<\/strong>, una combinaci\u00f3n perfecta de tirantes anchos y dise\u00f1o hueco. Este <strong>mono de spandex<\/strong> en negro, rojo y rosa intenso es la mejor opci\u00f3n para un look rave s\u00faper sexy.<\/p>","protected":false},"featured_media":47860,"template":"","meta":[],"product_brand":[],"product_cat":[370,379,367],"product_tag":[528,866,863,447],"class_list":{"0":"post-47865","1":"product","2":"type-product","3":"status-publish","4":"has-post-thumbnail","6":"product_cat-bodysuit","7":"product_cat-wholesale-harness-bodysuit","8":"product_cat-sexy-lingerie","9":"product_tag-halter-lingerie","10":"product_tag-sexy-romper-lingerie","11":"product_tag-sexy-thong-lingerie","12":"product_tag-wholesale-strappy-sexy-lingerie","13":"pa_color-black","14":"pa_size-wholesale-large-size-women-sexy-lingerie","15":"pa_size-wholesale-medium-size-women-sexy-lingerie","16":"pa_size-wholesale-small-size-sexy-lingerie","18":"first","19":"instock","20":"taxable","21":"shipping-taxable","22":"purchasable","23":"product-type-variable"},"tiered_pricing_type":"fixed","tiered_pricing_fixed_rules":[],"tiered_pricing_product_settings":{"layout":"table","base_unit_name":{"singular":null,"plural":null},"default_variation":null},"tiered_pricing_minimum_quantity":null,"tiered_pricing_roles_data":[],"tiered_pricing_percentage_rules":[],"tiered_pricing_maximum_quantity":null,"tiered_pricing_quantity_step":null,"_links":{"self":[{"href":"https:\/\/gretasexylingerie.com\/es\/wp-json\/wp\/v2\/product\/47865","targetHints":{"allow":["GET"]}}],"collection":[{"href":"https:\/\/gretasexylingerie.com\/es\/wp-json\/wp\/v2\/product"}],"about":[{"href":"https:\/\/gretasexylingerie.com\/es\/wp-json\/wp\/v2\/types\/product"}],"wp:featuredmedia":[{"embeddable":true,"href":"https:\/\/gretasexylingerie.com\/es\/wp-json\/wp\/v2\/media\/47860"}],"wp:attachment":[{"href":"https:\/\/gretasexylingerie.com\/es\/wp-json\/wp\/v2\/media?parent=47865"}],"wp:term":[{"taxonomy":"product_brand","embeddable":true,"href":"https:\/\/gretasexylingerie.com\/es\/wp-json\/wp\/v2\/product_brand?post=47865"},{"taxonomy":"product_cat","embeddable":true,"href":"https:\/\/gretasexylingerie.com\/es\/wp-json\/wp\/v2\/product_cat?post=47865"},{"taxonomy":"product_tag","embeddable":true,"href":"https:\/\/gretasexylingerie.com\/es\/wp-json\/wp\/v2\/product_tag?post=47865"}],"curies":[{"name":"Gracias","href":"https:\/\/api.w.org\/{rel}","templated":true}]}}