{"id":47837,"date":"2024-01-23T10:10:40","date_gmt":"2024-01-23T02:10:40","guid":{"rendered":"https:\/\/gretasexylingerie.com\/?post_type=product&#038;p=47837"},"modified":"2024-02-20T13:06:46","modified_gmt":"2024-02-20T05:06:46","slug":"al-por-mayor-conjunto-de-sujetador-y-braguitas-blancas","status":"publish","type":"product","link":"https:\/\/gretasexylingerie.com\/es\/products\/wholesale-white-bra-and-knickers-set\/","title":{"rendered":"Conjunto de sujetador y braguitas blancas al por mayor con bordado de flores"},"content":{"rendered":"<p><strong>Bordado exquisito<\/strong>: El patr\u00f3n de bordado azul claro sobre malla transparente blanca ofrece una apariencia delicada y sofisticada, perfecta para <strong>dise\u00f1o de panty sujetador de red<\/strong> conocedor.<\/p>\n\n\n\n<p><strong>Detalles de encaje de lujo.<\/strong>: Cada pieza de este conjunto, incluido el sujetador, la braga, la liga, los leggings y el anillo para el cuello, est\u00e1 realzada con un encaje exquisito, que agrega un toque de lujo al <strong>ropa interior sujetador de lujo<\/strong> recopilaci\u00f3n.<\/p>\n\n\n\n<p><strong>Juego completo de cinco piezas.<\/strong>: Este conjunto completo proporciona un conjunto completo, asegurando una apariencia armoniosa y completa para cualquier ocasi\u00f3n especial o colecci\u00f3n de lencer\u00eda de lujo.<\/p>\n\n\n\n<p><strong>Variedad de tama\u00f1os<\/strong>: Disponible en tallas S, M y L, este conjunto se adapta a una amplia gama de tipos de cuerpo, lo que lo convierte en una opci\u00f3n vers\u00e1til para su <strong>sujetador blanco y bragas<\/strong> recopilaci\u00f3n.<\/p>\n\n\n\n<p><strong>Combinaci\u00f3n de colores elegante<\/strong>: La combinaci\u00f3n de colores azul claro y blanco irradia un ambiente sereno y elegante, lo que hace de este conjunto una adici\u00f3n \u00fanica y atractiva a cualquier l\u00ednea de lencer\u00eda de alta gama.<\/p>\n\n\n\n<p>Mejore su oferta de lencer\u00eda con este conjunto de sujetador bellamente bordado. Su intrincado dise\u00f1o y su completa colecci\u00f3n de cinco piezas seguramente cautivar\u00e1n y satisfar\u00e1n a su exigente clientela. Perfecto para quienes buscan una combinaci\u00f3n de elegancia y sofisticaci\u00f3n en su elecci\u00f3n de lencer\u00eda. \u00a1Haz tu pedido ahora y aporta un toque de belleza refinada a tu colecci\u00f3n!<\/p>\n\n\n\n<figure class=\"wp-block-table\"><table><tbody><tr><td class=\"has-text-align-center\" data-align=\"center\" colspan=\"6\"><strong>Tabla de tallas (CM)<\/strong><\/td><\/tr><tr><td class=\"has-text-align-center\" data-align=\"center\"><strong>Tama\u00f1o<\/strong><\/td><td class=\"has-text-align-center\" data-align=\"center\"><strong>Longitud (cm)<\/strong><\/td><td class=\"has-text-align-center\" data-align=\"center\"><strong>Bajo busto (cm)<\/strong><\/td><td class=\"has-text-align-center\" data-align=\"center\"><strong>Cintura (cm)<\/strong><\/td><td class=\"has-text-align-center\" data-align=\"center\"><strong>Cintura (cm)<\/strong><\/td><td class=\"has-text-align-center\" data-align=\"center\"><strong>Longitud (cm)<\/strong><\/td><\/tr><tr><td class=\"has-text-align-center\" data-align=\"center\">S<\/td><td class=\"has-text-align-center\" data-align=\"center\">14<\/td><td class=\"has-text-align-center\" data-align=\"center\">64-84<\/td><td class=\"has-text-align-center\" data-align=\"center\">68-98<\/td><td class=\"has-text-align-center\" data-align=\"center\">68-88<\/td><td class=\"has-text-align-center\" data-align=\"center\">19<\/td><\/tr><tr><td class=\"has-text-align-center\" data-align=\"center\">METRO<\/td><td class=\"has-text-align-center\" data-align=\"center\">15<\/td><td class=\"has-text-align-center\" data-align=\"center\">68-88<\/td><td class=\"has-text-align-center\" data-align=\"center\">72-102<\/td><td class=\"has-text-align-center\" data-align=\"center\">72-92<\/td><td class=\"has-text-align-center\" data-align=\"center\">20<\/td><\/tr><tr><td class=\"has-text-align-center\" data-align=\"center\">L<\/td><td class=\"has-text-align-center\" data-align=\"center\">16<\/td><td class=\"has-text-align-center\" data-align=\"center\">72-92<\/td><td class=\"has-text-align-center\" data-align=\"center\">76-106<\/td><td class=\"has-text-align-center\" data-align=\"center\">76-96<\/td><td class=\"has-text-align-center\" data-align=\"center\">21<\/td><\/tr><tr><td class=\"has-text-align-center\" data-align=\"center\" colspan=\"6\"><strong>Tabla de tallas (pulgadas)<\/strong><\/td><\/tr><tr><td class=\"has-text-align-center\" data-align=\"center\"><strong>Tama\u00f1o<\/strong><\/td><td class=\"has-text-align-center\" data-align=\"center\"><strong>Longitud (pulg.)<\/strong><\/td><td class=\"has-text-align-center\" data-align=\"center\"><strong>Debajo del busto (en)<\/strong><\/td><td class=\"has-text-align-center\" data-align=\"center\"><strong>Cintura (pulg.)<\/strong><\/td><td class=\"has-text-align-center\" data-align=\"center\"><strong>Cintura (pulg.)<\/strong><\/td><td class=\"has-text-align-center\" data-align=\"center\"><strong>Longitud (pulg.)<\/strong><\/td><\/tr><tr><td class=\"has-text-align-center\" data-align=\"center\">S<\/td><td class=\"has-text-align-center\" data-align=\"center\">5.51<\/td><td class=\"has-text-align-center\" data-align=\"center\">25.20-33.07<\/td><td class=\"has-text-align-center\" data-align=\"center\">26.77-38.58<\/td><td class=\"has-text-align-center\" data-align=\"center\">26.77-34.65<\/td><td class=\"has-text-align-center\" data-align=\"center\">7.48<\/td><\/tr><tr><td class=\"has-text-align-center\" data-align=\"center\">METRO<\/td><td class=\"has-text-align-center\" data-align=\"center\">5.91<\/td><td class=\"has-text-align-center\" data-align=\"center\">26.77-34.65<\/td><td class=\"has-text-align-center\" data-align=\"center\">28.35-40.16<\/td><td class=\"has-text-align-center\" data-align=\"center\">28.35-36.22<\/td><td class=\"has-text-align-center\" data-align=\"center\">7.87<\/td><\/tr><tr><td class=\"has-text-align-center\" data-align=\"center\">L<\/td><td class=\"has-text-align-center\" data-align=\"center\">6.30<\/td><td class=\"has-text-align-center\" data-align=\"center\">28.35-36.22<\/td><td class=\"has-text-align-center\" data-align=\"center\">29.92-41.73<\/td><td class=\"has-text-align-center\" data-align=\"center\">29.92-37.80<\/td><td class=\"has-text-align-center\" data-align=\"center\">8.27<\/td><\/tr><\/tbody><\/table><\/figure>\n\n\n\n<p><\/p>","protected":false},"excerpt":{"rendered":"<p>Descubra el encanto de nuestra <strong>sujetador blanco y bragas<\/strong> Conjunto, adornado con bordado celeste sobre malla transparente blanca. Este <strong>ropa interior sujetador de lujo<\/strong> El conjunto es una sinfon\u00eda de elegancia y encanto.<\/p>","protected":false},"featured_media":47828,"template":"","meta":[],"product_brand":[],"product_cat":[368,369,367],"product_tag":[505,454,875,518],"class_list":{"0":"post-47837","1":"product","2":"type-product","3":"status-publish","4":"has-post-thumbnail","6":"product_cat-bra-panty-set","7":"product_cat-wholesale-lace-bra-and-panty-sets","8":"product_cat-sexy-lingerie","9":"product_tag-5-piece-lingerie-set","10":"product_tag-wholesale-sexy-embroidered-lingerie","11":"product_tag-lace-sexy-lingerie","12":"product_tag-mesh-lingerie","13":"pa_color-white","14":"pa_size-wholesale-large-size-women-sexy-lingerie","15":"pa_size-wholesale-medium-size-women-sexy-lingerie","16":"pa_size-wholesale-small-size-sexy-lingerie","18":"first","19":"instock","20":"taxable","21":"shipping-taxable","22":"purchasable","23":"product-type-variable"},"tiered_pricing_type":"fixed","tiered_pricing_fixed_rules":[],"tiered_pricing_product_settings":{"layout":"table","base_unit_name":{"singular":null,"plural":null},"default_variation":{}},"tiered_pricing_minimum_quantity":null,"tiered_pricing_roles_data":[],"tiered_pricing_percentage_rules":[],"tiered_pricing_maximum_quantity":null,"tiered_pricing_quantity_step":null,"_links":{"self":[{"href":"https:\/\/gretasexylingerie.com\/es\/wp-json\/wp\/v2\/product\/47837","targetHints":{"allow":["GET"]}}],"collection":[{"href":"https:\/\/gretasexylingerie.com\/es\/wp-json\/wp\/v2\/product"}],"about":[{"href":"https:\/\/gretasexylingerie.com\/es\/wp-json\/wp\/v2\/types\/product"}],"wp:featuredmedia":[{"embeddable":true,"href":"https:\/\/gretasexylingerie.com\/es\/wp-json\/wp\/v2\/media\/47828"}],"wp:attachment":[{"href":"https:\/\/gretasexylingerie.com\/es\/wp-json\/wp\/v2\/media?parent=47837"}],"wp:term":[{"taxonomy":"product_brand","embeddable":true,"href":"https:\/\/gretasexylingerie.com\/es\/wp-json\/wp\/v2\/product_brand?post=47837"},{"taxonomy":"product_cat","embeddable":true,"href":"https:\/\/gretasexylingerie.com\/es\/wp-json\/wp\/v2\/product_cat?post=47837"},{"taxonomy":"product_tag","embeddable":true,"href":"https:\/\/gretasexylingerie.com\/es\/wp-json\/wp\/v2\/product_tag?post=47837"}],"curies":[{"name":"Gracias","href":"https:\/\/api.w.org\/{rel}","templated":true}]}}