{"id":47794,"date":"2024-01-20T22:28:54","date_gmt":"2024-01-20T14:28:54","guid":{"rendered":"https:\/\/gretasexylingerie.com\/?post_type=product&#038;p=47794"},"modified":"2024-02-20T13:08:37","modified_gmt":"2024-02-20T05:08:37","slug":"venta-al-por-mayor-de-bragas-y-sujetador-para-mujer-en-encaje-blanco-y-negro","status":"publish","type":"product","link":"https:\/\/gretasexylingerie.com\/es\/products\/wholesale-ladies-panties-and-bra-set-in-black-and-white-lace\/","title":{"rendered":"Venta al por mayor de bragas y sujetador para mujer en encaje blanco y negro"},"content":{"rendered":"<p><strong>Contraste cl\u00e1sico: <\/strong>El contraste blanco y negro en este <strong>Conjunto de bragas y sujetador para mujer.<\/strong> ofrece un atractivo atemporal, perfecto para quienes valoran tanto la elegancia cl\u00e1sica como el dise\u00f1o contempor\u00e1neo.<\/p>\n\n\n\n<p><strong>Volantes de encaje:<\/strong> Los delicados volantes de encaje a\u00f1aden un toque de sofisticaci\u00f3n, haciendo de este <strong>conjuntos de sujetador y braguita blanca<\/strong> colecci\u00f3n una elecci\u00f3n exquisita para vestidos de novia u ocasiones especiales.<\/p>\n\n\n\n<p><strong>Decoraci\u00f3n De Arco: <\/strong>Los encantadores adornos de lazo brindan un toque dulce y rom\u00e1ntico, realzando el atractivo del juego y convirti\u00e9ndolo en una opci\u00f3n encantadora para su clientela.<\/p>\n\n\n\n<p><strong>Elegancia vers\u00e1til: <\/strong>Este conjunto es m\u00e1s que un simple elemento nupcial; su dise\u00f1o vers\u00e1til lo hace adecuado para diversas ocasiones y atrae a una amplia base de clientes.<\/p>\n\n\n\n<p><strong>La comodidad se une al estilo: <\/strong>Dise\u00f1ado para brindar comodidad sin comprometer el estilo, este conjunto garantiza un ajuste favorecedor, lo que lo convierte en una opci\u00f3n pr\u00e1ctica pero elegante para el lujo cotidiano.<\/p>\n\n\n\n<p>A\u00f1ade un toque de elegancia atemporal a tu colecci\u00f3n con nuestro conjunto de sujetador de encaje blanco y negro. Perfecto para el lujo nupcial y cotidiano, est\u00e1 dise\u00f1ado para deleitar e impresionar. \u00a1Haz tu pedido ahora y ofrece a tus clientes la combinaci\u00f3n perfecta de estilo y comodidad!<\/p>\n\n\n\n<figure class=\"wp-block-table aligncenter\"><table><tbody><tr><td class=\"has-text-align-center\" data-align=\"center\" colspan=\"7\"><strong>Tabla de tallas (CM)<\/strong><\/td><\/tr><tr><td class=\"has-text-align-center\" data-align=\"center\"><strong>Tama\u00f1o<\/strong><\/td><td class=\"has-text-align-center\" data-align=\"center\"><strong>Altura de la copa (cm)<\/strong><\/td><td class=\"has-text-align-center\" data-align=\"center\"><strong>Longitud (cm)<\/strong><\/td><td class=\"has-text-align-center\" data-align=\"center\"><strong>Busto superior (cm)<\/strong><\/td><td class=\"has-text-align-center\" data-align=\"center\"><strong>Busto inferior (cm)<\/strong><\/td><td class=\"has-text-align-center\" data-align=\"center\"><strong>Cintura (cm)<\/strong><\/td><td class=\"has-text-align-center\" data-align=\"center\"><strong>Cintura (cm)<\/strong><\/td><\/tr><tr><td class=\"has-text-align-center\" data-align=\"center\">METRO<\/td><td class=\"has-text-align-center\" data-align=\"center\">13.5<\/td><td class=\"has-text-align-center\" data-align=\"center\">15<\/td><td class=\"has-text-align-center\" data-align=\"center\">64-88<\/td><td class=\"has-text-align-center\" data-align=\"center\">61-88<\/td><td class=\"has-text-align-center\" data-align=\"center\">57-92<\/td><td class=\"has-text-align-center\" data-align=\"center\">61-96<\/td><\/tr><tr><td class=\"has-text-align-center\" data-align=\"center\">METRO<\/td><td class=\"has-text-align-center\" data-align=\"center\">14.5<\/td><td class=\"has-text-align-center\" data-align=\"center\">16<\/td><td class=\"has-text-align-center\" data-align=\"center\">68-92<\/td><td class=\"has-text-align-center\" data-align=\"center\">65-92<\/td><td class=\"has-text-align-center\" data-align=\"center\">61-96<\/td><td class=\"has-text-align-center\" data-align=\"center\">65-100<\/td><\/tr><tr><td class=\"has-text-align-center\" data-align=\"center\">L<\/td><td class=\"has-text-align-center\" data-align=\"center\">15.5<\/td><td class=\"has-text-align-center\" data-align=\"center\">17<\/td><td class=\"has-text-align-center\" data-align=\"center\">72-96<\/td><td class=\"has-text-align-center\" data-align=\"center\">69-96<\/td><td class=\"has-text-align-center\" data-align=\"center\">65-100<\/td><td class=\"has-text-align-center\" data-align=\"center\">69-104<\/td><\/tr><tr><td class=\"has-text-align-center\" data-align=\"center\" colspan=\"7\"><strong>Tabla de tallas (pulgadas)<\/strong><\/td><\/tr><tr><td class=\"has-text-align-center\" data-align=\"center\"><strong>Tama\u00f1o<\/strong><\/td><td class=\"has-text-align-center\" data-align=\"center\"><strong>Altura de la copa (pulg.)<\/strong><\/td><td class=\"has-text-align-center\" data-align=\"center\"><strong>Longitud (pulg.)<\/strong><\/td><td class=\"has-text-align-center\" data-align=\"center\"><strong>Busto superior (pulg.)<\/strong><\/td><td class=\"has-text-align-center\" data-align=\"center\"><strong>Busto inferior (pulg.)<\/strong><\/td><td class=\"has-text-align-center\" data-align=\"center\"><strong>Pretina (pulg.)<\/strong><\/td><td class=\"has-text-align-center\" data-align=\"center\"><strong>Cintura (pulg.)<\/strong><\/td><\/tr><tr><td class=\"has-text-align-center\" data-align=\"center\">METRO<\/td><td class=\"has-text-align-center\" data-align=\"center\">5.31<\/td><td class=\"has-text-align-center\" data-align=\"center\">5.91<\/td><td class=\"has-text-align-center\" data-align=\"center\">25.20-34.65<\/td><td class=\"has-text-align-center\" data-align=\"center\">24.02-34.65<\/td><td class=\"has-text-align-center\" data-align=\"center\">22.44-36.22<\/td><td class=\"has-text-align-center\" data-align=\"center\">24.02-37.80<\/td><\/tr><tr><td class=\"has-text-align-center\" data-align=\"center\">METRO<\/td><td class=\"has-text-align-center\" data-align=\"center\">5.71<\/td><td class=\"has-text-align-center\" data-align=\"center\">6.30<\/td><td class=\"has-text-align-center\" data-align=\"center\">26.77-36.22<\/td><td class=\"has-text-align-center\" data-align=\"center\">25.59-36.22<\/td><td class=\"has-text-align-center\" data-align=\"center\">24.02-37.80<\/td><td class=\"has-text-align-center\" data-align=\"center\">25.59-39.37<\/td><\/tr><tr><td class=\"has-text-align-center\" data-align=\"center\">L<\/td><td class=\"has-text-align-center\" data-align=\"center\">6.10<\/td><td class=\"has-text-align-center\" data-align=\"center\">6.69<\/td><td class=\"has-text-align-center\" data-align=\"center\">28.35-37.80<\/td><td class=\"has-text-align-center\" data-align=\"center\">27.17-37.80<\/td><td class=\"has-text-align-center\" data-align=\"center\">25.59-39.37<\/td><td class=\"has-text-align-center\" data-align=\"center\">27.17-40.94<\/td><\/tr><\/tbody><\/table><\/figure>","protected":false},"excerpt":{"rendered":"<p>Abraza la elegancia cl\u00e1sica con nuestro <strong>Conjunto de bragas y sujetador para mujer.<\/strong>, con un llamativo contraste en blanco y negro y delicados volantes de encaje. Este <strong>sujetador panty conjunto nupcial<\/strong> es una mezcla de tradici\u00f3n y encanto moderno.<\/p>","protected":false},"featured_media":47793,"template":"","meta":[],"product_brand":[],"product_cat":[368,369,367],"product_tag":[868,452,510],"class_list":{"0":"post-47794","1":"product","2":"type-product","3":"status-publish","4":"has-post-thumbnail","6":"product_cat-bra-panty-set","7":"product_cat-wholesale-lace-bra-and-panty-sets","8":"product_cat-sexy-lingerie","9":"product_tag-4-piece-lingerie-set","10":"product_tag-wholesale-boudoir-lingerie","11":"product_tag-ruffles-lingerie","12":"pa_color-black","13":"pa_size-wholesale-large-size-women-sexy-lingerie","14":"pa_size-wholesale-medium-size-women-sexy-lingerie","15":"pa_size-wholesale-small-size-sexy-lingerie","17":"first","18":"instock","19":"taxable","20":"shipping-taxable","21":"purchasable","22":"product-type-variable"},"tiered_pricing_type":"fixed","tiered_pricing_fixed_rules":[],"tiered_pricing_product_settings":{"layout":"table","base_unit_name":{"singular":null,"plural":null},"default_variation":null},"tiered_pricing_minimum_quantity":null,"tiered_pricing_roles_data":[],"tiered_pricing_percentage_rules":[],"tiered_pricing_maximum_quantity":null,"tiered_pricing_quantity_step":null,"_links":{"self":[{"href":"https:\/\/gretasexylingerie.com\/es\/wp-json\/wp\/v2\/product\/47794","targetHints":{"allow":["GET"]}}],"collection":[{"href":"https:\/\/gretasexylingerie.com\/es\/wp-json\/wp\/v2\/product"}],"about":[{"href":"https:\/\/gretasexylingerie.com\/es\/wp-json\/wp\/v2\/types\/product"}],"wp:featuredmedia":[{"embeddable":true,"href":"https:\/\/gretasexylingerie.com\/es\/wp-json\/wp\/v2\/media\/47793"}],"wp:attachment":[{"href":"https:\/\/gretasexylingerie.com\/es\/wp-json\/wp\/v2\/media?parent=47794"}],"wp:term":[{"taxonomy":"product_brand","embeddable":true,"href":"https:\/\/gretasexylingerie.com\/es\/wp-json\/wp\/v2\/product_brand?post=47794"},{"taxonomy":"product_cat","embeddable":true,"href":"https:\/\/gretasexylingerie.com\/es\/wp-json\/wp\/v2\/product_cat?post=47794"},{"taxonomy":"product_tag","embeddable":true,"href":"https:\/\/gretasexylingerie.com\/es\/wp-json\/wp\/v2\/product_tag?post=47794"}],"curies":[{"name":"Gracias","href":"https:\/\/api.w.org\/{rel}","templated":true}]}}