{"id":46096,"date":"2023-10-23T00:31:26","date_gmt":"2023-10-22T16:31:26","guid":{"rendered":"https:\/\/gretasexylingerie.com\/?post_type=product&#038;p=46096"},"modified":"2023-10-23T00:33:03","modified_gmt":"2023-10-22T16:33:03","slug":"al-por-mayor-sexy-uniforme-de-mucama-negro-con-volantes-blancos","status":"publish","type":"product","link":"https:\/\/gretasexylingerie.com\/es\/products\/wholesale-sexy-black-maid-uniform-with-white-ruffles\/","title":{"rendered":"Uniforme de mucama negro sexy con volantes blancos al por mayor"},"content":{"rendered":"<ol class=\"wp-block-list\">\n<li>Listo para discoteca: nuestro uniforme de mucama negro est\u00e1 dise\u00f1ado para la mujer moderna que busca hacer una declaraci\u00f3n. El sexy dise\u00f1o de mucama francesa combina elementos de servicio cl\u00e1sicos con un toque de atractivo de club nocturno contempor\u00e1neo, lo que lo convierte en la mejor opci\u00f3n para quienes buscan una combinaci\u00f3n de servicio y seducci\u00f3n.<\/li>\n\n\n\n<li>Volantes blancos de celebridades de Internet: los volantes blancos, inspirados en las tendencias de las celebridades de Internet, ofrecen un toque de encanto divertido, que los distingue de los trajes de sirvienta tradicionales. Su intrincado dise\u00f1o garantiza un atractivo destacado para esos momentos especiales.<\/li>\n\n\n\n<li>Dise\u00f1o transparente en V profunda: el dise\u00f1o en V profunda agrega un toque de sofisticaci\u00f3n sensual, capturando la esencia del look cl\u00e1sico de mucama y agregando un toque moderno.<\/li>\n\n\n\n<li>Falda corta que deja al descubierto los gl\u00fateos: El dise\u00f1o de falda corta, complementado con la caracter\u00edstica que deja al descubierto los gl\u00fateos, ofrece comodidad y estilo, lo que garantiza que los usuarios se sientan seguros y atractivos.<\/li>\n\n\n\n<li>Conjunto completo: desde la falda y las bragas definitorias hasta el delantal, la diadema, el cuello, los guantes y el bast\u00f3n de plumas complementarios, cada pieza de este conjunto complementa el aspecto general y ofrece a los clientes una experiencia de juego de roles completa.<\/li>\n<\/ol>\n\n\n\n<p>Ampl\u00ede su colecci\u00f3n minorista con nuestro disfraz de ama de llaves sexy, que combina elegancia cl\u00e1sica con materiales modernos. Sum\u00e9rgete en el mundo de los trajes de limpieza sexys con este conjunto. Cont\u00e1ctanos para consultas mayoristas y eleva tu surtido.<\/p>","protected":false},"excerpt":{"rendered":"<p>Sea el centro de atenci\u00f3n con nuestro uniforme de mucama negro, perfecto para eventos de discotecas y fiestas tem\u00e1ticas. Adornado con volantes blancos de celebridades de Internet y un dise\u00f1o transparente en V profunda, este conjunto es el ep\u00edtome de la elegancia sensual. Sum\u00e9rgete en una narrativa de servicio, atractivo y encanto divertido.<\/p>","protected":false},"featured_media":46104,"template":"","meta":[],"product_brand":[],"product_cat":[974],"product_tag":[989],"class_list":{"0":"post-46096","1":"product","2":"type-product","3":"status-publish","4":"has-post-thumbnail","6":"product_cat-wholesale-sexy-costumes","7":"product_tag-nurse-costume","8":"pa_color-black","9":"pa_size-free","11":"first","12":"instock","13":"taxable","14":"shipping-taxable","15":"purchasable","16":"product-type-variable"},"tiered_pricing_type":"fixed","tiered_pricing_fixed_rules":[],"tiered_pricing_product_settings":{"layout":"default","base_unit_name":{"singular":null,"plural":null},"default_variation":{}},"tiered_pricing_minimum_quantity":null,"tiered_pricing_roles_data":[],"tiered_pricing_percentage_rules":[],"tiered_pricing_maximum_quantity":null,"tiered_pricing_quantity_step":null,"_links":{"self":[{"href":"https:\/\/gretasexylingerie.com\/es\/wp-json\/wp\/v2\/product\/46096","targetHints":{"allow":["GET"]}}],"collection":[{"href":"https:\/\/gretasexylingerie.com\/es\/wp-json\/wp\/v2\/product"}],"about":[{"href":"https:\/\/gretasexylingerie.com\/es\/wp-json\/wp\/v2\/types\/product"}],"wp:featuredmedia":[{"embeddable":true,"href":"https:\/\/gretasexylingerie.com\/es\/wp-json\/wp\/v2\/media\/46104"}],"wp:attachment":[{"href":"https:\/\/gretasexylingerie.com\/es\/wp-json\/wp\/v2\/media?parent=46096"}],"wp:term":[{"taxonomy":"product_brand","embeddable":true,"href":"https:\/\/gretasexylingerie.com\/es\/wp-json\/wp\/v2\/product_brand?post=46096"},{"taxonomy":"product_cat","embeddable":true,"href":"https:\/\/gretasexylingerie.com\/es\/wp-json\/wp\/v2\/product_cat?post=46096"},{"taxonomy":"product_tag","embeddable":true,"href":"https:\/\/gretasexylingerie.com\/es\/wp-json\/wp\/v2\/product_tag?post=46096"}],"curies":[{"name":"Gracias","href":"https:\/\/api.w.org\/{rel}","templated":true}]}}