{"id":46065,"date":"2023-10-21T23:34:00","date_gmt":"2023-10-21T15:34:00","guid":{"rendered":"https:\/\/gretasexylingerie.com\/?post_type=product&#038;p=46065"},"modified":"2023-10-22T00:03:36","modified_gmt":"2023-10-21T16:03:36","slug":"venta-al-por-mayor-disfraz-de-gato-sexy-mono-hueco-de-leopardo-negro","status":"publish","type":"product","link":"https:\/\/gretasexylingerie.com\/es\/products\/wholesale-sexy-cat-costume-black-leopard-hollow-bodysuit\/","title":{"rendered":"Traje De Gato Sexy Traje Hueco De Leopardo Negro Al Por Mayor"},"content":{"rendered":"<ol class=\"wp-block-list\">\n<li>Fierce Feline Allure: Nuestro sexy disfraz de ni\u00f1a gato captura el encanto atemporal del ic\u00f3nico gato. El sexy dise\u00f1o del traje de gato de Halloween combina elementos cl\u00e1sicos de gato con un toque de sensualidad moderna, lo que lo convierte en la mejor opci\u00f3n para quienes buscan una combinaci\u00f3n de salvajismo y encanto.<\/li>\n\n\n\n<li>Body sensual con estampado de leopardo: el dise\u00f1o hueco con estampado de leopardo negro ofrece un encanto atrevido, que lo distingue de los trajes tradicionales de gato. Su intrincado dise\u00f1o garantiza un atractivo destacado para esas noches especiales.<\/li>\n\n\n\n<li>Elegante pajarita roja: La pajarita roja a\u00f1ade un toque de sofisticaci\u00f3n y elegancia, capturando la naturaleza dual del gato juguet\u00f3n y seductor.<\/li>\n\n\n\n<li>Conjunto completo de accesorios: desde la diadema definitoria y el elegante collar hasta la pulsera complementaria, el cintur\u00f3n con estampado de leopardo y la cola, cada accesorio de este conjunto complementa el aspecto general y ofrece a los clientes una experiencia de juego de roles completa.<\/li>\n\n\n\n<li>Listo para venta al por mayor: Dise\u00f1ado para venta al por mayor, este disfraz de chica gato sexy se convertir\u00e1 en un art\u00edculo m\u00e1s vendido. Es m\u00e1s que un simple disfraz; es una encarnaci\u00f3n de la fantas\u00eda y la exploraci\u00f3n l\u00fadica.<\/li>\n<\/ol>\n\n\n\n<p>Ampl\u00ede su colecci\u00f3n minorista con nuestro sexy catsuit de una pieza, que combina elegancia salvaje con materiales modernos. Sum\u00e9rgete en el mundo de los trajes de cosplay para gatos con este conjunto. Cont\u00e1ctanos para consultas mayoristas y eleva tu surtido.<\/p>","protected":false},"excerpt":{"rendered":"<p>Da rienda suelta a tu lado salvaje con nuestro sexy disfraz de ni\u00f1a gata, perfecto para Halloween y fiestas tem\u00e1ticas. Este body hueco con estampado de leopardo negro, acentuado con una pajarita roja, encarna el encanto del felino feroz. Sum\u00e9rgete en una narrativa de elegancia salvaje y encanto seductor.<\/p>","protected":false},"featured_media":46069,"template":"","meta":[],"product_brand":[],"product_cat":[974],"product_tag":[1006,869,1005],"class_list":{"0":"post-46065","1":"product","2":"type-product","3":"status-publish","4":"has-post-thumbnail","6":"product_cat-wholesale-sexy-costumes","7":"product_tag-animal-costumes","8":"product_tag-sexy-animal-print-lingerie","9":"product_tag-sexy-cat-costumes","10":"pa_color-black","11":"pa_size-free","13":"first","14":"instock","15":"taxable","16":"shipping-taxable","17":"purchasable","18":"product-type-variable"},"tiered_pricing_type":"fixed","tiered_pricing_fixed_rules":[],"tiered_pricing_product_settings":{"layout":"default","base_unit_name":{"singular":null,"plural":null},"default_variation":{}},"tiered_pricing_minimum_quantity":null,"tiered_pricing_roles_data":[],"tiered_pricing_percentage_rules":[],"tiered_pricing_maximum_quantity":null,"tiered_pricing_quantity_step":null,"_links":{"self":[{"href":"https:\/\/gretasexylingerie.com\/es\/wp-json\/wp\/v2\/product\/46065","targetHints":{"allow":["GET"]}}],"collection":[{"href":"https:\/\/gretasexylingerie.com\/es\/wp-json\/wp\/v2\/product"}],"about":[{"href":"https:\/\/gretasexylingerie.com\/es\/wp-json\/wp\/v2\/types\/product"}],"wp:featuredmedia":[{"embeddable":true,"href":"https:\/\/gretasexylingerie.com\/es\/wp-json\/wp\/v2\/media\/46069"}],"wp:attachment":[{"href":"https:\/\/gretasexylingerie.com\/es\/wp-json\/wp\/v2\/media?parent=46065"}],"wp:term":[{"taxonomy":"product_brand","embeddable":true,"href":"https:\/\/gretasexylingerie.com\/es\/wp-json\/wp\/v2\/product_brand?post=46065"},{"taxonomy":"product_cat","embeddable":true,"href":"https:\/\/gretasexylingerie.com\/es\/wp-json\/wp\/v2\/product_cat?post=46065"},{"taxonomy":"product_tag","embeddable":true,"href":"https:\/\/gretasexylingerie.com\/es\/wp-json\/wp\/v2\/product_tag?post=46065"}],"curies":[{"name":"Gracias","href":"https:\/\/api.w.org\/{rel}","templated":true}]}}