{"id":46056,"date":"2023-10-21T22:43:56","date_gmt":"2023-10-21T14:43:56","guid":{"rendered":"https:\/\/gretasexylingerie.com\/?post_type=product&#038;p=46056"},"modified":"2023-10-21T22:44:55","modified_gmt":"2023-10-21T14:44:55","slug":"al-por-mayor-disfraz-de-conejito-de-peluche-negro-negrita","status":"publish","type":"product","link":"https:\/\/gretasexylingerie.com\/es\/products\/wholesale-black-bold-bunny-teddy-costume\/","title":{"rendered":"Disfraz De Conejito De Peluche Negro Negrita al por mayor"},"content":{"rendered":"<ol class=\"wp-block-list\">\n<li>Atractivo ic\u00f3nico de conejita: Nuestro sexy uniforme de conejita personifica el encanto de un conejito. El dise\u00f1o de cosplay del conejito negro combina los elementos ic\u00f3nicos del conejito con un toque de seducci\u00f3n moderna, lo que lo convierte en la mejor opci\u00f3n para quienes buscan una combinaci\u00f3n de alegr\u00eda y elegancia.<\/li>\n\n\n\n<li>Seductor peluche negro transparente: el traje de peluche negro transparente ofrece un encanto atrevido, que lo distingue de los trajes tradicionales de conejita. Su dise\u00f1o transparente garantiza un atractivo destacado para esas noches atrevidas.<\/li>\n\n\n\n<li>Elegantes volantes de malla blanca: Los volantes de malla blanca a\u00f1aden un toque de suavidad y elegancia, capturando el lado divertido del cl\u00e1sico look de conejito.<\/li>\n\n\n\n<li>Conjunto completo de accesorios: desde la distintiva diadema con orejas de conejo y los elegantes guantes hasta las medias complementarias, cada accesorio de este conjunto complementa el aspecto general y ofrece a los clientes una experiencia completa de juego de roles.<\/li>\n\n\n\n<li>Listo para venta al por mayor: Dise\u00f1ado para venta al por mayor, este disfraz de conejito atrevido se convertir\u00e1 en un art\u00edculo m\u00e1s vendido. Es m\u00e1s que un simple disfraz; encarna la fantas\u00eda y la exploraci\u00f3n l\u00fadica.<\/li>\n<\/ol>\n\n\n\n<p>Ampl\u00ede su colecci\u00f3n minorista con nuestra lencer\u00eda con atuendo de conejita, que combina elegancia ic\u00f3nica con materiales modernos. Sum\u00e9rgete en el mundo de los trajes de cosplay de conejitos con este conjunto. Cont\u00e1ctanos para consultas mayoristas y eleva tu surtido.<\/p>","protected":false},"excerpt":{"rendered":"<p>Abraza el encanto de la ic\u00f3nica conejita con nuestro sexy uniforme de conejita, perfecto para eventos tem\u00e1ticos y veladas \u00edntimas. Este traje de peluche negro transparente, adornado con volantes de malla blanca, captura la esencia del seductor conejito. Sum\u00e9rgete en una narrativa de elegancia audaz y encanto divertido.<\/p>","protected":false},"featured_media":46064,"template":"","meta":[],"product_brand":[],"product_cat":[974],"product_tag":[1001,984],"class_list":{"0":"post-46056","1":"product","2":"type-product","3":"status-publish","4":"has-post-thumbnail","6":"product_cat-wholesale-sexy-costumes","7":"product_tag-bunny-costumes","8":"product_tag-halloween-costumes","9":"pa_color-black","10":"pa_size-free","12":"first","13":"instock","14":"taxable","15":"shipping-taxable","16":"purchasable","17":"product-type-variable"},"tiered_pricing_type":"fixed","tiered_pricing_fixed_rules":[],"tiered_pricing_product_settings":{"layout":"default","base_unit_name":{"singular":null,"plural":null},"default_variation":{}},"tiered_pricing_minimum_quantity":null,"tiered_pricing_roles_data":[],"tiered_pricing_percentage_rules":[],"tiered_pricing_maximum_quantity":null,"tiered_pricing_quantity_step":null,"_links":{"self":[{"href":"https:\/\/gretasexylingerie.com\/es\/wp-json\/wp\/v2\/product\/46056","targetHints":{"allow":["GET"]}}],"collection":[{"href":"https:\/\/gretasexylingerie.com\/es\/wp-json\/wp\/v2\/product"}],"about":[{"href":"https:\/\/gretasexylingerie.com\/es\/wp-json\/wp\/v2\/types\/product"}],"wp:featuredmedia":[{"embeddable":true,"href":"https:\/\/gretasexylingerie.com\/es\/wp-json\/wp\/v2\/media\/46064"}],"wp:attachment":[{"href":"https:\/\/gretasexylingerie.com\/es\/wp-json\/wp\/v2\/media?parent=46056"}],"wp:term":[{"taxonomy":"product_brand","embeddable":true,"href":"https:\/\/gretasexylingerie.com\/es\/wp-json\/wp\/v2\/product_brand?post=46056"},{"taxonomy":"product_cat","embeddable":true,"href":"https:\/\/gretasexylingerie.com\/es\/wp-json\/wp\/v2\/product_cat?post=46056"},{"taxonomy":"product_tag","embeddable":true,"href":"https:\/\/gretasexylingerie.com\/es\/wp-json\/wp\/v2\/product_tag?post=46056"}],"curies":[{"name":"Gracias","href":"https:\/\/api.w.org\/{rel}","templated":true}]}}