{"id":46042,"date":"2023-10-21T22:16:12","date_gmt":"2023-10-21T14:16:12","guid":{"rendered":"https:\/\/gretasexylingerie.com\/?post_type=product&#038;p=46042"},"modified":"2023-10-21T22:17:08","modified_gmt":"2023-10-21T14:17:08","slug":"venta-al-por-mayor-disfraz-de-conejita-sexy-con-conjunto-de-mono-de-encaje-negro","status":"publish","type":"product","link":"https:\/\/gretasexylingerie.com\/es\/products\/wholesale-hot-sexy-bunny-girl-costume-with-black-lace-bodysuit-set\/","title":{"rendered":"Traje de conejita sexy caliente al por mayor con conjunto de mono de encaje negro"},"content":{"rendered":"<ol class=\"wp-block-list\">\n<li>Elegancia ic\u00f3nica de conejita: nuestro sexy disfraz de conejita captura el encanto atemporal de la ic\u00f3nica conejita. El dise\u00f1o del disfraz de conejita negra para mujer combina elementos cl\u00e1sicos de conejita con un toque de sensualidad moderna, lo que lo convierte en la mejor opci\u00f3n para quienes buscan una combinaci\u00f3n de alegr\u00eda y encanto.<\/li>\n\n\n\n<li>Sensual encaje negro transparente: el encaje negro transparente ofrece un vistazo de encanto moderno, diferenci\u00e1ndolo de los trajes tradicionales de conejita. Su intrincado dise\u00f1o garantiza un atractivo destacado para esas noches especiales.<\/li>\n\n\n\n<li>Delicado empalme de malla blanca: El empalme de malla blanca a\u00f1ade un toque de suavidad y elegancia, capturando la naturaleza dual del conejito juguet\u00f3n y seductor.<\/li>\n\n\n\n<li>Conjunto completo de accesorios: desde la distintiva diadema de conejito de encaje negro hasta la pulsera complementaria, cada accesorio de este conjunto complementa el aspecto general y ofrece a los clientes una experiencia de juego de roles completa.<\/li>\n\n\n\n<li>Listo para la venta al por mayor: Dise\u00f1ado para la venta al por mayor, este disfraz de conejita sexy y sexy se convertir\u00e1 en un art\u00edculo de gran venta. Es m\u00e1s que un simple disfraz; encarna la fantas\u00eda y la exploraci\u00f3n l\u00fadica.<\/li>\n<\/ol>\n\n\n\n<p>Ampl\u00ede su colecci\u00f3n minorista con nuestros atractivos disfraces de conejita, que combinan elegancia divertida con materiales modernos. Sum\u00e9rgete en el mundo de los trajes de cosplay de conejitos con este conjunto. Cont\u00e1ctanos para consultas mayoristas y eleva tu surtido.<\/p>","protected":false},"excerpt":{"rendered":"<p>Revela tu lado juguet\u00f3n con nuestro disfraz de conejita sexy, ideal para fiestas y eventos tem\u00e1ticos. Este body con cuello halter, confeccionado con encaje negro transparente y empalme de malla blanca, encarna el encanto del ic\u00f3nico conejito. Sum\u00e9rgete en una narrativa de elegancia l\u00fadica y encanto seductor.<\/p>","protected":false},"featured_media":46050,"template":"","meta":[],"product_brand":[],"product_cat":[974],"product_tag":[1001],"class_list":{"0":"post-46042","1":"product","2":"type-product","3":"status-publish","4":"has-post-thumbnail","6":"product_cat-wholesale-sexy-costumes","7":"product_tag-bunny-costumes","8":"pa_color-black","9":"pa_size-free","11":"first","12":"instock","13":"taxable","14":"shipping-taxable","15":"purchasable","16":"product-type-variable"},"tiered_pricing_type":"fixed","tiered_pricing_fixed_rules":[],"tiered_pricing_product_settings":{"layout":"default","base_unit_name":{"singular":null,"plural":null},"default_variation":{}},"tiered_pricing_minimum_quantity":null,"tiered_pricing_roles_data":[],"tiered_pricing_percentage_rules":[],"tiered_pricing_maximum_quantity":null,"tiered_pricing_quantity_step":null,"_links":{"self":[{"href":"https:\/\/gretasexylingerie.com\/es\/wp-json\/wp\/v2\/product\/46042","targetHints":{"allow":["GET"]}}],"collection":[{"href":"https:\/\/gretasexylingerie.com\/es\/wp-json\/wp\/v2\/product"}],"about":[{"href":"https:\/\/gretasexylingerie.com\/es\/wp-json\/wp\/v2\/types\/product"}],"wp:featuredmedia":[{"embeddable":true,"href":"https:\/\/gretasexylingerie.com\/es\/wp-json\/wp\/v2\/media\/46050"}],"wp:attachment":[{"href":"https:\/\/gretasexylingerie.com\/es\/wp-json\/wp\/v2\/media?parent=46042"}],"wp:term":[{"taxonomy":"product_brand","embeddable":true,"href":"https:\/\/gretasexylingerie.com\/es\/wp-json\/wp\/v2\/product_brand?post=46042"},{"taxonomy":"product_cat","embeddable":true,"href":"https:\/\/gretasexylingerie.com\/es\/wp-json\/wp\/v2\/product_cat?post=46042"},{"taxonomy":"product_tag","embeddable":true,"href":"https:\/\/gretasexylingerie.com\/es\/wp-json\/wp\/v2\/product_tag?post=46042"}],"curies":[{"name":"Gracias","href":"https:\/\/api.w.org\/{rel}","templated":true}]}}