{"id":46032,"date":"2023-10-21T22:00:56","date_gmt":"2023-10-21T14:00:56","guid":{"rendered":"https:\/\/gretasexylingerie.com\/?post_type=product&#038;p=46032"},"modified":"2023-10-21T22:02:24","modified_gmt":"2023-10-21T14:02:24","slug":"conjunto-de-uniforme-de-sirvienta-francesa-traviesa-de-pu-negro-al-por-mayor","status":"publish","type":"product","link":"https:\/\/gretasexylingerie.com\/es\/products\/wholesale-black-pu-naughty-french-maid-uniform-set\/","title":{"rendered":"Conjunto de uniforme de sirvienta francesa traviesa de PU negro al por mayor"},"content":{"rendered":"<ol class=\"wp-block-list\">\n<li>Lo cl\u00e1sico se encuentra con lo moderno: nuestro sexy uniforme de sirvienta combina a la perfecci\u00f3n el estilo tradicional de sirvienta francesa con materiales contempor\u00e1neos. El dise\u00f1o del disfraz de sirvienta francesa de Halloween ofrece una combinaci\u00f3n \u00fanica de servicio cl\u00e1sico y encanto moderno, lo que lo convierte en la mejor opci\u00f3n para eventos tem\u00e1ticos.<\/li>\n\n\n\n<li>Sensual falda negra de PU: ofrece un encanto moderno, que la distingue de los trajes de sirvienta tradicionales. Su dise\u00f1o elegante y brillante garantiza un atractivo destacado para esas noches atrevidas.<\/li>\n\n\n\n<li>Elegante malla blanca transparente: los hombros de malla blanca transparente a\u00f1aden un toque de inocencia y elegancia, capturando el lado divertido del cl\u00e1sico look de sirvienta.<\/li>\n\n\n\n<li>Conjunto completo de accesorios: desde el caracter\u00edstico sombrero y cintur\u00f3n de mucama hasta el exclusivo bast\u00f3n y las bragas complementarias, cada accesorio de este conjunto complementa el aspecto general y ofrece a los clientes una experiencia completa de juego de roles.<\/li>\n\n\n\n<li>Listo para venta al por mayor: Dise\u00f1ado para venta al por mayor, este uniforme de sirvienta francesa traviesa se convertir\u00e1 en un art\u00edculo m\u00e1s vendido. Es m\u00e1s que un simple disfraz; encarna la fantas\u00eda y la exploraci\u00f3n l\u00fadica.<\/li>\n<\/ol>\n\n\n\n<p>Ampl\u00ede su colecci\u00f3n minorista con nuestros atrevidos trajes de sirvienta francesa, que combinan la elegancia cl\u00e1sica con materiales modernos. Sum\u00e9rgete en el mundo de los trajes de cosplay de sirvienta con este conjunto. Cont\u00e1ctanos para consultas mayoristas y eleva tu surtido.<\/p>","protected":false},"excerpt":{"rendered":"<p>Entra en un mundo de servicio y encanto con nuestro sexy uniforme de cosplay de sirvienta, perfecto para Halloween y eventos tem\u00e1ticos. Esta falda negra de PU combinada con hombros de malla blanca transparente captura la esencia de la cl\u00e1sica doncella francesa con un toque moderno. Sum\u00e9rgete en una narrativa de elegancia y tentaci\u00f3n divertida.<\/p>","protected":false},"featured_media":46041,"template":"","meta":[],"product_brand":[],"product_cat":[974],"product_tag":[980],"class_list":{"0":"post-46032","1":"product","2":"type-product","3":"status-publish","4":"has-post-thumbnail","6":"product_cat-wholesale-sexy-costumes","7":"product_tag-maid-costumes","8":"pa_color-black","9":"pa_size-free","11":"first","12":"instock","13":"taxable","14":"shipping-taxable","15":"purchasable","16":"product-type-variable"},"tiered_pricing_type":"fixed","tiered_pricing_fixed_rules":[],"tiered_pricing_product_settings":{"layout":"default","base_unit_name":{"singular":null,"plural":null},"default_variation":{}},"tiered_pricing_minimum_quantity":null,"tiered_pricing_roles_data":[],"tiered_pricing_percentage_rules":[],"tiered_pricing_maximum_quantity":null,"tiered_pricing_quantity_step":null,"_links":{"self":[{"href":"https:\/\/gretasexylingerie.com\/es\/wp-json\/wp\/v2\/product\/46032","targetHints":{"allow":["GET"]}}],"collection":[{"href":"https:\/\/gretasexylingerie.com\/es\/wp-json\/wp\/v2\/product"}],"about":[{"href":"https:\/\/gretasexylingerie.com\/es\/wp-json\/wp\/v2\/types\/product"}],"wp:featuredmedia":[{"embeddable":true,"href":"https:\/\/gretasexylingerie.com\/es\/wp-json\/wp\/v2\/media\/46041"}],"wp:attachment":[{"href":"https:\/\/gretasexylingerie.com\/es\/wp-json\/wp\/v2\/media?parent=46032"}],"wp:term":[{"taxonomy":"product_brand","embeddable":true,"href":"https:\/\/gretasexylingerie.com\/es\/wp-json\/wp\/v2\/product_brand?post=46032"},{"taxonomy":"product_cat","embeddable":true,"href":"https:\/\/gretasexylingerie.com\/es\/wp-json\/wp\/v2\/product_cat?post=46032"},{"taxonomy":"product_tag","embeddable":true,"href":"https:\/\/gretasexylingerie.com\/es\/wp-json\/wp\/v2\/product_tag?post=46032"}],"curies":[{"name":"Gracias","href":"https:\/\/api.w.org\/{rel}","templated":true}]}}