{"id":46014,"date":"2023-10-21T20:15:24","date_gmt":"2023-10-21T12:15:24","guid":{"rendered":"https:\/\/gretasexylingerie.com\/?post_type=product&#038;p=46014"},"modified":"2023-10-21T20:16:34","modified_gmt":"2023-10-21T12:16:34","slug":"al-por-mayor-disfraz-de-halloween-de-estudiante-sexy-con-falda","status":"publish","type":"product","link":"https:\/\/gretasexylingerie.com\/es\/products\/wholesale-sexy-student-halloween-costume-with-skirt-set\/","title":{"rendered":"Disfraz De Halloween De Estudiante Sexy Al Por Mayor Con Conjunto De Falda"},"content":{"rendered":"<ol class=\"wp-block-list\">\n<li>Listo para Halloween y cosplay: nuestro traje de estudiante personifica el encanto l\u00fadico. El sexy dise\u00f1o de cosplay de colegiala combina el look tradicional de estudiante con un toque de sensualidad moderna, lo que lo convierte en la mejor opci\u00f3n para quienes buscan una combinaci\u00f3n de inocencia y seducci\u00f3n.<\/li>\n\n\n\n<li>Elegante top de malla transparente: el top de malla transparente de manga larga ofrece un vistazo de encanto moderno, diferenci\u00e1ndolo de los trajes tradicionales de estudiantes. Su dise\u00f1o \u00fanico garantiza un atractivo destacado para esas noches atrevidas.<\/li>\n\n\n\n<li>Provocativa falda de malla morada: La falda de malla morada que deja ver el trasero captura el lado divertido del estilo cl\u00e1sico de estudiante, ofreciendo una mezcla de inocencia y encanto que seguramente llamar\u00e1 la atenci\u00f3n.<\/li>\n\n\n\n<li>Conjunto completo de accesorios: desde las gafas y la corbata hasta las bragas complementarias, cada accesorio de este conjunto complementa el aspecto general y ofrece a los clientes una experiencia de juego de roles completa.<\/li>\n\n\n\n<li>Listo para venta al por mayor: Dise\u00f1ado para venta al por mayor, este disfraz de Halloween de estudiante sexy se convertir\u00e1 en un art\u00edculo m\u00e1s vendido. Es m\u00e1s que un simple disfraz; encarna la fantas\u00eda y la exploraci\u00f3n l\u00fadica.<\/li>\n<\/ol>\n\n\n\n<p>Ampl\u00ede su colecci\u00f3n minorista con nuestros sexys disfraces de Halloween para estudiantes, que combinan la inocencia cl\u00e1sica con un encanto moderno. Sum\u00e9rgete en el mundo de los trajes de cosplay para estudiantes con este conjunto. Cont\u00e1ctanos para consultas mayoristas y eleva tu surtido.<\/p>","protected":false},"excerpt":{"rendered":"<p>Entra en el mundo de fantas\u00eda con nuestro sexy disfraz de estudiante de Halloween, perfecto para eventos de Halloween y cosplay. Este top de malla transparente de manga larga combinado con una falda morada que deja ver el trasero encarna el encanto del estudiante juguet\u00f3n. Sum\u00e9rgete en una narrativa de inocencia y tentaci\u00f3n.<\/p>","protected":false},"featured_media":46018,"template":"","meta":[],"product_brand":[],"product_cat":[974],"product_tag":[984,976],"class_list":{"0":"post-46014","1":"product","2":"type-product","3":"status-publish","4":"has-post-thumbnail","6":"product_cat-wholesale-sexy-costumes","7":"product_tag-halloween-costumes","8":"product_tag-schoolgirl-costumes","9":"pa_color-black","10":"pa_size-free","12":"first","13":"instock","14":"taxable","15":"shipping-taxable","16":"purchasable","17":"product-type-variable"},"tiered_pricing_type":"fixed","tiered_pricing_fixed_rules":[],"tiered_pricing_product_settings":{"layout":"default","base_unit_name":{"singular":null,"plural":null},"default_variation":{}},"tiered_pricing_minimum_quantity":null,"tiered_pricing_roles_data":[],"tiered_pricing_percentage_rules":[],"tiered_pricing_maximum_quantity":null,"tiered_pricing_quantity_step":null,"_links":{"self":[{"href":"https:\/\/gretasexylingerie.com\/es\/wp-json\/wp\/v2\/product\/46014","targetHints":{"allow":["GET"]}}],"collection":[{"href":"https:\/\/gretasexylingerie.com\/es\/wp-json\/wp\/v2\/product"}],"about":[{"href":"https:\/\/gretasexylingerie.com\/es\/wp-json\/wp\/v2\/types\/product"}],"wp:featuredmedia":[{"embeddable":true,"href":"https:\/\/gretasexylingerie.com\/es\/wp-json\/wp\/v2\/media\/46018"}],"wp:attachment":[{"href":"https:\/\/gretasexylingerie.com\/es\/wp-json\/wp\/v2\/media?parent=46014"}],"wp:term":[{"taxonomy":"product_brand","embeddable":true,"href":"https:\/\/gretasexylingerie.com\/es\/wp-json\/wp\/v2\/product_brand?post=46014"},{"taxonomy":"product_cat","embeddable":true,"href":"https:\/\/gretasexylingerie.com\/es\/wp-json\/wp\/v2\/product_cat?post=46014"},{"taxonomy":"product_tag","embeddable":true,"href":"https:\/\/gretasexylingerie.com\/es\/wp-json\/wp\/v2\/product_tag?post=46014"}],"curies":[{"name":"Gracias","href":"https:\/\/api.w.org\/{rel}","templated":true}]}}