{"id":45976,"date":"2023-10-20T23:30:04","date_gmt":"2023-10-20T15:30:04","guid":{"rendered":"https:\/\/gretasexylingerie.com\/?post_type=product&#038;p=45976"},"modified":"2023-10-20T23:32:46","modified_gmt":"2023-10-20T15:32:46","slug":"al-por-mayor-disfraz-de-halloween-de-leopardo-sexy-con-encaje-transparente","status":"publish","type":"product","link":"https:\/\/gretasexylingerie.com\/es\/products\/wholesale-sexy-leopard-halloween-costume-with-transparent-lace\/","title":{"rendered":"Disfraz De Halloween De Leopardo Sexy Al Por Mayor Con Encaje Transparente"},"content":{"rendered":"<ol class=\"wp-block-list\">\n<li>Listo para Halloween y cosplay: nuestro disfraz de ni\u00f1a leopardo personifica el encanto salvaje. El sexy dise\u00f1o de catsuit de leopardo combina la ferocidad del leopardo con un toque de sensualidad moderna, lo que lo convierte en la mejor opci\u00f3n para quienes buscan una combinaci\u00f3n de salvajismo y seducci\u00f3n.<\/li>\n\n\n\n<li>Sensual lado de encaje transparente: Los lados de encaje transparente del body ofrecen un vistazo de encanto moderno, diferenci\u00e1ndolo de los trajes tradicionales de leopardo. Su dise\u00f1o \u00fanico garantiza un atractivo destacado para esas noches atrevidas.<\/li>\n\n\n\n<li>Distintivo dise\u00f1o de pecho hueco: el dise\u00f1o de pecho hueco del body captura el lado seductor del cl\u00e1sico look de leopardo, ofreciendo una mezcla de salvajismo y encanto que seguramente llamar\u00e1 la atenci\u00f3n.<\/li>\n\n\n\n<li>Conjunto completo de accesorios: desde la distintiva diadema de leopardo hasta la divertida cola, cada accesorio de este conjunto complementa el aspecto general y ofrece a los clientes una experiencia de juego de roles completa.<\/li>\n\n\n\n<li>Listo para venta al por mayor: Dise\u00f1ado para venta al por mayor, este disfraz de cosplay de Leopard Girl se convertir\u00e1 en un art\u00edculo m\u00e1s vendido. Es m\u00e1s que un simple disfraz; encarna la fantas\u00eda y la exploraci\u00f3n l\u00fadica.<\/li>\n<\/ol>\n\n\n\n<p>Ampl\u00ede su colecci\u00f3n minorista con nuestros sexys disfraces de leopardo para Halloween, que combinan ferocidad salvaje con un encanto moderno. Sum\u00e9rgete en el mundo de los trajes de cosplay de leopardo con este conjunto. Cont\u00e1ctanos para consultas mayoristas y eleva tu surtido.<\/p>\n\n\n\n<figure class=\"wp-block-embed is-type-video is-provider-youtube wp-block-embed-youtube wp-embed-aspect-4-3 wp-has-aspect-ratio\"><div class=\"wp-block-embed__wrapper\">\n<div class=\"video-container\"><iframe title=\"Disfraz De Halloween De Leopardo Sexy Al Por Mayor Con Encaje Transparente\" width=\"1170\" height=\"878\" src=\"https:\/\/www.youtube.com\/embed\/tZg8AcH2EW0?feature=oembed\" frameborder=\"0\" allow=\"accelerometer; autoplay; clipboard-write; encrypted-media; gyroscope; picture-in-picture; web-share\" allowfullscreen><\/iframe><\/div>\n<\/div><\/figure>","protected":false},"excerpt":{"rendered":"<p>Da rienda suelta a tu lado salvaje con nuestro sexy traje de leopardo, perfecto para Halloween y eventos de cosplay. Este body de manga larga, adornado con laterales de encaje transparente y un pecho hueco, captura la esencia del feroz leopardo. Sum\u00e9rgete en una narrativa de encanto salvaje.<\/p>","protected":false},"featured_media":45985,"template":"","meta":[],"product_brand":[],"product_cat":[974],"product_tag":[1006,1005],"class_list":{"0":"post-45976","1":"product","2":"type-product","3":"status-publish","4":"has-post-thumbnail","6":"product_cat-wholesale-sexy-costumes","7":"product_tag-animal-costumes","8":"product_tag-sexy-cat-costumes","9":"pa_color-leopard","10":"pa_size-free","12":"first","13":"instock","14":"taxable","15":"shipping-taxable","16":"purchasable","17":"product-type-variable"},"tiered_pricing_type":"fixed","tiered_pricing_fixed_rules":[],"tiered_pricing_product_settings":{"layout":"default","base_unit_name":{"singular":null,"plural":null},"default_variation":{}},"tiered_pricing_minimum_quantity":null,"tiered_pricing_roles_data":[],"tiered_pricing_percentage_rules":[],"tiered_pricing_maximum_quantity":null,"tiered_pricing_quantity_step":null,"_links":{"self":[{"href":"https:\/\/gretasexylingerie.com\/es\/wp-json\/wp\/v2\/product\/45976","targetHints":{"allow":["GET"]}}],"collection":[{"href":"https:\/\/gretasexylingerie.com\/es\/wp-json\/wp\/v2\/product"}],"about":[{"href":"https:\/\/gretasexylingerie.com\/es\/wp-json\/wp\/v2\/types\/product"}],"wp:featuredmedia":[{"embeddable":true,"href":"https:\/\/gretasexylingerie.com\/es\/wp-json\/wp\/v2\/media\/45985"}],"wp:attachment":[{"href":"https:\/\/gretasexylingerie.com\/es\/wp-json\/wp\/v2\/media?parent=45976"}],"wp:term":[{"taxonomy":"product_brand","embeddable":true,"href":"https:\/\/gretasexylingerie.com\/es\/wp-json\/wp\/v2\/product_brand?post=45976"},{"taxonomy":"product_cat","embeddable":true,"href":"https:\/\/gretasexylingerie.com\/es\/wp-json\/wp\/v2\/product_cat?post=45976"},{"taxonomy":"product_tag","embeddable":true,"href":"https:\/\/gretasexylingerie.com\/es\/wp-json\/wp\/v2\/product_tag?post=45976"}],"curies":[{"name":"Gracias","href":"https:\/\/api.w.org\/{rel}","templated":true}]}}