{"id":45967,"date":"2023-10-20T22:59:42","date_gmt":"2023-10-20T14:59:42","guid":{"rendered":"https:\/\/gretasexylingerie.com\/?post_type=product&#038;p=45967"},"modified":"2023-10-20T23:00:56","modified_gmt":"2023-10-20T15:00:56","slug":"al-por-mayor-traje-de-halloween-de-mujer-policia-con-falda-de-encaje","status":"publish","type":"product","link":"https:\/\/gretasexylingerie.com\/es\/products\/wholesale-policewoman-halloween-outfit-with-lace-skirt-set\/","title":{"rendered":"Traje De Halloween De Mujer Polic\u00eda Con Conjunto De Falda De Encaje al por mayor"},"content":{"rendered":"<ol class=\"wp-block-list\">\n<li>Listo para Halloween: nuestro uniforme de polic\u00eda personifica el encanto de Halloween. El sexy dise\u00f1o de oficial de Halloween combina tradici\u00f3n con sensualidad moderna, lo que lo convierte en la mejor opci\u00f3n para quienes buscan una combinaci\u00f3n de autoridad y seducci\u00f3n.<\/li>\n\n\n\n<li>Sensual lado de encaje transparente: Los lados de encaje transparente de la falda que cubre la cadera ofrecen un vistazo de encanto moderno, diferenci\u00e1ndola de los trajes de polic\u00eda tradicionales. Su dise\u00f1o \u00fanico garantiza un atractivo destacado para esas noches atrevidas.<\/li>\n\n\n\n<li>Conjunto completo de accesorios: desde el caracter\u00edstico gorro y bast\u00f3n de polic\u00eda hasta las elegantes medias de rejilla y guantes, cada accesorio de este conjunto complementa el aspecto general y ofrece a los clientes una experiencia de juego de roles completa.<\/li>\n\n\n\n<li>Narrativa de oficial sexy: este conjunto captura el lado autoritario y seductor del cl\u00e1sico look policial. Los minoristas pueden ofrecer un producto \u00fanico que se destaque en el mercado, especialmente durante Halloween.<\/li>\n\n\n\n<li>Listo para la venta al por mayor: Dise\u00f1ado para la venta al por mayor, este traje tentador de uniforme de mujer polic\u00eda se convertir\u00e1 en un art\u00edculo de gran venta. Es m\u00e1s que un simple disfraz; encarna la fantas\u00eda y la exploraci\u00f3n l\u00fadica.<\/li>\n<\/ol>\n\n\n\n<p>Ampl\u00ede su colecci\u00f3n minorista con nuestros disfraces sexys de oficial de Halloween, que combinan la autoridad cl\u00e1sica con el encanto moderno. Sum\u00e9rgete en el mundo de los disfraces de Halloween de mujer polic\u00eda con este conjunto. Cont\u00e1ctanos para consultas mayoristas y eleva tu surtido.<\/p>","protected":false},"excerpt":{"rendered":"<p>Abraza el encanto de la autoridad con nuestro sexy disfraz de polic\u00eda con tut\u00fa, ideal para las festividades de Halloween. Esta falda negra que cubre la cadera con lados de encaje transparente y una abertura con cremallera captura la esencia del oficial sexy. Sum\u00e9rgete en una narrativa de ley y encanto.<\/p>","protected":false},"featured_media":45975,"template":"","meta":[],"product_brand":[],"product_cat":[974],"product_tag":[978],"class_list":{"0":"post-45967","1":"product","2":"type-product","3":"status-publish","4":"has-post-thumbnail","6":"product_cat-wholesale-sexy-costumes","7":"product_tag-policewoman-costume","8":"pa_color-black","9":"pa_size-free","11":"first","12":"instock","13":"taxable","14":"shipping-taxable","15":"purchasable","16":"product-type-variable"},"tiered_pricing_type":"fixed","tiered_pricing_fixed_rules":[],"tiered_pricing_product_settings":{"layout":"default","base_unit_name":{"singular":null,"plural":null},"default_variation":{}},"tiered_pricing_minimum_quantity":null,"tiered_pricing_roles_data":[],"tiered_pricing_percentage_rules":[],"tiered_pricing_maximum_quantity":null,"tiered_pricing_quantity_step":null,"_links":{"self":[{"href":"https:\/\/gretasexylingerie.com\/es\/wp-json\/wp\/v2\/product\/45967","targetHints":{"allow":["GET"]}}],"collection":[{"href":"https:\/\/gretasexylingerie.com\/es\/wp-json\/wp\/v2\/product"}],"about":[{"href":"https:\/\/gretasexylingerie.com\/es\/wp-json\/wp\/v2\/types\/product"}],"wp:featuredmedia":[{"embeddable":true,"href":"https:\/\/gretasexylingerie.com\/es\/wp-json\/wp\/v2\/media\/45975"}],"wp:attachment":[{"href":"https:\/\/gretasexylingerie.com\/es\/wp-json\/wp\/v2\/media?parent=45967"}],"wp:term":[{"taxonomy":"product_brand","embeddable":true,"href":"https:\/\/gretasexylingerie.com\/es\/wp-json\/wp\/v2\/product_brand?post=45967"},{"taxonomy":"product_cat","embeddable":true,"href":"https:\/\/gretasexylingerie.com\/es\/wp-json\/wp\/v2\/product_cat?post=45967"},{"taxonomy":"product_tag","embeddable":true,"href":"https:\/\/gretasexylingerie.com\/es\/wp-json\/wp\/v2\/product_tag?post=45967"}],"curies":[{"name":"Gracias","href":"https:\/\/api.w.org\/{rel}","templated":true}]}}