{"id":45949,"date":"2023-10-20T22:21:22","date_gmt":"2023-10-20T14:21:22","guid":{"rendered":"https:\/\/gretasexylingerie.com\/?post_type=product&#038;p=45949"},"modified":"2023-10-20T22:22:36","modified_gmt":"2023-10-20T14:22:36","slug":"traje-de-mucama-francesa-de-encaje-al-por-mayor-con-conjunto-superior-transparente","status":"publish","type":"product","link":"https:\/\/gretasexylingerie.com\/es\/products\/wholesale-lace-french-maid-costume-with-transparent-top-set\/","title":{"rendered":"Traje De Mucama Francesa De Encaje Al Por Mayor Con Conjunto Superior Transparente"},"content":{"rendered":"<ol class=\"wp-block-list\">\n<li>Atractivo cl\u00e1sico de la criada francesa: nuestro conjunto encarna el encanto atemporal de la criada francesa. El vestido de criada francesa negro combina tradici\u00f3n con sensualidad moderna, lo que lo convierte en la mejor opci\u00f3n para quienes buscan una combinaci\u00f3n de servicio y encanto.<\/li>\n\n\n\n<li>Sensual top de encaje transparente: el top de encaje transparente ofrece un vistazo de encanto moderno, diferenci\u00e1ndolo de los trajes de sirvienta tradicionales. Combinado con la falda blanca decorada con encaje, garantiza un atractivo destacado.<\/li>\n\n\n\n<li>Decoraciones detalladas de encaje blanco: Los detalles de encaje blanco en la falda capturan la esencia del cl\u00e1sico look de sirvienta. Esta combinaci\u00f3n de inocencia y encanto ofrece a los minoristas un producto \u00fanico que destaca.<\/li>\n\n\n\n<li>Conjunto completo de accesorios: desde la diadema y el anillo para el cuello hasta el elegante delantal y las medias de red, cada accesorio de este conjunto complementa el aspecto general y ofrece a los clientes una experiencia de juego de roles completa.<\/li>\n\n\n\n<li>Listo para venta al por mayor: Dise\u00f1ado para venta al por mayor, este disfraz de sirvienta francesa de encaje se convertir\u00e1 en un art\u00edculo m\u00e1s vendido. Es m\u00e1s que un simple disfraz; encarna la fantas\u00eda y la exploraci\u00f3n l\u00fadica.<\/li>\n<\/ol>\n\n\n\n<p>Ampl\u00ede su colecci\u00f3n minorista con nuestro atrevido traje de sirvienta, que combina el encanto cl\u00e1sico con un atractivo moderno. Sum\u00e9rgete en el mundo de los trajes de sirvienta francesa de encaje con este conjunto. Cont\u00e1ctanos para consultas mayoristas y eleva tu surtido.<\/p>","protected":false},"excerpt":{"rendered":"<p>Revela elegancia con nuestro atrevido traje de sirvienta, perfecto para juegos de rol inmersivos. Este vestido de criada francesa negro, adornado con un top de encaje transparente y una falda blanca, captura el encanto cl\u00e1sico. Sum\u00e9rgete en una narrativa de servicio y seducci\u00f3n.<\/p>","protected":false},"featured_media":45957,"template":"","meta":[],"product_brand":[],"product_cat":[974],"product_tag":[980],"class_list":{"0":"post-45949","1":"product","2":"type-product","3":"status-publish","4":"has-post-thumbnail","6":"product_cat-wholesale-sexy-costumes","7":"product_tag-maid-costumes","8":"pa_color-black","9":"pa_size-free","11":"first","12":"instock","13":"taxable","14":"shipping-taxable","15":"purchasable","16":"product-type-variable"},"tiered_pricing_type":"fixed","tiered_pricing_fixed_rules":[],"tiered_pricing_product_settings":{"layout":"default","base_unit_name":{"singular":null,"plural":null},"default_variation":{}},"tiered_pricing_minimum_quantity":null,"tiered_pricing_roles_data":[],"tiered_pricing_percentage_rules":[],"tiered_pricing_maximum_quantity":null,"tiered_pricing_quantity_step":null,"_links":{"self":[{"href":"https:\/\/gretasexylingerie.com\/es\/wp-json\/wp\/v2\/product\/45949","targetHints":{"allow":["GET"]}}],"collection":[{"href":"https:\/\/gretasexylingerie.com\/es\/wp-json\/wp\/v2\/product"}],"about":[{"href":"https:\/\/gretasexylingerie.com\/es\/wp-json\/wp\/v2\/types\/product"}],"wp:featuredmedia":[{"embeddable":true,"href":"https:\/\/gretasexylingerie.com\/es\/wp-json\/wp\/v2\/media\/45957"}],"wp:attachment":[{"href":"https:\/\/gretasexylingerie.com\/es\/wp-json\/wp\/v2\/media?parent=45949"}],"wp:term":[{"taxonomy":"product_brand","embeddable":true,"href":"https:\/\/gretasexylingerie.com\/es\/wp-json\/wp\/v2\/product_brand?post=45949"},{"taxonomy":"product_cat","embeddable":true,"href":"https:\/\/gretasexylingerie.com\/es\/wp-json\/wp\/v2\/product_cat?post=45949"},{"taxonomy":"product_tag","embeddable":true,"href":"https:\/\/gretasexylingerie.com\/es\/wp-json\/wp\/v2\/product_tag?post=45949"}],"curies":[{"name":"Gracias","href":"https:\/\/api.w.org\/{rel}","templated":true}]}}