{"id":45940,"date":"2023-10-20T22:01:16","date_gmt":"2023-10-20T14:01:16","guid":{"rendered":"https:\/\/gretasexylingerie.com\/?post_type=product&#038;p=45940"},"modified":"2023-10-20T22:01:28","modified_gmt":"2023-10-20T14:01:28","slug":"al-por-mayor-traje-de-colegiala-a-cuadros-traje-de-encaje-con-cuello-halter","status":"publish","type":"product","link":"https:\/\/gretasexylingerie.com\/es\/products\/wholesale-plaid-schoolgirl-outfit-halterneck-lace-bodysuit\/","title":{"rendered":"Traje De Colegiala A Cuadros Al Por Mayor Body De Encaje Con Cuello Halter"},"content":{"rendered":"<ol class=\"wp-block-list\">\n<li>Cosplay de colegiala sexy: abraza la esencia del encanto juvenil con nuestro conjunto de uniforme estudiantil a cuadros. El dise\u00f1o captura el encanto divertido de los temas de colegialas, lo que lo convierte en la mejor opci\u00f3n para quienes exploran una narrativa de inocencia y seducci\u00f3n.<\/li>\n\n\n\n<li>Sensual body de encaje con cuello halter: el body de encaje con cuello halter ofrece una apariencia \u00fanica y cautivadora, agregando un toque de sensualidad moderna al cl\u00e1sico tema de colegiala. La perspectiva en V profunda garantiza un atractivo destacado, perfecto para actuaciones nocturnas.<\/li>\n\n\n\n<li>Falda a cuadros cl\u00e1sica: la falda a cuadros es una pieza atemporal que captura la esencia del look cl\u00e1sico de colegiala. Combinado con el body de encaje, combina tradici\u00f3n y estilo contempor\u00e1neo.<\/li>\n\n\n\n<li>Conjunto completo de accesorios: desde la corbata y los anteojos caracter\u00edsticos hasta las elegantes medias de red y ligas, cada accesorio de este conjunto ha sido elegido meticulosamente para realzar el aspecto general y ofrecer a los clientes una experiencia de disfraz completa.<\/li>\n\n\n\n<li>Listo para venta al por mayor: Dise\u00f1ado para venta al por mayor, este conjunto de uniforme estudiantil a cuadros est\u00e1 preparado para convertirse en el art\u00edculo m\u00e1s vendido de su colecci\u00f3n minorista. Es m\u00e1s que un simple disfraz; encarna la fantas\u00eda y la exploraci\u00f3n l\u00fadica.<\/li>\n<\/ol>\n\n\n\n<p>Ampl\u00ede su colecci\u00f3n minorista con nuestro conjunto de colegiala a cuadros al por mayor, una combinaci\u00f3n perfecta de encanto juvenil y encanto de actuaci\u00f3n nocturna. Sum\u00e9rgete en el mundo de los diminutos conjuntos de colegiala con este conjunto imaginativo. Cont\u00e1ctanos para consultas al por mayor e infunde un toque de encanto y carisma de colegiala a tu surtido.<\/p>","protected":false},"excerpt":{"rendered":"<p>Revela una mezcla de inocencia y encanto con nuestro conjunto de uniforme estudiantil a cuadros al por mayor, perfecto para actuaciones nocturnas. Este body de encaje con cuello halter y una perspectiva en V profunda se combina con una falda a cuadros cl\u00e1sica. Sum\u00e9rgete en la narrativa del cosplay de colegiala sexy con este conjunto completo.<\/p>","protected":false},"featured_media":45948,"template":"","meta":[],"product_brand":[],"product_cat":[974],"product_tag":[976],"class_list":{"0":"post-45940","1":"product","2":"type-product","3":"status-publish","4":"has-post-thumbnail","6":"product_cat-wholesale-sexy-costumes","7":"product_tag-schoolgirl-costumes","8":"pa_color-black","9":"pa_size-free","11":"first","12":"instock","13":"taxable","14":"shipping-taxable","15":"purchasable","16":"product-type-variable"},"tiered_pricing_type":"fixed","tiered_pricing_fixed_rules":[],"tiered_pricing_product_settings":{"layout":"default","base_unit_name":{"singular":null,"plural":null},"default_variation":null},"tiered_pricing_minimum_quantity":null,"tiered_pricing_roles_data":[],"tiered_pricing_percentage_rules":[],"tiered_pricing_maximum_quantity":null,"tiered_pricing_quantity_step":null,"_links":{"self":[{"href":"https:\/\/gretasexylingerie.com\/es\/wp-json\/wp\/v2\/product\/45940","targetHints":{"allow":["GET"]}}],"collection":[{"href":"https:\/\/gretasexylingerie.com\/es\/wp-json\/wp\/v2\/product"}],"about":[{"href":"https:\/\/gretasexylingerie.com\/es\/wp-json\/wp\/v2\/types\/product"}],"wp:featuredmedia":[{"embeddable":true,"href":"https:\/\/gretasexylingerie.com\/es\/wp-json\/wp\/v2\/media\/45948"}],"wp:attachment":[{"href":"https:\/\/gretasexylingerie.com\/es\/wp-json\/wp\/v2\/media?parent=45940"}],"wp:term":[{"taxonomy":"product_brand","embeddable":true,"href":"https:\/\/gretasexylingerie.com\/es\/wp-json\/wp\/v2\/product_brand?post=45940"},{"taxonomy":"product_cat","embeddable":true,"href":"https:\/\/gretasexylingerie.com\/es\/wp-json\/wp\/v2\/product_cat?post=45940"},{"taxonomy":"product_tag","embeddable":true,"href":"https:\/\/gretasexylingerie.com\/es\/wp-json\/wp\/v2\/product_tag?post=45940"}],"curies":[{"name":"Gracias","href":"https:\/\/api.w.org\/{rel}","templated":true}]}}