{"id":45878,"date":"2023-10-18T21:51:52","date_gmt":"2023-10-18T13:51:52","guid":{"rendered":"https:\/\/gretasexylingerie.com\/?post_type=product&#038;p=45878"},"modified":"2023-10-18T21:58:44","modified_gmt":"2023-10-18T13:58:44","slug":"al-por-mayor-traje-de-enfermera-sexy-blanco","status":"publish","type":"product","link":"https:\/\/gretasexylingerie.com\/es\/products\/wholesale-white-sexy-nurse-outfit\/","title":{"rendered":"Traje de enfermera sexy blanco al por mayor y conjunto de tentaci\u00f3n de Halloween"},"content":{"rendered":"<ol class=\"wp-block-list\">\n<li>Encanto m\u00e9dico con un toque: El tema Sexy Nurse captura la esencia del atractivo m\u00e9dico con un toque sensual, lo que lo convierte en una opci\u00f3n cautivadora para los entusiastas de Halloween. El impecable dise\u00f1o blanco garantiza un atractivo duradero en su colecci\u00f3n minorista, invitando a una narrativa de cuidado y seducci\u00f3n.<\/li>\n\n\n\n<li>Traje Temptation completo: desde la diadema y el cintur\u00f3n caracter\u00edsticos hasta las seductoras medias de red y los anillos para las piernas, cada accesorio de este conjunto ha sido elegido meticulosamente para complementar el aspecto general, ofreciendo a los clientes una experiencia de disfraz completa.<\/li>\n\n\n\n<li>Conjunto vers\u00e1til: incluir un top, falda y tangas agrega profundidad al conjunto, distingue este disfraz y ofrece m\u00faltiples opciones de estilo.<\/li>\n\n\n\n<li>Materiales de alta calidad: elaborados con atenci\u00f3n al detalle, los materiales de alta calidad garantizan un ajuste c\u00f3modo y un acabado elegante, lo que distingue a este disfraz y ofrece una sensaci\u00f3n de lujo.<\/li>\n\n\n\n<li>Listo para venta al por mayor: Dise\u00f1ado para venta al por mayor, este conjunto de enfermera sexy blanco est\u00e1 preparado para convertirse en el art\u00edculo m\u00e1s vendido de su colecci\u00f3n minorista. Es m\u00e1s que un simple disfraz; encarna la fantas\u00eda y la exploraci\u00f3n l\u00fadica.<\/li>\n<\/ol>\n\n\n\n<p>Ampl\u00ede su colecci\u00f3n minorista con nuestro conjunto de enfermera sexy blanco al por mayor, una combinaci\u00f3n perfecta de encanto m\u00e9dico y sensualidad moderna. Es una opci\u00f3n ideal para los minoristas que ofrecen una gama diversa e imaginativa de vestimenta. Cont\u00e1ctanos para consultas al por mayor e infunde una dosis de atractivo a tu surtido este Halloween.<\/p>","protected":false},"excerpt":{"rendered":"<p>Sum\u00e9rgete en el mundo del encanto con nuestro traje de enfermera sexy blanco al por mayor para Halloween. Este traje tentador, completo con una gama de accesorios, es la mejor opci\u00f3n para los minoristas que buscan combinar el encanto m\u00e9dico y la sensualidad contempor\u00e1nea.<\/p>","protected":false},"featured_media":45887,"template":"","meta":[],"product_brand":[],"product_cat":[974],"product_tag":[989],"class_list":{"0":"post-45878","1":"product","2":"type-product","3":"status-publish","4":"has-post-thumbnail","6":"product_cat-wholesale-sexy-costumes","7":"product_tag-nurse-costume","8":"pa_color-white","9":"pa_size-free","11":"first","12":"instock","13":"taxable","14":"shipping-taxable","15":"purchasable","16":"product-type-variable"},"tiered_pricing_type":"fixed","tiered_pricing_fixed_rules":[],"tiered_pricing_product_settings":{"layout":"default","base_unit_name":{"singular":null,"plural":null},"default_variation":{}},"tiered_pricing_minimum_quantity":null,"tiered_pricing_roles_data":[],"tiered_pricing_percentage_rules":[],"tiered_pricing_maximum_quantity":null,"tiered_pricing_quantity_step":null,"_links":{"self":[{"href":"https:\/\/gretasexylingerie.com\/es\/wp-json\/wp\/v2\/product\/45878","targetHints":{"allow":["GET"]}}],"collection":[{"href":"https:\/\/gretasexylingerie.com\/es\/wp-json\/wp\/v2\/product"}],"about":[{"href":"https:\/\/gretasexylingerie.com\/es\/wp-json\/wp\/v2\/types\/product"}],"wp:featuredmedia":[{"embeddable":true,"href":"https:\/\/gretasexylingerie.com\/es\/wp-json\/wp\/v2\/media\/45887"}],"wp:attachment":[{"href":"https:\/\/gretasexylingerie.com\/es\/wp-json\/wp\/v2\/media?parent=45878"}],"wp:term":[{"taxonomy":"product_brand","embeddable":true,"href":"https:\/\/gretasexylingerie.com\/es\/wp-json\/wp\/v2\/product_brand?post=45878"},{"taxonomy":"product_cat","embeddable":true,"href":"https:\/\/gretasexylingerie.com\/es\/wp-json\/wp\/v2\/product_cat?post=45878"},{"taxonomy":"product_tag","embeddable":true,"href":"https:\/\/gretasexylingerie.com\/es\/wp-json\/wp\/v2\/product_tag?post=45878"}],"curies":[{"name":"Gracias","href":"https:\/\/api.w.org\/{rel}","templated":true}]}}