{"id":45869,"date":"2023-10-18T21:32:50","date_gmt":"2023-10-18T13:32:50","guid":{"rendered":"https:\/\/gretasexylingerie.com\/?post_type=product&#038;p=45869"},"modified":"2023-10-18T21:34:00","modified_gmt":"2023-10-18T13:34:00","slug":"body-de-conejito-de-charol-al-por-mayor-con-escote-en-v-profundo-con-cremallera","status":"publish","type":"product","link":"https:\/\/gretasexylingerie.com\/es\/products\/wholesale-patent-leather-bunny-bodysuit-with-zippered-deep-v\/","title":{"rendered":"Body De Conejito De Charol Al Por Mayor Con V Profundo Con Cremallera"},"content":{"rendered":"<ol class=\"wp-block-list\">\n<li>Dije de conejito juguet\u00f3n: el tema Bunny Body captura un encanto l\u00fadico. Es una opci\u00f3n destacada para aquellos que buscan adentrarse en un reino de fantas\u00eda. El dise\u00f1o de charol garantiza un atractivo duradero en su colecci\u00f3n minorista, invitando a una narrativa de diversi\u00f3n y coqueteo.<\/li>\n\n\n\n<li>Sensual V profunda con cremallera: el dise\u00f1o en V profunda con cremallera ofrece una apariencia \u00fanica y cautivadora, agregando un toque de sensualidad al divertido tema del conejito. Es una excelente opci\u00f3n para los minoristas que buscan ofrecer una amplia gama de vestimenta imaginativa.<\/li>\n\n\n\n<li>Conjunto completo: combinado con una diadema y una corbata de conejito, este conjunto ofrece a los clientes una apariencia completa, asegurando que tengan todo lo que necesitan para una transformaci\u00f3n completa de un conejito.<\/li>\n\n\n\n<li>Charol de alta calidad: el charol agrega un acabado brillante y elegante al body, diferenciando este disfraz y ofreciendo una sensaci\u00f3n de lujo.<\/li>\n\n\n\n<li>Listo para la venta al por mayor: Dise\u00f1ado para la venta al por mayor, este body de conejito de charol est\u00e1 preparado para convertirse en el art\u00edculo m\u00e1s vendido de su colecci\u00f3n minorista. Es m\u00e1s que un simple disfraz; es una invitaci\u00f3n a un reino de fantas\u00eda y exploraci\u00f3n l\u00fadica.<\/li>\n<\/ol>\n\n\n\n<p>Ampl\u00ede su colecci\u00f3n minorista con nuestro body de conejito de charol al por mayor, una combinaci\u00f3n perfecta de encanto divertido y sensualidad moderna. Es una opci\u00f3n ideal para los minoristas que ofrecen una gama diversa e imaginativa de vestimenta. Cont\u00e1ctenos para consultas de venta al por mayor y agregue un toque de l\u00fapulo y atractivo a su surtido\u201d.<\/p>","protected":false},"excerpt":{"rendered":"<p>Abraza el encanto con nuestro body de conejito de charol al por mayor. Con un dise\u00f1o de V profunda con cremallera, este conjunto se complementa con una diadema y una corbata de conejito. Una selecci\u00f3n privilegiada para minoristas que buscan ofrecer una combinaci\u00f3n de encanto l\u00fadico y sensualidad contempor\u00e1nea.<\/p>","protected":false},"featured_media":45876,"template":"","meta":[],"product_brand":[],"product_cat":[974],"product_tag":[1001],"class_list":{"0":"post-45869","1":"product","2":"type-product","3":"status-publish","4":"has-post-thumbnail","6":"product_cat-wholesale-sexy-costumes","7":"product_tag-bunny-costumes","8":"pa_color-black","9":"pa_size-free","11":"first","12":"instock","13":"taxable","14":"shipping-taxable","15":"purchasable","16":"product-type-variable"},"tiered_pricing_type":"fixed","tiered_pricing_fixed_rules":[],"tiered_pricing_product_settings":{"layout":"default","base_unit_name":{"singular":null,"plural":null},"default_variation":{}},"tiered_pricing_minimum_quantity":null,"tiered_pricing_roles_data":[],"tiered_pricing_percentage_rules":[],"tiered_pricing_maximum_quantity":null,"tiered_pricing_quantity_step":null,"_links":{"self":[{"href":"https:\/\/gretasexylingerie.com\/es\/wp-json\/wp\/v2\/product\/45869","targetHints":{"allow":["GET"]}}],"collection":[{"href":"https:\/\/gretasexylingerie.com\/es\/wp-json\/wp\/v2\/product"}],"about":[{"href":"https:\/\/gretasexylingerie.com\/es\/wp-json\/wp\/v2\/types\/product"}],"wp:featuredmedia":[{"embeddable":true,"href":"https:\/\/gretasexylingerie.com\/es\/wp-json\/wp\/v2\/media\/45876"}],"wp:attachment":[{"href":"https:\/\/gretasexylingerie.com\/es\/wp-json\/wp\/v2\/media?parent=45869"}],"wp:term":[{"taxonomy":"product_brand","embeddable":true,"href":"https:\/\/gretasexylingerie.com\/es\/wp-json\/wp\/v2\/product_brand?post=45869"},{"taxonomy":"product_cat","embeddable":true,"href":"https:\/\/gretasexylingerie.com\/es\/wp-json\/wp\/v2\/product_cat?post=45869"},{"taxonomy":"product_tag","embeddable":true,"href":"https:\/\/gretasexylingerie.com\/es\/wp-json\/wp\/v2\/product_tag?post=45869"}],"curies":[{"name":"Gracias","href":"https:\/\/api.w.org\/{rel}","templated":true}]}}