{"id":45860,"date":"2023-10-18T21:12:45","date_gmt":"2023-10-18T13:12:45","guid":{"rendered":"https:\/\/gretasexylingerie.com\/?post_type=product&#038;p=45860"},"modified":"2023-10-18T21:14:01","modified_gmt":"2023-10-18T13:14:01","slug":"tentacion-al-por-mayor-de-traje-de-policia-con-mangas-de-malla-en-v-profundas","status":"publish","type":"product","link":"https:\/\/gretasexylingerie.com\/es\/products\/wholesale-temptation-of-police-suit-with-deep-v-mesh-sleeves\/","title":{"rendered":"Tentaci\u00f3n al por mayor de traje de polic\u00eda con escote en V profundo y mangas de malla"},"content":{"rendered":"<ol class=\"wp-block-list\">\n<li>Encanto autoritario: el tema Mujer polic\u00eda captura un atractivo autoritario, lo que lo convierte en una opci\u00f3n destacada para aquellos que buscan encarnar el poder y la seducci\u00f3n. El dise\u00f1o garantiza un atractivo duradero en su colecci\u00f3n minorista, invitando a una narrativa de control y exploraci\u00f3n l\u00fadica.<\/li>\n\n\n\n<li>Sensual V profundo y mangas de malla: el pecho en V profundo combinado con mangas largas de malla transparente ofrece una apariencia \u00fanica y cautivadora. Es una excelente opci\u00f3n para los minoristas que buscan ofrecer una amplia gama de vestimenta imaginativa.<\/li>\n\n\n\n<li>Completo conjunto de accesorios: desde el caracter\u00edstico gorro de polic\u00eda y las esposas hasta las elegantes gafas de sol y guantes, cada accesorio de este conjunto ha sido elegido meticulosamente para realzar el aspecto general y ofrecer a los clientes una experiencia de disfraz completa.<\/li>\n\n\n\n<li>Conjunto vers\u00e1til: Incluir una pistola de juguete y medias de red a\u00f1ade profundidad al conjunto, diferenciando este disfraz y ofreciendo m\u00faltiples opciones de estilo.<\/li>\n\n\n\n<li>Listo para venta al por mayor: Dise\u00f1ado para venta al por mayor, este uniforme Tentaci\u00f3n de mujer polic\u00eda est\u00e1 preparado para convertirse en el art\u00edculo m\u00e1s vendido de su colecci\u00f3n minorista. Es m\u00e1s que un simple disfraz; encarna la fantas\u00eda y la exploraci\u00f3n l\u00fadica.<\/li>\n<\/ol>\n\n\n\n<p>Ampl\u00ede su colecci\u00f3n minorista con nuestro uniforme Tentaci\u00f3n de mujer polic\u00eda al por mayor, una combinaci\u00f3n perfecta de encanto autoritario y sensualidad moderna. Es una opci\u00f3n ideal para los minoristas que ofrecen una gama diversa e imaginativa de vestimenta. Cont\u00e1ctenos para consultas al por mayor y aporte un toque de ley y atractivo a su surtido.<\/p>","protected":false},"excerpt":{"rendered":"<p>Llama la atenci\u00f3n con nuestro Uniforme Tentaci\u00f3n de Mujer Polic\u00eda al por mayor. Este disfraz de oficial femenina cuenta con un pecho en V profundo y mangas largas de malla transparente. Combinado con varios accesorios, es una excelente opci\u00f3n para los minoristas que buscan ofrecer una combinaci\u00f3n de encanto autoritario y sensualidad moderna.<\/p>","protected":false},"featured_media":45864,"template":"","meta":[],"product_brand":[],"product_cat":[974],"product_tag":[978],"class_list":{"0":"post-45860","1":"product","2":"type-product","3":"status-publish","4":"has-post-thumbnail","6":"product_cat-wholesale-sexy-costumes","7":"product_tag-policewoman-costume","8":"pa_color-sea-green-women-sexy-lingerie","9":"pa_size-free","11":"first","12":"instock","13":"taxable","14":"shipping-taxable","15":"purchasable","16":"product-type-variable"},"tiered_pricing_type":"fixed","tiered_pricing_fixed_rules":[],"tiered_pricing_product_settings":{"layout":"default","base_unit_name":{"singular":null,"plural":null},"default_variation":{}},"tiered_pricing_minimum_quantity":null,"tiered_pricing_roles_data":[],"tiered_pricing_percentage_rules":[],"tiered_pricing_maximum_quantity":null,"tiered_pricing_quantity_step":null,"_links":{"self":[{"href":"https:\/\/gretasexylingerie.com\/es\/wp-json\/wp\/v2\/product\/45860","targetHints":{"allow":["GET"]}}],"collection":[{"href":"https:\/\/gretasexylingerie.com\/es\/wp-json\/wp\/v2\/product"}],"about":[{"href":"https:\/\/gretasexylingerie.com\/es\/wp-json\/wp\/v2\/types\/product"}],"wp:featuredmedia":[{"embeddable":true,"href":"https:\/\/gretasexylingerie.com\/es\/wp-json\/wp\/v2\/media\/45864"}],"wp:attachment":[{"href":"https:\/\/gretasexylingerie.com\/es\/wp-json\/wp\/v2\/media?parent=45860"}],"wp:term":[{"taxonomy":"product_brand","embeddable":true,"href":"https:\/\/gretasexylingerie.com\/es\/wp-json\/wp\/v2\/product_brand?post=45860"},{"taxonomy":"product_cat","embeddable":true,"href":"https:\/\/gretasexylingerie.com\/es\/wp-json\/wp\/v2\/product_cat?post=45860"},{"taxonomy":"product_tag","embeddable":true,"href":"https:\/\/gretasexylingerie.com\/es\/wp-json\/wp\/v2\/product_tag?post=45860"}],"curies":[{"name":"Gracias","href":"https:\/\/api.w.org\/{rel}","templated":true}]}}