{"id":45787,"date":"2023-10-17T22:48:48","date_gmt":"2023-10-17T14:48:48","guid":{"rendered":"https:\/\/gretasexylingerie.com\/?post_type=product&#038;p=45787"},"modified":"2023-10-17T22:49:59","modified_gmt":"2023-10-17T14:49:59","slug":"al-por-mayor-traje-de-uniforme-de-enfermera-con-malla-transparente","status":"publish","type":"product","link":"https:\/\/gretasexylingerie.com\/es\/products\/wholesale-nurse-uniform-bodysuit-with-see-through-mesh\/","title":{"rendered":"Body uniforme de enfermera al por mayor con malla transparente"},"content":{"rendered":"<ol class=\"wp-block-list\">\n<li>Tema de enfermera cari\u00f1osa: El tema de la enfermera captura un encanto cari\u00f1oso, lo que lo convierte en una opci\u00f3n atemporal para quienes buscan una combinaci\u00f3n de cuidado y atractivo. El dise\u00f1o garantiza un atractivo duradero en su colecci\u00f3n minorista, invitando a una narrativa de cuidado y exploraci\u00f3n l\u00fadica.<\/li>\n\n\n\n<li>Sensual See-Through Mesh: El body de malla transparente a\u00f1ade un toque de sensualidad y ofrece una silueta favorecedora, lo que lo convierte en una opci\u00f3n deseable para una amplia gama de clientes. Es una excelente opci\u00f3n para los minoristas que buscan ofrecer una amplia gama de vestimenta imaginativa.<\/li>\n\n\n\n<li>Conjunto completo: cada pieza de este conjunto ha sido meticulosamente dise\u00f1ada para complementar el aspecto general, desde el gorro profesional hasta los delicados guantes de malla. El conjunto garantiza que los clientes tengan todo lo que necesitan para una apariencia absolutamente enriquecedora.<\/li>\n\n\n\n<li>Llamativo acento de cintur\u00f3n rojo: el cintur\u00f3n rojo agrega color al conjunto, realzando el tema de la enfermera. Es una caracter\u00edstica destacada que distingue a este uniforme, convirti\u00e9ndolo en una adici\u00f3n \u00fanica a su colecci\u00f3n minorista.<\/li>\n\n\n\n<li>Listo para venta al por mayor: con un enfoque en la venta al por mayor, este traje de uniforme de enfermera est\u00e1 listo para convertirse en un art\u00edculo de gran venta en su colecci\u00f3n minorista. Es m\u00e1s que un simple disfraz; es una invitaci\u00f3n a un reino de fantas\u00eda y exploraci\u00f3n l\u00fadica.<\/li>\n<\/ol>\n\n\n\n<p>Ampl\u00ede su colecci\u00f3n minorista con nuestro traje de uniforme de enfermera al por mayor, una combinaci\u00f3n perfecta de encanto cari\u00f1oso y sensualidad moderna. Es una opci\u00f3n ideal para los minoristas que ofrecen una gama diversa e imaginativa de vestimenta. Cont\u00e1ctenos para consultas sobre venta al por mayor y agregue hoy un toque de cuidada elegancia a su surtido.<\/p>","protected":false},"excerpt":{"rendered":"<p>Abrace el cuidado con encanto con nuestro traje de uniforme de enfermera al por mayor. Este body con cuello halter, confeccionado con malla transparente, se realza con un cintur\u00f3n rojo y viene completo con un gorro y guantes de malla. Una selecci\u00f3n privilegiada para minoristas que buscan ofrecer una combinaci\u00f3n de encanto acogedor y sensualidad contempor\u00e1nea.<\/p>","protected":false},"featured_media":45791,"template":"","meta":[],"product_brand":[],"product_cat":[974],"product_tag":[978],"class_list":{"0":"post-45787","1":"product","2":"type-product","3":"status-publish","4":"has-post-thumbnail","6":"product_cat-wholesale-sexy-costumes","7":"product_tag-policewoman-costume","8":"pa_color-black","9":"pa_size-free","11":"first","12":"instock","13":"taxable","14":"shipping-taxable","15":"purchasable","16":"product-type-variable"},"tiered_pricing_type":"fixed","tiered_pricing_fixed_rules":[],"tiered_pricing_product_settings":{"layout":"default","base_unit_name":{"singular":null,"plural":null},"default_variation":{}},"tiered_pricing_minimum_quantity":null,"tiered_pricing_roles_data":[],"tiered_pricing_percentage_rules":[],"tiered_pricing_maximum_quantity":null,"tiered_pricing_quantity_step":null,"_links":{"self":[{"href":"https:\/\/gretasexylingerie.com\/es\/wp-json\/wp\/v2\/product\/45787","targetHints":{"allow":["GET"]}}],"collection":[{"href":"https:\/\/gretasexylingerie.com\/es\/wp-json\/wp\/v2\/product"}],"about":[{"href":"https:\/\/gretasexylingerie.com\/es\/wp-json\/wp\/v2\/types\/product"}],"wp:featuredmedia":[{"embeddable":true,"href":"https:\/\/gretasexylingerie.com\/es\/wp-json\/wp\/v2\/media\/45791"}],"wp:attachment":[{"href":"https:\/\/gretasexylingerie.com\/es\/wp-json\/wp\/v2\/media?parent=45787"}],"wp:term":[{"taxonomy":"product_brand","embeddable":true,"href":"https:\/\/gretasexylingerie.com\/es\/wp-json\/wp\/v2\/product_brand?post=45787"},{"taxonomy":"product_cat","embeddable":true,"href":"https:\/\/gretasexylingerie.com\/es\/wp-json\/wp\/v2\/product_cat?post=45787"},{"taxonomy":"product_tag","embeddable":true,"href":"https:\/\/gretasexylingerie.com\/es\/wp-json\/wp\/v2\/product_tag?post=45787"}],"curies":[{"name":"Gracias","href":"https:\/\/api.w.org\/{rel}","templated":true}]}}