{"id":45702,"date":"2023-10-16T22:42:48","date_gmt":"2023-10-16T14:42:48","guid":{"rendered":"https:\/\/gretasexylingerie.com\/?post_type=product&#038;p=45702"},"modified":"2023-10-16T22:44:00","modified_gmt":"2023-10-16T14:44:00","slug":"al-por-mayor-conjunto-de-disfraces-de-bar-estilo-rock-metal-sexy","status":"publish","type":"product","link":"https:\/\/gretasexylingerie.com\/es\/products\/wholesale-sexy-metal-rock-style-bar-costumes-set\/","title":{"rendered":"Venta al por mayor Conjunto de disfraces de barra estilo rock metal sexy"},"content":{"rendered":"<ol class=\"wp-block-list\">\n<li>Tema de heavy metal rebelde: el estilo rock heavy metal ofrece una est\u00e9tica visual sorprendente con una est\u00e9tica audaz y desafiante, lo que lo convierte en una opci\u00f3n emocionante para las almas aventureras. Estos llamativos dise\u00f1os son una declaraci\u00f3n impactante de encanto rebelde y exploraci\u00f3n divertida en su colecci\u00f3n minorista.<\/li>\n\n\n\n<li>Cadenas sensuales de cuero y metal: las cadenas de cuero y metal a\u00f1aden modernidad y adulaci\u00f3n, lo que las convierte en opciones populares entre clientes de distintas edades y g\u00e9neros. Los minoristas que buscan diversificar su selecci\u00f3n de productos pueden beneficiarse al ofrecer estas piezas como parte de una variedad ecl\u00e9ctica.<\/li>\n\n\n\n<li>Performance Ready para presentaciones en clubes nocturnos y bares: Dise\u00f1ado para presentaciones en clubes nocturnos y bares, este sexy disfraz alienta a los consumidores a disfrutar y explorar sus fantas\u00edas libremente. \u00a1Una excelente opci\u00f3n para los minoristas que buscan ofrecer vestimenta imaginativa para la vida nocturna!<\/li>\n\n\n\n<li>Conjunto de sujetador y bragas atrevidos: este conjunto de sujetador y bragas agrega un toque vanguardista a cualquier conjunto, lo que aumenta su tema de heavy metal y hace que este disfraz se destaque de otros en su colecci\u00f3n minorista. Es un activo minorista fant\u00e1stico.<\/li>\n\n\n\n<li>Capacidad para venta al por mayor: creada espec\u00edficamente pensando en la venta al por mayor, esta lencer\u00eda sexy para discoteca puede convertirse instant\u00e1neamente en un \u00e9xito de ventas en su colecci\u00f3n minorista. M\u00e1s que un simple conjunto, esta pieza abre las puertas a un mundo imaginativo lleno de fantas\u00eda y exploraci\u00f3n l\u00fadica.<\/li>\n<\/ol>\n\n\n\n<p>Ampl\u00ede su colecci\u00f3n minorista con nuestra lencer\u00eda sexy para discotecas al por mayor: \u00a1una combinaci\u00f3n exquisita de encanto rebelde y elegancia contempor\u00e1nea! Ideal para minoristas que buscan ofrecer a los clientes una gama de vestimenta ecl\u00e9ctica e imaginativa. Para consultas al por mayor, cont\u00e1ctenos y aporte un poco de elegancia a su colecci\u00f3n hoy.<\/p>","protected":false},"excerpt":{"rendered":"<p>Libera tu encanto rebelde con nuestra lencer\u00eda Sexy Nightclub al por mayor. Perfecto para disfraces de bar, este estilo rockero de heavy metal presenta conjuntos de sujetador y bragas con cadenas de cuero y metal con un encanto rebelde y una sensualidad contempor\u00e1nea encarnada por correas de cuero y cadenas de metal, \u00a1creando la combinaci\u00f3n perfecta entre rebeld\u00eda y sensualidad moderna!<\/p>","protected":false},"featured_media":45708,"template":"","meta":[],"product_brand":[],"product_cat":[368,367,376],"product_tag":[],"class_list":{"0":"post-45702","1":"product","2":"type-product","3":"status-publish","4":"has-post-thumbnail","6":"product_cat-bra-panty-set","7":"product_cat-sexy-lingerie","8":"product_cat-wholesale-ultra-sexy-bra-panty-set","9":"pa_color-black","10":"pa_size-free","12":"first","13":"instock","14":"taxable","15":"shipping-taxable","16":"purchasable","17":"product-type-variable"},"tiered_pricing_type":"fixed","tiered_pricing_fixed_rules":[],"tiered_pricing_product_settings":{"layout":"default","base_unit_name":{"singular":null,"plural":null},"default_variation":{}},"tiered_pricing_minimum_quantity":null,"tiered_pricing_roles_data":[],"tiered_pricing_percentage_rules":[],"tiered_pricing_maximum_quantity":null,"tiered_pricing_quantity_step":null,"_links":{"self":[{"href":"https:\/\/gretasexylingerie.com\/es\/wp-json\/wp\/v2\/product\/45702","targetHints":{"allow":["GET"]}}],"collection":[{"href":"https:\/\/gretasexylingerie.com\/es\/wp-json\/wp\/v2\/product"}],"about":[{"href":"https:\/\/gretasexylingerie.com\/es\/wp-json\/wp\/v2\/types\/product"}],"wp:featuredmedia":[{"embeddable":true,"href":"https:\/\/gretasexylingerie.com\/es\/wp-json\/wp\/v2\/media\/45708"}],"wp:attachment":[{"href":"https:\/\/gretasexylingerie.com\/es\/wp-json\/wp\/v2\/media?parent=45702"}],"wp:term":[{"taxonomy":"product_brand","embeddable":true,"href":"https:\/\/gretasexylingerie.com\/es\/wp-json\/wp\/v2\/product_brand?post=45702"},{"taxonomy":"product_cat","embeddable":true,"href":"https:\/\/gretasexylingerie.com\/es\/wp-json\/wp\/v2\/product_cat?post=45702"},{"taxonomy":"product_tag","embeddable":true,"href":"https:\/\/gretasexylingerie.com\/es\/wp-json\/wp\/v2\/product_tag?post=45702"}],"curies":[{"name":"Gracias","href":"https:\/\/api.w.org\/{rel}","templated":true}]}}