{"id":45691,"date":"2023-10-16T22:27:01","date_gmt":"2023-10-16T14:27:01","guid":{"rendered":"https:\/\/gretasexylingerie.com\/?post_type=product&#038;p=45691"},"modified":"2023-10-16T22:28:29","modified_gmt":"2023-10-16T14:28:29","slug":"al-por-mayor-tentacion-sexy-traje-blanco-sin-espalda","status":"publish","type":"product","link":"https:\/\/gretasexylingerie.com\/es\/products\/wholesale-sexy-temptation-backless-white-bodysuit\/","title":{"rendered":"Body Blanco Sin Espalda Tentaci\u00f3n Sexy al por mayor"},"content":{"rendered":"<ol class=\"wp-block-list\">\n<li>Elegancia blanca cl\u00e1sica: los esquemas de color blanco capturan la elegancia cl\u00e1sica, lo que los convierte en opciones atemporales para los clientes que aprecian el dise\u00f1o de calidad. Su est\u00e9tica limpia garantiza un atractivo duradero para las colecciones minoristas al tiempo que crea una historia de pureza y sofisticaci\u00f3n moderna.<\/li>\n\n\n\n<li>Atractivo transparente sexy: este dise\u00f1o transparente agrega modernidad y es muy favorecedor en la mayor\u00eda de los tipos de cuerpo, lo que lo hace atractivo para clientes de todas las edades y rangos de tama\u00f1o. A medida que los minoristas buscan ofrecer ofertas diversas para las necesidades de ropa de los clientes, \u00a1este estilo transparente puede ofrecer mucha variedad!<\/li>\n\n\n\n<li>Material de banda el\u00e1stica: Nuestro material de banda el\u00e1stica garantiza un ajuste c\u00f3modo pero sexy, lo que muestra nuestro compromiso de ofrecer productos al por mayor sin comprometer la calidad o la comodidad.<\/li>\n\n\n\n<li>Dise\u00f1o halter sin espalda: el dise\u00f1o halter sin espalda de este body irradia elegancia moderna sin dejar de ser sensual, lo que lo convierte en una caracter\u00edstica destacada en su colecci\u00f3n minorista.<\/li>\n\n\n\n<li>Listo para venta al por mayor: Creado espec\u00edficamente pensando en la venta al por mayor, el body blanco es esencial en cualquier colecci\u00f3n minorista. \u00a1M\u00e1s all\u00e1 de un simple disfraz, este body brinda acceso a un mundo imaginativo de exploraci\u00f3n m\u00e1gica y divertida!<\/li>\n<\/ol>\n\n\n\n<p>Haga una declaraci\u00f3n impactante en su colecci\u00f3n minorista con nuestro body blanco al por mayor, una exquisita combinaci\u00f3n de encanto cl\u00e1sico y sofisticaci\u00f3n moderna. Perfecto para minoristas que buscan ofrecer diversas opciones de indumentaria. Comun\u00edquese hoy con cualquier consulta mayorista para obtener una elegancia l\u00fadica adicional en su surtido.<\/p>","protected":false},"excerpt":{"rendered":"<p>Nuestros Body Blanco al por mayor son perfectos para minoristas que buscan combinar el encanto cl\u00e1sico y la sensualidad contempor\u00e1nea en una sola l\u00ednea de productos. Su seductor material transparente combina bien con el material de banda el\u00e1stica y el dise\u00f1o halter sin espalda para lograr un encanto moderno y crear una experiencia de compra memorable.<\/p>","protected":false},"featured_media":45700,"template":"","meta":[],"product_brand":[],"product_cat":[370,379,367],"product_tag":[],"class_list":{"0":"post-45691","1":"product","2":"type-product","3":"status-publish","4":"has-post-thumbnail","6":"product_cat-bodysuit","7":"product_cat-wholesale-harness-bodysuit","8":"product_cat-sexy-lingerie","9":"pa_color-white","10":"pa_size-free","12":"first","13":"instock","14":"taxable","15":"shipping-taxable","16":"purchasable","17":"product-type-variable"},"tiered_pricing_type":"fixed","tiered_pricing_fixed_rules":[],"tiered_pricing_product_settings":{"layout":"default","base_unit_name":{"singular":null,"plural":null},"default_variation":{}},"tiered_pricing_minimum_quantity":null,"tiered_pricing_roles_data":[],"tiered_pricing_percentage_rules":[],"tiered_pricing_maximum_quantity":null,"tiered_pricing_quantity_step":null,"_links":{"self":[{"href":"https:\/\/gretasexylingerie.com\/es\/wp-json\/wp\/v2\/product\/45691","targetHints":{"allow":["GET"]}}],"collection":[{"href":"https:\/\/gretasexylingerie.com\/es\/wp-json\/wp\/v2\/product"}],"about":[{"href":"https:\/\/gretasexylingerie.com\/es\/wp-json\/wp\/v2\/types\/product"}],"wp:featuredmedia":[{"embeddable":true,"href":"https:\/\/gretasexylingerie.com\/es\/wp-json\/wp\/v2\/media\/45700"}],"wp:attachment":[{"href":"https:\/\/gretasexylingerie.com\/es\/wp-json\/wp\/v2\/media?parent=45691"}],"wp:term":[{"taxonomy":"product_brand","embeddable":true,"href":"https:\/\/gretasexylingerie.com\/es\/wp-json\/wp\/v2\/product_brand?post=45691"},{"taxonomy":"product_cat","embeddable":true,"href":"https:\/\/gretasexylingerie.com\/es\/wp-json\/wp\/v2\/product_cat?post=45691"},{"taxonomy":"product_tag","embeddable":true,"href":"https:\/\/gretasexylingerie.com\/es\/wp-json\/wp\/v2\/product_tag?post=45691"}],"curies":[{"name":"Gracias","href":"https:\/\/api.w.org\/{rel}","templated":true}]}}