{"id":45682,"date":"2023-10-16T22:15:54","date_gmt":"2023-10-16T14:15:54","guid":{"rendered":"https:\/\/gretasexylingerie.com\/?post_type=product&#038;p=45682"},"modified":"2023-10-16T22:17:32","modified_gmt":"2023-10-16T14:17:32","slug":"al-por-mayor-ver-a-traves-del-traje-sexy-de-nina-gato","status":"publish","type":"product","link":"https:\/\/gretasexylingerie.com\/es\/products\/wholesale-see-through-sexy-cat-girl-bodysuit\/","title":{"rendered":"Body Transparente De Chica Gato Sexy al por mayor"},"content":{"rendered":"<ol class=\"wp-block-list\">\n<li>Encanto felino: los temas de las chicas gato rezuman un encanto felino juguet\u00f3n, lo que los convierte en una opci\u00f3n emocionante para las almas aventureras. Su est\u00e9tica agradable garantiza una colecci\u00f3n minorista llamativa al tiempo que invoca historias de fantas\u00eda felina y exploraci\u00f3n activa.<\/li>\n\n\n\n<li>Dise\u00f1o transparente llamativo: el dise\u00f1o transparente a\u00f1ade modernidad y proporciona una silueta llamativa. Como tal, atrae a clientes de diferentes grupos demogr\u00e1ficos, lo que hace que esta opci\u00f3n sea perfecta para los minoristas que buscan diversas opciones de vestimenta.<\/li>\n\n\n\n<li>Cabestro y cola peludos: El cabestro y la cola peludos a\u00f1aden un elemento llamativo que complementa el tema felino, creando una pieza excepcional para exhibici\u00f3n minorista. Con un detalle tan llamativo, este body destaca en tu colecci\u00f3n minorista. Se presenta como una ventaja adicional sobre los competidores.<\/li>\n\n\n\n<li>Correa abdominal ajustable: nuestra correa abdominal ajustable garantiza un ajuste c\u00f3modo pero seductor, prueba de nuestra dedicaci\u00f3n a ofrecer productos al por mayor sin comprometer la calidad ni la comodidad.<\/li>\n\n\n\n<li>Listo para venta al por mayor: Hecho para distribuci\u00f3n mayorista, el body transparente Sexy Cat Girl se convertir\u00e1 en una adici\u00f3n muy solicitada a su surtido minorista. No s\u00f3lo un disfraz; \u00a1Este conjunto invita a tu audiencia a un reino imaginario para jugar imaginativo!<\/li>\n<\/ol>\n\n\n\n<p>\u00a1Distribuya nuestro body transparente sexy Cat Girl al por mayor para ampliar su colecci\u00f3n minorista hoy con una elegancia divertida! Combina encanto felino y sofisticaci\u00f3n moderna, perfecto para minoristas que buscan una variedad interesante de vestimenta. \u00a1Comun\u00edquese para consultas al por mayor y agregue elegancia divertida a su selecci\u00f3n!<\/p>","protected":false},"excerpt":{"rendered":"<p>Da rienda suelta a tu encanto felino con nuestro Body transparente sexy para ni\u00f1a gato al por mayor. Con un cabestro y una cola peludos para darle un toque extra felino, este body negro es una divertida pieza de juego de rol ideal para minoristas que buscan combinar el carisma felino con la sensualidad moderna.<\/p>","protected":false},"featured_media":45688,"template":"","meta":[],"product_brand":[],"product_cat":[974],"product_tag":[984,980],"class_list":{"0":"post-45682","1":"product","2":"type-product","3":"status-publish","4":"has-post-thumbnail","6":"product_cat-wholesale-sexy-costumes","7":"product_tag-halloween-costumes","8":"product_tag-maid-costumes","9":"pa_color-leopard","10":"pa_size-free","12":"first","13":"instock","14":"taxable","15":"shipping-taxable","16":"purchasable","17":"product-type-variable"},"tiered_pricing_type":"fixed","tiered_pricing_fixed_rules":[],"tiered_pricing_product_settings":{"layout":"default","base_unit_name":{"singular":null,"plural":null},"default_variation":{}},"tiered_pricing_minimum_quantity":null,"tiered_pricing_roles_data":[],"tiered_pricing_percentage_rules":[],"tiered_pricing_maximum_quantity":null,"tiered_pricing_quantity_step":null,"_links":{"self":[{"href":"https:\/\/gretasexylingerie.com\/es\/wp-json\/wp\/v2\/product\/45682","targetHints":{"allow":["GET"]}}],"collection":[{"href":"https:\/\/gretasexylingerie.com\/es\/wp-json\/wp\/v2\/product"}],"about":[{"href":"https:\/\/gretasexylingerie.com\/es\/wp-json\/wp\/v2\/types\/product"}],"wp:featuredmedia":[{"embeddable":true,"href":"https:\/\/gretasexylingerie.com\/es\/wp-json\/wp\/v2\/media\/45688"}],"wp:attachment":[{"href":"https:\/\/gretasexylingerie.com\/es\/wp-json\/wp\/v2\/media?parent=45682"}],"wp:term":[{"taxonomy":"product_brand","embeddable":true,"href":"https:\/\/gretasexylingerie.com\/es\/wp-json\/wp\/v2\/product_brand?post=45682"},{"taxonomy":"product_cat","embeddable":true,"href":"https:\/\/gretasexylingerie.com\/es\/wp-json\/wp\/v2\/product_cat?post=45682"},{"taxonomy":"product_tag","embeddable":true,"href":"https:\/\/gretasexylingerie.com\/es\/wp-json\/wp\/v2\/product_tag?post=45682"}],"curies":[{"name":"Gracias","href":"https:\/\/api.w.org\/{rel}","templated":true}]}}