{"id":45656,"date":"2023-10-16T21:42:06","date_gmt":"2023-10-16T13:42:06","guid":{"rendered":"https:\/\/gretasexylingerie.com\/?post_type=product&#038;p=45656"},"modified":"2023-10-16T21:43:33","modified_gmt":"2023-10-16T13:43:33","slug":"al-por-mayor-disfraz-de-enfermera-sexy-para-actuaciones-en-discotecas","status":"publish","type":"product","link":"https:\/\/gretasexylingerie.com\/es\/products\/wholesale-sexy-nurse-costume-for-nightclub-performances\/","title":{"rendered":"Traje De Enfermera Sexy Para Actuaciones En Discotecas al por mayor"},"content":{"rendered":"<ol class=\"wp-block-list\">\n<li>Encanto m\u00e9dico: los temas del disfraz de enfermera rezuman elegancia m\u00e9dica y despertar\u00e1n el inter\u00e9s de cualquier aventurero. Su atractiva est\u00e9tica garantiza un atractivo duradero en las colecciones minoristas, inspirando historias de fantas\u00eda m\u00e9dica y al mismo tiempo provocando una exploraci\u00f3n divertida.<\/li>\n\n\n\n<li>Material sensual de charol: el charol no solo agrega un toque ecl\u00e9ctico y moderno, sino que tambi\u00e9n es muy favorecedor para clientes de cualquier tipo de cuerpo: una excelente opci\u00f3n para los minoristas que ofrecen opciones de vestimenta \u00fanicas a los clientes.<\/li>\n\n\n\n<li>Listo para el desempe\u00f1o: Dise\u00f1ado espec\u00edficamente para presentaciones en clubes nocturnos y bares, este seductor disfraz invita a los consumidores a satisfacer sus fantas\u00edas. Los minoristas que deseen ofrecer vestimenta diversa para la vida nocturna encontrar\u00e1n en esta una opci\u00f3n de producto ideal.<\/li>\n\n\n\n<li>Elegante ribete de encaje blanco: El elegante ribete de encaje blanco de este disfraz a\u00f1ade sofisticaci\u00f3n, realza su tema m\u00e9dico y lo destaca entre las colecciones minoristas. \u00a1Hace que esta pieza sea verdaderamente \u00fanica!<\/li>\n\n\n\n<li>Listo para venta al por mayor: Pensando en la venta al por mayor, este disfraz de enfermera sexy est\u00e1 listo para convertirse en uno de los art\u00edculos estrella de su colecci\u00f3n minorista. \u00a1M\u00e1s que un simple disfraz, este art\u00edculo abre un mundo de fantas\u00eda y exploraci\u00f3n l\u00fadica!<\/li>\n<\/ol>\n\n\n\n<p>Ampl\u00ede su colecci\u00f3n minorista con nuestro disfraz de enfermera sexy al por mayor, la combinaci\u00f3n ideal de encanto m\u00e9dico y elegancia moderna. Perfecto para minoristas que buscan ofrecer una variedad de vestimenta ecl\u00e9ctica y diversa. Cont\u00e1ctenos ahora para consultas al por mayor y agregue elegancia divertida a su mezcla hoy.<\/p>","protected":false},"excerpt":{"rendered":"<p>\u00a1Presenta un poco de encanto con nuestro disfraz de enfermera sexy al por mayor! Confeccionado con material de charol adornado con adornos de encaje blanco, este traje de enfermera al por mayor es una declaraci\u00f3n inolvidable en un club nocturno y bar sobre el encanto m\u00e9dico y la sensualidad moderna. \u00a1Una excelente opci\u00f3n para los minoristas que buscan ofrecer profesionalismo divertido y elegancia moderna!<\/p>","protected":false},"featured_media":45662,"template":"","meta":[],"product_brand":[],"product_cat":[974],"product_tag":[989],"class_list":{"0":"post-45656","1":"product","2":"type-product","3":"status-publish","4":"has-post-thumbnail","6":"product_cat-wholesale-sexy-costumes","7":"product_tag-nurse-costume","8":"pa_color-red-women-sexy-lingerie","9":"pa_size-free","11":"first","12":"instock","13":"taxable","14":"shipping-taxable","15":"purchasable","16":"product-type-variable"},"tiered_pricing_type":"fixed","tiered_pricing_fixed_rules":[],"tiered_pricing_product_settings":{"layout":"default","base_unit_name":{"singular":null,"plural":null},"default_variation":{}},"tiered_pricing_minimum_quantity":null,"tiered_pricing_roles_data":[],"tiered_pricing_percentage_rules":[],"tiered_pricing_maximum_quantity":null,"tiered_pricing_quantity_step":null,"_links":{"self":[{"href":"https:\/\/gretasexylingerie.com\/es\/wp-json\/wp\/v2\/product\/45656","targetHints":{"allow":["GET"]}}],"collection":[{"href":"https:\/\/gretasexylingerie.com\/es\/wp-json\/wp\/v2\/product"}],"about":[{"href":"https:\/\/gretasexylingerie.com\/es\/wp-json\/wp\/v2\/types\/product"}],"wp:featuredmedia":[{"embeddable":true,"href":"https:\/\/gretasexylingerie.com\/es\/wp-json\/wp\/v2\/media\/45662"}],"wp:attachment":[{"href":"https:\/\/gretasexylingerie.com\/es\/wp-json\/wp\/v2\/media?parent=45656"}],"wp:term":[{"taxonomy":"product_brand","embeddable":true,"href":"https:\/\/gretasexylingerie.com\/es\/wp-json\/wp\/v2\/product_brand?post=45656"},{"taxonomy":"product_cat","embeddable":true,"href":"https:\/\/gretasexylingerie.com\/es\/wp-json\/wp\/v2\/product_cat?post=45656"},{"taxonomy":"product_tag","embeddable":true,"href":"https:\/\/gretasexylingerie.com\/es\/wp-json\/wp\/v2\/product_tag?post=45656"}],"curies":[{"name":"Gracias","href":"https:\/\/api.w.org\/{rel}","templated":true}]}}