{"id":45634,"date":"2023-10-16T00:22:11","date_gmt":"2023-10-15T16:22:11","guid":{"rendered":"https:\/\/gretasexylingerie.com\/?post_type=product&#038;p=45634"},"modified":"2023-10-16T00:24:32","modified_gmt":"2023-10-15T16:24:32","slug":"al-por-mayor-traje-sexy-de-monja-negra","status":"publish","type":"product","link":"https:\/\/gretasexylingerie.com\/es\/products\/wholesale-sexy-black-nun-costume-bodysuit\/","title":{"rendered":"Traje De Monja Negra Sexy al por mayor"},"content":{"rendered":"<ol class=\"wp-block-list\">\n<li>Fantas\u00eda de monja prohibida: los temas del disfraz de monja ofrecen un atractivo que captura su atractivo involuntario, convirti\u00e9ndolos en una opci\u00f3n tentadora para las almas curiosas. Su est\u00e9tica l\u00fadica garantiza que tengan un atractivo duradero en las colecciones minoristas al tiempo que inspiran narrativas de m\u00edstica religiosa y exploraci\u00f3n l\u00fadica.<\/li>\n\n\n\n<li>Sensuales correas de PU negras: Las correas de PU negras agregan un estilo moderno al mismo tiempo que brindan una silueta est\u00e9ticamente agradable, lo que las hace atractivas para una variedad de clientes e ideales para minoristas que ofrecen vestimenta imaginativa.<\/li>\n\n\n\n<li>Atractivo dise\u00f1o de body: Nuestros dise\u00f1os de body rezuman elegancia moderna sin dejar de ser seductores, lo que subraya nuestro compromiso de ofrecer productos al por mayor sin comprometer la calidad o la comodidad.<\/li>\n\n\n\n<li>Listo para juegos de roles: creado espec\u00edficamente para satisfacer las fantas\u00edas de los consumidores finales, este disfraz de monja invita a los consumidores finales a explorar sus lados creativos. Los minoristas que buscan vestimenta diversa deber\u00edan ofrecerla como una oferta atractiva para los consumidores finales.<\/li>\n\n\n\n<li>Listo para venta al por mayor: Dise\u00f1ado para distribuci\u00f3n al por mayor, este seductor body negro de monja puede convertirse en la atracci\u00f3n estrella de su colecci\u00f3n minorista. M\u00e1s que un simple disfraz; \u00a1Abre la puerta a una fantas\u00eda infinita y a una exploraci\u00f3n l\u00fadica!<\/li>\n<\/ol>\n\n\n\n<p>Agregue un elemento elegante y divertido a su colecci\u00f3n minorista con nuestro Body Sexy Black Nun al por mayor, la combinaci\u00f3n ideal de misticismo religioso y sofisticaci\u00f3n moderna. \u00a1Comun\u00edquese con consultas sobre mayoristas ahora para agregar esta encantadora pieza a su surtido!<\/p>","protected":false},"excerpt":{"rendered":"<p>\u00a1Avent\u00farate en un reino subterr\u00e1neo con nuestro sexy traje de monja negro al por mayor! Su atractivo dise\u00f1o de correa de PU negra crea un aura de suspenso, haciendo que cada momento sea cautivador: \u00a1perfecto para los minoristas que buscan combinar la m\u00edstica religiosa y la sensualidad moderna!<\/p>","protected":false},"featured_media":45639,"template":"","meta":[],"product_brand":[],"product_cat":[974],"product_tag":[984,992],"class_list":{"0":"post-45634","1":"product","2":"type-product","3":"status-publish","4":"has-post-thumbnail","6":"product_cat-wholesale-sexy-costumes","7":"product_tag-halloween-costumes","8":"product_tag-nun-costume","9":"pa_color-black","10":"pa_size-free","12":"first","13":"instock","14":"taxable","15":"shipping-taxable","16":"purchasable","17":"product-type-variable"},"tiered_pricing_type":"fixed","tiered_pricing_fixed_rules":[],"tiered_pricing_product_settings":{"layout":"default","base_unit_name":{"singular":null,"plural":null},"default_variation":{}},"tiered_pricing_minimum_quantity":null,"tiered_pricing_roles_data":[],"tiered_pricing_percentage_rules":[],"tiered_pricing_maximum_quantity":null,"tiered_pricing_quantity_step":null,"_links":{"self":[{"href":"https:\/\/gretasexylingerie.com\/es\/wp-json\/wp\/v2\/product\/45634","targetHints":{"allow":["GET"]}}],"collection":[{"href":"https:\/\/gretasexylingerie.com\/es\/wp-json\/wp\/v2\/product"}],"about":[{"href":"https:\/\/gretasexylingerie.com\/es\/wp-json\/wp\/v2\/types\/product"}],"wp:featuredmedia":[{"embeddable":true,"href":"https:\/\/gretasexylingerie.com\/es\/wp-json\/wp\/v2\/media\/45639"}],"wp:attachment":[{"href":"https:\/\/gretasexylingerie.com\/es\/wp-json\/wp\/v2\/media?parent=45634"}],"wp:term":[{"taxonomy":"product_brand","embeddable":true,"href":"https:\/\/gretasexylingerie.com\/es\/wp-json\/wp\/v2\/product_brand?post=45634"},{"taxonomy":"product_cat","embeddable":true,"href":"https:\/\/gretasexylingerie.com\/es\/wp-json\/wp\/v2\/product_cat?post=45634"},{"taxonomy":"product_tag","embeddable":true,"href":"https:\/\/gretasexylingerie.com\/es\/wp-json\/wp\/v2\/product_tag?post=45634"}],"curies":[{"name":"Gracias","href":"https:\/\/api.w.org\/{rel}","templated":true}]}}