{"id":45620,"date":"2023-10-15T23:53:06","date_gmt":"2023-10-15T15:53:06","guid":{"rendered":"https:\/\/gretasexylingerie.com\/?post_type=product&#038;p=45620"},"modified":"2023-10-22T22:56:47","modified_gmt":"2023-10-22T14:56:47","slug":"al-por-mayor-conjunto-de-cosplay-de-halloween-de-enfermera-sexy-ajustada","status":"publish","type":"product","link":"https:\/\/gretasexylingerie.com\/es\/products\/wholesale-tight-sexy-nurse-halloween-cosplay-set\/","title":{"rendered":"Conjunto De Cosplay De Halloween De Enfermera Sexy Apretado al por mayor"},"content":{"rendered":"<ol class=\"wp-block-list\">\n<li>Tentador cosplay de enfermera: El cosplay de enfermera tiene un atractivo irresistiblemente tentador, lo que lo convierte en una opci\u00f3n emocionante para los esp\u00edritus aventureros. La est\u00e9tica caprichosa garantiza un atractivo duradero en su colecci\u00f3n minorista al tiempo que invita a una historia de fantas\u00eda m\u00e9dica y exploraci\u00f3n l\u00fadica.<\/li>\n\n\n\n<li>Ajuste ce\u00f1ido sensual: Los cortes ce\u00f1idos son popularmente preferidos entre los clientes por su sensualidad y silueta favorecedora, lo que los convierte en selecciones deseables entre los minoristas que buscan ofrecer una variedad de opciones de vestimenta diversas.<\/li>\n\n\n\n<li>Listo para Halloween: Creado especialmente para el cosplay de Halloween, este disfraz de enfermera permite a los consumidores finales explorar su imaginaci\u00f3n. \u00a1Los minoristas que buscan opciones de ropa \u00fanicas durante esta temporada espeluznante definitivamente deber\u00edan tomar nota!<\/li>\n\n\n\n<li>Juego de tres piezas de juego de roles: este completo juego de tres piezas ofrece todo lo que necesita para cualquier ocasi\u00f3n l\u00fadica, lo que mejora la experiencia de compra de los clientes. Los minoristas que ofrecen estos conjuntos integrales los encontrar\u00e1n extremadamente valiosos cuando busquen mejorar las experiencias de los clientes mediante la venta al por menor de estos conjuntos.<\/li>\n\n\n\n<li>Listo para venta al por mayor: Pensando en la venta al por mayor, este seductor disfraz de enfermera est\u00e1 listo para convertirse en un \u00e9xito incre\u00edble en su colecci\u00f3n minorista. M\u00e1s que un simple accesorio; este atuendo invita a la fantas\u00eda y la exploraci\u00f3n l\u00fadica.<\/li>\n<\/ol>\n\n\n\n<p><font style=\"vertical-align: inherit;\"><font style=\"vertical-align: inherit;\">\u6211\u4eec\u7684\u6279\u53d1\u7d27\u8eab\u6027\u611f\u62a4\u58eb\u670d\u88c5\u662f\u533b\u7597\u9b45\u529b\u4e0e\u73b0\u4ee3\u4f18\u96c5\u7684\u5b8c\u7f8e\u7ed3\u5408,\u4e3a\u60a8\u7684\u96f6\u552e\u7cfb\u5217\u589e\u6dfb\u4e00\u4ef6\u7cbe\u81f4\u7684\u5355\u54c1\u3002\u975e\u5e38\u9002\u5408\u5bfb\u6c42\u4e3a\u987e\u5ba2\u63d0\u4f9b\u5bcc\u6709\u60f3\u8c61\u529b\u7684\u670d\u88c5\u7684\u96f6\u552e\u5546\u3002\u7acb\u5373\u8054\u7cfb\u6279\u53d1\u8be2\u95ee\uff0c\u7acb\u5373\u4e3a\u60a8\u7684\u96f6\u552e\u4ea7\u54c1\u589e\u6dfb\u4fcf\u76ae\u4f18\u96c5.<\/font><\/font><\/p>\n\n\n\n<figure class=\"wp-block-table is-style-stripes\"><table class=\"has-fixed-layout\"><tbody><tr><td>Gr\u00e1fico del sitio (CM)<\/td><td><\/td><td><\/td><td><\/td><\/tr><tr><td>Tama\u00f1o<\/td><td>Longitud<\/td><td>Busto inferior<\/td><td>Cintura<\/td><\/tr><tr><td>S<\/td><td>78<\/td><td>87<\/td><td>71<\/td><\/tr><tr><td>METRO<\/td><td>80<\/td><td>91<\/td><td>75&nbsp;<\/td><\/tr><tr><td>L<\/td><td>82<\/td><td>97<\/td><td>81<\/td><\/tr><tr><td>SG<\/td><td>84<\/td><td>103<\/td><td>87<\/td><\/tr><tr><td>Gr\u00e1fico del sitio (PULGADAS)<\/td><td><\/td><td><\/td><td><\/td><\/tr><tr><td>Tama\u00f1o<\/td><td>Longitud<\/td><td>Busto inferior<\/td><td>Cintura<\/td><\/tr><tr><td>S<\/td><td>30.71<\/td><td>34.25<\/td><td>27.95<\/td><\/tr><tr><td>METRO<\/td><td>31.5<\/td><td>35.83<\/td><td>29.53<\/td><\/tr><tr><td>L<\/td><td>32.28<\/td><td>38.19<\/td><td>31.89<\/td><\/tr><tr><td>SG<\/td><td>33.07<\/td><td>40.55<\/td><td>34.25<\/td><\/tr><\/tbody><\/table><\/figure>","protected":false},"excerpt":{"rendered":"<p>Aporta un toque de encanto a cualquier entorno con nuestro conjunto de disfraces de enfermera sexy ajustado al por mayor. Ideal para cosplay y juegos de rol de Halloween, este conjunto de tres piezas ofrece infinitas horas de diversi\u00f3n narrativa, lo que lo hace ideal para minoristas que buscan combinar el encanto m\u00e9dico y la sensualidad moderna en una sola l\u00ednea de productos.<\/p>\n<p>https:\/\/youtu.be\/kfdhovZ69Io<\/p>","protected":false},"featured_media":45629,"template":"","meta":[],"product_brand":[],"product_cat":[974],"product_tag":[989],"class_list":{"0":"post-45620","1":"product","2":"type-product","3":"status-publish","4":"has-post-thumbnail","6":"product_cat-wholesale-sexy-costumes","7":"product_tag-nurse-costume","8":"pa_color-white","9":"pa_size-wholesale-large-size-women-sexy-lingerie","10":"pa_size-wholesale-medium-size-women-sexy-lingerie","11":"pa_size-wholesale-small-size-sexy-lingerie","12":"pa_size-wholesale-extra-large-sexy-lingerie","14":"first","15":"instock","16":"taxable","17":"shipping-taxable","18":"purchasable","19":"product-type-variable"},"tiered_pricing_type":"fixed","tiered_pricing_fixed_rules":[],"tiered_pricing_product_settings":{"layout":"default","base_unit_name":{"singular":null,"plural":null},"default_variation":{}},"tiered_pricing_minimum_quantity":null,"tiered_pricing_roles_data":[],"tiered_pricing_percentage_rules":[],"tiered_pricing_maximum_quantity":null,"tiered_pricing_quantity_step":null,"_links":{"self":[{"href":"https:\/\/gretasexylingerie.com\/es\/wp-json\/wp\/v2\/product\/45620","targetHints":{"allow":["GET"]}}],"collection":[{"href":"https:\/\/gretasexylingerie.com\/es\/wp-json\/wp\/v2\/product"}],"about":[{"href":"https:\/\/gretasexylingerie.com\/es\/wp-json\/wp\/v2\/types\/product"}],"wp:featuredmedia":[{"embeddable":true,"href":"https:\/\/gretasexylingerie.com\/es\/wp-json\/wp\/v2\/media\/45629"}],"wp:attachment":[{"href":"https:\/\/gretasexylingerie.com\/es\/wp-json\/wp\/v2\/media?parent=45620"}],"wp:term":[{"taxonomy":"product_brand","embeddable":true,"href":"https:\/\/gretasexylingerie.com\/es\/wp-json\/wp\/v2\/product_brand?post=45620"},{"taxonomy":"product_cat","embeddable":true,"href":"https:\/\/gretasexylingerie.com\/es\/wp-json\/wp\/v2\/product_cat?post=45620"},{"taxonomy":"product_tag","embeddable":true,"href":"https:\/\/gretasexylingerie.com\/es\/wp-json\/wp\/v2\/product_tag?post=45620"}],"curies":[{"name":"Gracias","href":"https:\/\/api.w.org\/{rel}","templated":true}]}}