{"id":45602,"date":"2023-10-15T23:31:10","date_gmt":"2023-10-15T15:31:10","guid":{"rendered":"https:\/\/gretasexylingerie.com\/?post_type=product&#038;p=45602"},"modified":"2023-11-28T23:01:43","modified_gmt":"2023-11-28T15:01:43","slug":"al-por-mayor-vestido-sexy-cosplay-enfermera-roja","status":"publish","type":"product","link":"https:\/\/gretasexylingerie.com\/es\/products\/wholesale-sexy-red-nurse-cosplay-dress\/","title":{"rendered":"Vestido Rojo Sexy De La Enfermera Cosplay al por mayor"},"content":{"rendered":"<ol class=\"wp-block-list\">\n<li>Tentador cosplay de enfermera: El cosplay de enfermera captura un atractivo irresistiblemente tentador, lo que lo convierte en una opci\u00f3n irresistiblemente emocionante para los esp\u00edritus aventureros. Su est\u00e9tica cautivadora y su atractivo duradero en su colecci\u00f3n minorista invitan a la fantas\u00eda m\u00e9dica y la exploraci\u00f3n l\u00fadica.<\/li>\n\n\n\n<li>Vestido rojo sensual: un vestido rojo seductor a\u00f1ade seducci\u00f3n y ofrece una silueta favorecedora que atrae a clientes de una amplia gama. Los minoristas que buscan ofrecer prendas innovadoras pueden encontrar el vestido rojo especialmente \u00fatil.<\/li>\n\n\n\n<li>Listo para juegos de roles: dise\u00f1ado espec\u00edficamente para atender juegos de roles, este disfraz de enfermera permite a los consumidores finales explorar sus fantas\u00edas con \u00e9l. Los minoristas que deseen ofrecer una variedad de vestimenta imaginativa encontrar\u00e1n que esta es una opci\u00f3n excelente.<\/li>\n\n\n\n<li>Artesan\u00eda de alta calidad: Nuestro compromiso de proporcionar productos al por mayor que no comprometan la comodidad o la calidad es evidente a trav\u00e9s de una artesan\u00eda superior. Esto garantiza un ajuste c\u00f3modo pero sexy sin comprometer el estilo o el dise\u00f1o.<\/li>\n\n\n\n<li>Listo para venta al por mayor: pensando en la venta al por mayor, este disfraz de enfermera cosplay est\u00e1 preparado para convertirse en uno de los art\u00edculos m\u00e1s vendidos de su colecci\u00f3n minorista. M\u00e1s que un simple disfraz; \u00a1Abre un mundo de fantas\u00eda y exploraci\u00f3n l\u00fadica!<\/li>\n<\/ol>\n\n\n\n<p>Ampl\u00ede su colecci\u00f3n minorista con nuestro disfraz de enfermera cosplay al por mayor, la combinaci\u00f3n ideal de fantas\u00eda m\u00e9dica y elegancia moderna. Ideal para minoristas que buscan ofrecer una gama diversa e imaginativa de prendas de vestir. Comun\u00edquese con consultas al por mayor ahora y agregue elegancia divertida a su surtido.<\/p>\n\n\n\n<p><\/p>\n\n\n\n<figure class=\"wp-block-table is-style-stripes\"><table class=\"has-fixed-layout\"><tbody><tr><td>Gr\u00e1fico del sitio (CM)<\/td><td><\/td><td><\/td><td><\/td><\/tr><tr><td>Tama\u00f1o<\/td><td>Longitud<\/td><td>Busto inferior<\/td><td>Cintura<\/td><\/tr><tr><td>S<\/td><td>61<\/td><td>77<\/td><td>71<\/td><\/tr><tr><td>METRO<\/td><td>62.5<\/td><td>81<\/td><td>75&nbsp;<\/td><\/tr><tr><td>L<\/td><td>64<\/td><td>87<\/td><td>81<\/td><\/tr><tr><td>SG<\/td><td>65.5<\/td><td>93<\/td><td>87<\/td><\/tr><tr><td>Gr\u00e1fico del sitio (PULGADAS)<\/td><td><\/td><td><\/td><td><\/td><\/tr><tr><td>Tama\u00f1o<\/td><td>Longitud<\/td><td>Busto inferior<\/td><td>Cintura<\/td><\/tr><tr><td>S<\/td><td>24.02<\/td><td>30.31<\/td><td>27.95<\/td><\/tr><tr><td>METRO<\/td><td>24.61<\/td><td>31.89<\/td><td>29.53<\/td><\/tr><tr><td>L<\/td><td>25.2<\/td><td>34.25<\/td><td>31.89<\/td><\/tr><tr><td>SG<\/td><td>25.79<\/td><td>36.61<\/td><td>34.25<\/td><\/tr><\/tbody><\/table><\/figure>","protected":false},"excerpt":{"rendered":"<p>Introduzca un aire de encanto con nuestro disfraz de enfermera cosplay al por mayor. Con un llamativo vestido rojo, nuestro disfraz de enfermera cosplay convertir\u00e1 cualquier momento en una atractiva experiencia narrativa: \u00a1una selecci\u00f3n ideal para minoristas que buscan ofrecer fantas\u00eda m\u00e9dica y sensualidad moderna en un solo producto!<\/p>\n<p><iframe width=\"840\" height=\"473\" src=\"https:\/\/www.youtube.com\/embed\/rY_AWwEOQ4Y\" title=\"Venta al por mayor vestido rojo sexy de enfermera cosplay #custompackaging #customlabels\" frameborder=\"0\" allow=\"accelerometer; autoplay; clipboard-write; encrypted-media; gyroscope; picture-in-picture; web-share\" allowfullscreen><\/iframe><\/p>","protected":false},"featured_media":45612,"template":"","meta":[],"product_brand":[],"product_cat":[974],"product_tag":[989],"class_list":{"0":"post-45602","1":"product","2":"type-product","3":"status-publish","4":"has-post-thumbnail","6":"product_cat-wholesale-sexy-costumes","7":"product_tag-nurse-costume","8":"pa_color-red-women-sexy-lingerie","9":"pa_size-wholesale-large-size-women-sexy-lingerie","10":"pa_size-wholesale-medium-size-women-sexy-lingerie","11":"pa_size-wholesale-small-size-sexy-lingerie","12":"pa_size-wholesale-extra-large-sexy-lingerie","14":"first","15":"instock","16":"taxable","17":"shipping-taxable","18":"purchasable","19":"product-type-variable"},"tiered_pricing_type":"fixed","tiered_pricing_fixed_rules":[],"tiered_pricing_product_settings":{"layout":"default","base_unit_name":{"singular":null,"plural":null},"default_variation":{}},"tiered_pricing_minimum_quantity":null,"tiered_pricing_roles_data":[],"tiered_pricing_percentage_rules":[],"tiered_pricing_maximum_quantity":null,"tiered_pricing_quantity_step":null,"_links":{"self":[{"href":"https:\/\/gretasexylingerie.com\/es\/wp-json\/wp\/v2\/product\/45602","targetHints":{"allow":["GET"]}}],"collection":[{"href":"https:\/\/gretasexylingerie.com\/es\/wp-json\/wp\/v2\/product"}],"about":[{"href":"https:\/\/gretasexylingerie.com\/es\/wp-json\/wp\/v2\/types\/product"}],"wp:featuredmedia":[{"embeddable":true,"href":"https:\/\/gretasexylingerie.com\/es\/wp-json\/wp\/v2\/media\/45612"}],"wp:attachment":[{"href":"https:\/\/gretasexylingerie.com\/es\/wp-json\/wp\/v2\/media?parent=45602"}],"wp:term":[{"taxonomy":"product_brand","embeddable":true,"href":"https:\/\/gretasexylingerie.com\/es\/wp-json\/wp\/v2\/product_brand?post=45602"},{"taxonomy":"product_cat","embeddable":true,"href":"https:\/\/gretasexylingerie.com\/es\/wp-json\/wp\/v2\/product_cat?post=45602"},{"taxonomy":"product_tag","embeddable":true,"href":"https:\/\/gretasexylingerie.com\/es\/wp-json\/wp\/v2\/product_tag?post=45602"}],"curies":[{"name":"Gracias","href":"https:\/\/api.w.org\/{rel}","templated":true}]}}