{"id":45574,"date":"2023-10-15T22:52:16","date_gmt":"2023-10-15T14:52:16","guid":{"rendered":"https:\/\/gretasexylingerie.com\/?post_type=product&#038;p=45574"},"modified":"2023-10-15T22:54:31","modified_gmt":"2023-10-15T14:54:31","slug":"al-por-mayor-falda-corta-estilo-princesa-disfraz-de-mucama","status":"publish","type":"product","link":"https:\/\/gretasexylingerie.com\/es\/products\/wholesale-maid-costume-princess-style-short-skirt\/","title":{"rendered":"Falda Corta Estilo Princesa Traje De Mucama al por mayor"},"content":{"rendered":"<ol class=\"wp-block-list\">\n<li>Atractivo disfraz de sirvienta cl\u00e1sico: El dise\u00f1o ic\u00f3nico del disfraz de sirvienta captura el encanto cl\u00e1sico, lo que lo convierte en una opci\u00f3n emocionante para los esp\u00edritus aventureros. Su est\u00e9tica divertida garantiza un atractivo duradero en las colecciones minoristas al tiempo que invita a un aire de elegancia y atractivo a cualquier historia de elegancia o atractivo.<\/li>\n\n\n\n<li>Falda corta estilo princesa: una falda corta estilo princesa agrega encanto divertido y elegancia real, lo que hace de esta pieza una adici\u00f3n \u00fanica a su colecci\u00f3n minorista.<\/li>\n\n\n\n<li>Seductor dise\u00f1o con cuello en V profundo: El dise\u00f1o con cuello en V profundo de las faldas de una pieza no solo agrega un encanto seductor, sino que tambi\u00e9n es muy favorecedor, lo que lo hace atractivo para los clientes de muchos mercados y minoristas que buscan formas de diversificar su selecci\u00f3n.<\/li>\n\n\n\n<li>Pure Temptation: este dise\u00f1o divertido pero sofisticado se basa en la pureza y la tentaci\u00f3n para crear una narrativa intrigante para aquellos que buscan salidas nocturnas aventureras. Una excelente opci\u00f3n para minoristas que buscan ofrecer diversas opciones de indumentaria.<\/li>\n\n\n\n<li>Listo para la venta al por mayor: Nuestro disfraz de mucama listo para la venta al por mayor seguramente se convertir\u00e1 en un \u00e9xito de ventas entre su colecci\u00f3n minorista. M\u00e1s que un simple disfraz, este disfraz de sirvienta abre las puertas de la fantas\u00eda y la alegr\u00eda creativa para ni\u00f1os de todas las edades.<\/li>\n<\/ol>\n\n\n\n<p>Ampl\u00ede su colecci\u00f3n minorista con nuestro disfraz de mucama al por mayor, la combinaci\u00f3n ideal de encanto cl\u00e1sico y elegancia moderna. Ideal para minoristas que buscan ofrecer una gama variada e imaginativa de vestimenta. Comun\u00edquese hoy con cualquier consulta sobre ventas al por mayor para que podamos agregar un poco de elegancia divertida a su surtido.<\/p>\n\n\n\n<p><\/p>\n\n\n\n<figure class=\"wp-block-table is-style-stripes\"><table class=\"has-fixed-layout\"><tbody><tr><td>Gr\u00e1fico del sitio (CM)<\/td><td><\/td><td><\/td><td><\/td><\/tr><tr><td>Tama\u00f1o<\/td><td>Longitud<\/td><td>Busto inferior<\/td><td>Cintura<\/td><\/tr><tr><td>S<\/td><td>58<\/td><td>68-72<\/td><td>64-68<\/td><\/tr><tr><td>METRO<\/td><td>60<\/td><td>72-76<\/td><td>68-72<\/td><\/tr><tr><td>L<\/td><td>62<\/td><td>76-80<\/td><td>72-76<\/td><\/tr><tr><td>SG<\/td><td>64<\/td><td>80-84<\/td><td>76-80<\/td><\/tr><tr><td>Gr\u00e1fico del sitio (PULGADAS)<\/td><td><\/td><td><\/td><td><\/td><\/tr><tr><td>Tama\u00f1o<\/td><td>Longitud<\/td><td>Busto inferior<\/td><td>Cintura<\/td><\/tr><tr><td>S<\/td><td>22.83<\/td><td>26.77-28.35<\/td><td>25.20-26.77<\/td><\/tr><tr><td>METRO<\/td><td>23.62<\/td><td>28.35-29.92<\/td><td>26.77-28.35<\/td><\/tr><tr><td>L<\/td><td>24.41<\/td><td>29.92-31.50<\/td><td>28.35-29.92<\/td><\/tr><tr><td>SG<\/td><td>25.2<\/td><td>31.50-33.07<\/td><td>29.92-31.50<\/td><\/tr><\/tbody><\/table><\/figure>","protected":false},"excerpt":{"rendered":"<p>L\u00e1nzate a una experiencia de elegancia y encanto con nuestro disfraz de mucama al por mayor. Haciendo alarde de pureza y tentaci\u00f3n, su falda corta estilo princesa combinada con un dise\u00f1o de una sola pieza con cuello en V profundo hace de nuestro disfraz de mucama al por mayor una excelente selecci\u00f3n para los minoristas que buscan ofrecer encanto cl\u00e1sico y sensualidad moderna.<\/p>","protected":false},"featured_media":45583,"template":"","meta":[],"product_brand":[],"product_cat":[974],"product_tag":[980],"class_list":{"0":"post-45574","1":"product","2":"type-product","3":"status-publish","4":"has-post-thumbnail","6":"product_cat-wholesale-sexy-costumes","7":"product_tag-maid-costumes","8":"pa_color-black","9":"pa_size-wholesale-large-size-women-sexy-lingerie","10":"pa_size-wholesale-medium-size-women-sexy-lingerie","11":"pa_size-wholesale-small-size-sexy-lingerie","12":"pa_size-wholesale-extra-large-sexy-lingerie","14":"first","15":"instock","16":"taxable","17":"shipping-taxable","18":"purchasable","19":"product-type-variable"},"tiered_pricing_type":"fixed","tiered_pricing_fixed_rules":[],"tiered_pricing_product_settings":{"layout":"default","base_unit_name":{"singular":null,"plural":null},"default_variation":{}},"tiered_pricing_minimum_quantity":null,"tiered_pricing_roles_data":[],"tiered_pricing_percentage_rules":[],"tiered_pricing_maximum_quantity":null,"tiered_pricing_quantity_step":null,"_links":{"self":[{"href":"https:\/\/gretasexylingerie.com\/es\/wp-json\/wp\/v2\/product\/45574","targetHints":{"allow":["GET"]}}],"collection":[{"href":"https:\/\/gretasexylingerie.com\/es\/wp-json\/wp\/v2\/product"}],"about":[{"href":"https:\/\/gretasexylingerie.com\/es\/wp-json\/wp\/v2\/types\/product"}],"wp:featuredmedia":[{"embeddable":true,"href":"https:\/\/gretasexylingerie.com\/es\/wp-json\/wp\/v2\/media\/45583"}],"wp:attachment":[{"href":"https:\/\/gretasexylingerie.com\/es\/wp-json\/wp\/v2\/media?parent=45574"}],"wp:term":[{"taxonomy":"product_brand","embeddable":true,"href":"https:\/\/gretasexylingerie.com\/es\/wp-json\/wp\/v2\/product_brand?post=45574"},{"taxonomy":"product_cat","embeddable":true,"href":"https:\/\/gretasexylingerie.com\/es\/wp-json\/wp\/v2\/product_cat?post=45574"},{"taxonomy":"product_tag","embeddable":true,"href":"https:\/\/gretasexylingerie.com\/es\/wp-json\/wp\/v2\/product_tag?post=45574"}],"curies":[{"name":"Gracias","href":"https:\/\/api.w.org\/{rel}","templated":true}]}}