{"id":45562,"date":"2023-10-15T22:26:27","date_gmt":"2023-10-15T14:26:27","guid":{"rendered":"https:\/\/gretasexylingerie.com\/?post_type=product&#038;p=45562"},"modified":"2023-10-15T22:31:23","modified_gmt":"2023-10-15T14:31:23","slug":"al-por-mayor-conjunto-de-lenceria-seductora-para-estudiantes-para-chicas-calientes","status":"publish","type":"product","link":"https:\/\/gretasexylingerie.com\/es\/products\/wholesale-seductive-student-lingerie-set-for-hot-girl\/","title":{"rendered":"Conjunto de lencer\u00eda seductora para estudiantes al por mayor para chicas calientes"},"content":{"rendered":"<ol class=\"wp-block-list\">\n<li>Dise\u00f1o de vestuario juvenil para estudiantes: El ic\u00f3nico dise\u00f1o de vestuario para estudiantes captura el encanto juvenil, lo que lo convierte en una opci\u00f3n emocionante para las almas aventureras. Su atractiva est\u00e9tica garantiza un atractivo a largo plazo en las colecciones minoristas al tiempo que invita a una narrativa de inocencia y atractivo.<\/li>\n\n\n\n<li>Vestido corto seductor: El vestido corto a\u00f1ade un encanto divertido y al mismo tiempo irradia seducci\u00f3n, lo que distingue a esta lencer\u00eda y la convierte en una pieza \u00fanica para las ventas minoristas.<\/li>\n\n\n\n<li>Sujetadores de copa triangular delgada: estos sujetadores de copa triangular delicados pero favorecedores son una excelente adici\u00f3n a cualquier tienda que ofrezca una variedad de prendas creativas y son una opci\u00f3n atractiva entre clientes de diversas edades y tipos de cuerpo. \u00a1Son una forma especialmente buena de aumentar las ventas!<\/li>\n\n\n\n<li>Tangas finas y seductoras: nuestras tangas finas y seductoras rezuman elegancia moderna sin dejar de ser seductoras; una muestra de nuestro compromiso de ofrecer productos al por mayor sin sacrificar la comodidad ni la calidad.<\/li>\n\n\n\n<li>Listo para venta al por mayor: Pensando en la venta al por mayor, este conjunto de lencer\u00eda de disfraces para estudiantes est\u00e1 listo para convertirse en uno de los vendedores m\u00e1s populares de su colecci\u00f3n minorista. M\u00e1s all\u00e1 de una simple pieza de disfraz, este conjunto invita al juego creativo y al descubrimiento l\u00fadico.<\/li>\n<\/ol>\n\n\n\n<p>\u00a1Agregue nuestro conjunto de lencer\u00eda de disfraz de estudiante seductor al por mayor a su colecci\u00f3n minorista para obtener una adici\u00f3n de elegancia asequible y divertida! Combina el encanto de una colegiala y una elegancia moderna, perfecto para minoristas que ofrecen selecciones de ropa diversas e imaginativas. \u00a1Cont\u00e1ctenos hoy para consultas sobre ventas al por mayor y agregue elegancia divertida a su surtido!<\/p>\n\n\n\n<p><\/p>\n\n\n\n<figure class=\"wp-block-table is-style-stripes\"><table class=\"has-fixed-layout\"><tbody><tr><td>Gr\u00e1fico del sitio (CM)<\/td><td><\/td><td><\/td><td><\/td><\/tr><tr><td>Tama\u00f1o<\/td><td>Longitud<\/td><td>Busto inferior<\/td><td>Cintura<\/td><\/tr><tr><td>S<\/td><td>30<\/td><td>86-90<\/td><td>56-60<\/td><\/tr><tr><td>METRO<\/td><td>31<\/td><td>90-94<\/td><td>60-64<\/td><\/tr><tr><td>L<\/td><td>32<\/td><td>94-98<\/td><td>64-68<\/td><\/tr><tr><td>SG<\/td><td>33<\/td><td>98-102<\/td><td>68-72<\/td><\/tr><tr><td>Gr\u00e1fico del sitio (PULGADAS)<\/td><td><\/td><td><\/td><td><\/td><\/tr><tr><td>Tama\u00f1o<\/td><td>Longitud<\/td><td>Busto inferior<\/td><td>Cintura<\/td><\/tr><tr><td>S<\/td><td>11.81<\/td><td>33.86-35.43<\/td><td>22.05-23.62<\/td><\/tr><tr><td>METRO<\/td><td>12.2<\/td><td>35.43-37.01<\/td><td>23.62-25.20<\/td><\/tr><tr><td>L<\/td><td>12.6<\/td><td>37.01-38.58<\/td><td>25.20-26.77<\/td><\/tr><tr><td>SG<\/td><td>12.99<\/td><td>38.58-40.16<\/td><td>26.77-28.35<\/td><\/tr><\/tbody><\/table><\/figure>","protected":false},"excerpt":{"rendered":"<p>Sum\u00e9rjase en fantas\u00edas juveniles con nuestro seductor conjunto de lencer\u00eda para disfraces de estudiantes al por mayor dise\u00f1ado para chicas atractivas. El vestido corto combinado con finos sujetadores de copa triangular y tangas finas ofrece la combinaci\u00f3n perfecta de inocencia y encanto, lo que hace que este conjunto sea ideal para minoristas que buscan ofrecer encanto de colegiala junto con sensualidad moderna.<\/p>","protected":false},"featured_media":45570,"template":"","meta":[],"product_brand":[],"product_cat":[974],"product_tag":[976],"class_list":{"0":"post-45562","1":"product","2":"type-product","3":"status-publish","4":"has-post-thumbnail","6":"product_cat-wholesale-sexy-costumes","7":"product_tag-schoolgirl-costumes","8":"pa_color-red-women-sexy-lingerie","9":"pa_size-wholesale-large-size-women-sexy-lingerie","10":"pa_size-wholesale-medium-size-women-sexy-lingerie","11":"pa_size-wholesale-small-size-sexy-lingerie","12":"pa_size-wholesale-extra-large-sexy-lingerie","14":"first","15":"instock","16":"taxable","17":"shipping-taxable","18":"purchasable","19":"product-type-variable"},"tiered_pricing_type":"fixed","tiered_pricing_fixed_rules":[],"tiered_pricing_product_settings":{"layout":"default","base_unit_name":{"singular":null,"plural":null},"default_variation":{}},"tiered_pricing_minimum_quantity":null,"tiered_pricing_roles_data":[],"tiered_pricing_percentage_rules":[],"tiered_pricing_maximum_quantity":null,"tiered_pricing_quantity_step":null,"_links":{"self":[{"href":"https:\/\/gretasexylingerie.com\/es\/wp-json\/wp\/v2\/product\/45562","targetHints":{"allow":["GET"]}}],"collection":[{"href":"https:\/\/gretasexylingerie.com\/es\/wp-json\/wp\/v2\/product"}],"about":[{"href":"https:\/\/gretasexylingerie.com\/es\/wp-json\/wp\/v2\/types\/product"}],"wp:featuredmedia":[{"embeddable":true,"href":"https:\/\/gretasexylingerie.com\/es\/wp-json\/wp\/v2\/media\/45570"}],"wp:attachment":[{"href":"https:\/\/gretasexylingerie.com\/es\/wp-json\/wp\/v2\/media?parent=45562"}],"wp:term":[{"taxonomy":"product_brand","embeddable":true,"href":"https:\/\/gretasexylingerie.com\/es\/wp-json\/wp\/v2\/product_brand?post=45562"},{"taxonomy":"product_cat","embeddable":true,"href":"https:\/\/gretasexylingerie.com\/es\/wp-json\/wp\/v2\/product_cat?post=45562"},{"taxonomy":"product_tag","embeddable":true,"href":"https:\/\/gretasexylingerie.com\/es\/wp-json\/wp\/v2\/product_tag?post=45562"}],"curies":[{"name":"Gracias","href":"https:\/\/api.w.org\/{rel}","templated":true}]}}