{"id":45546,"date":"2023-10-13T23:59:04","date_gmt":"2023-10-13T15:59:04","guid":{"rendered":"https:\/\/gretasexylingerie.com\/?post_type=product&#038;p=45546"},"modified":"2024-01-17T21:43:19","modified_gmt":"2024-01-17T13:43:19","slug":"al-por-mayor-traje-sexy-de-navidad-traje-profundo-v","status":"publish","type":"product","link":"https:\/\/gretasexylingerie.com\/es\/products\/wholesale-sexy-christmas-costume-deep-v-bodysuit\/","title":{"rendered":"Traje De Navidad Sexy Traje De V Profundo al por mayor"},"content":{"rendered":"<ol class=\"wp-block-list\">\n<li>Encanto festivo: La belleza festiva del disfraz navide\u00f1o lo convierte en una opci\u00f3n emocionante para presentaciones navide\u00f1as y presentaciones de cualquier tipo. Con una est\u00e9tica divertida que garantiza un atractivo a largo plazo en las colecciones minoristas, ayudan a contar historias de celebraci\u00f3n y encanto al tiempo que invitan a una narrativa basada en experiencias para celebrar esta \u00e9poca del a\u00f1o.<\/li>\n\n\n\n<li>Body sensual con escote en V profundo: este sensual body con escote en V profundo no solo agrega un atractivo seductor, sino que tambi\u00e9n favorece a casi todas las figuras, lo que lo convierte en una opci\u00f3n popular entre clientes de diversas edades y or\u00edgenes. \u00a1Se destaca como una oferta exclusiva en su colecci\u00f3n minorista y garantiza una experiencia ideal para el cliente!<\/li>\n\n\n\n<li>Artesan\u00eda superior: Nuestra artesan\u00eda de alta calidad garantiza un ajuste efectivo pero c\u00f3modo sin comprometer el atractivo sexy, lo que dice mucho sobre nuestro compromiso de ofrecer productos al por mayor que no comprometen la comodidad ni la calidad.<\/li>\n\n\n\n<li>Atuendo para actuaciones navide\u00f1as: Perfecto tanto para fiestas tem\u00e1ticas como para actuaciones, este disfraz navide\u00f1o puede adaptarse a una amplia variedad de ocasiones festivas, lo que lo convierte en la soluci\u00f3n ideal para los minoristas que buscan ofrecer una variada selecci\u00f3n de prendas navide\u00f1as.<\/li>\n\n\n\n<li>Listo para venta al por mayor: Dise\u00f1ado para ventas al por mayor, este disfraz navide\u00f1o puede convertirse r\u00e1pidamente en uno de los art\u00edculos m\u00e1s vendidos de su colecci\u00f3n minorista. \u00a1M\u00e1s all\u00e1 de ser simplemente un art\u00edculo para disfrazarse, abre un reino de fantas\u00eda y exploraci\u00f3n festiva que espera ser descubierto!<\/li>\n<\/ol>\n\n\n\n<p>Agregue nuestro disfraz navide\u00f1o sexy al por mayor a su colecci\u00f3n minorista para agregar encanto festivo y elegancia sensual. Es ideal para minoristas que buscan ofrecer una selecci\u00f3n variada e imaginativa de vestimenta navide\u00f1a. Cont\u00e1ctenos ahora para consultas al por mayor y agregue elegancia divertida a su inventario hoy.<\/p>\n\n\n\n<figure class=\"wp-block-table is-style-stripes\"><table class=\"has-fixed-layout\"><tbody><tr><td>Gr\u00e1fico del sitio (CM)<\/td><td><\/td><td><\/td><td><\/td><\/tr><tr><td>Tama\u00f1o<\/td><td>Longitud<\/td><td>Busto inferior<\/td><td>Cintura<\/td><\/tr><tr><td>S<\/td><td>67.5<\/td><td>86-90<\/td><td>62-66<\/td><\/tr><tr><td>METRO<\/td><td>69.5<\/td><td>90-94<\/td><td>66-70<\/td><\/tr><tr><td>L<\/td><td>71.5<\/td><td>94-98<\/td><td>70-74<\/td><\/tr><tr><td>SG<\/td><td>73.5<\/td><td>98-102<\/td><td>74-78<\/td><\/tr><tr><td>Gr\u00e1fico del sitio (PULGADAS)<\/td><td><\/td><td><\/td><td><\/td><\/tr><tr><td>Tama\u00f1o<\/td><td>Longitud<\/td><td>Busto inferior<\/td><td>Cintura<\/td><\/tr><tr><td>S<\/td><td>26.57<\/td><td>33.86-35.43<\/td><td>24.41-25.98<\/td><\/tr><tr><td>METRO<\/td><td>27.36<\/td><td>35.43-37.01<\/td><td>25.98-27.56<\/td><\/tr><tr><td>L<\/td><td>28.15<\/td><td>37.01-38.58<\/td><td>27.56-29.13<\/td><\/tr><tr><td>SG<\/td><td>28.94<\/td><td>38.58-40.16<\/td><td>29.13-30.71<\/td><\/tr><\/tbody><\/table><\/figure>","protected":false},"excerpt":{"rendered":"<p>Desata la magia de la Navidad con nuestro sexy disfraz navide\u00f1o al por mayor. Dise\u00f1ado para mejorar las actuaciones y eventos navide\u00f1os, su body en V profundo hace que cada celebraci\u00f3n trascendental sea m\u00e1gica. Una excelente opci\u00f3n para los minoristas que buscan ofrecer un encanto festivo combinado con una elegancia sensual.<\/p>","protected":false},"featured_media":45554,"template":"","meta":[],"product_brand":[],"product_cat":[370,974,367,373],"product_tag":[964,984],"class_list":{"0":"post-45546","1":"product","2":"type-product","3":"status-publish","4":"has-post-thumbnail","6":"product_cat-bodysuit","7":"product_cat-wholesale-sexy-costumes","8":"product_cat-sexy-lingerie","9":"product_cat-wholesale-sexy-mesh-bodysuit","10":"product_tag-christmas-lingerie","11":"product_tag-halloween-costumes","12":"pa_color-red-women-sexy-lingerie","13":"pa_size-wholesale-large-size-women-sexy-lingerie","14":"pa_size-wholesale-medium-size-women-sexy-lingerie","15":"pa_size-wholesale-small-size-sexy-lingerie","16":"pa_size-wholesale-extra-large-sexy-lingerie","18":"first","19":"instock","20":"taxable","21":"shipping-taxable","22":"purchasable","23":"product-type-variable"},"tiered_pricing_type":"fixed","tiered_pricing_fixed_rules":[],"tiered_pricing_product_settings":{"layout":"default","base_unit_name":{"singular":null,"plural":null},"default_variation":null},"tiered_pricing_minimum_quantity":null,"tiered_pricing_roles_data":[],"tiered_pricing_percentage_rules":[],"tiered_pricing_maximum_quantity":null,"tiered_pricing_quantity_step":null,"_links":{"self":[{"href":"https:\/\/gretasexylingerie.com\/es\/wp-json\/wp\/v2\/product\/45546","targetHints":{"allow":["GET"]}}],"collection":[{"href":"https:\/\/gretasexylingerie.com\/es\/wp-json\/wp\/v2\/product"}],"about":[{"href":"https:\/\/gretasexylingerie.com\/es\/wp-json\/wp\/v2\/types\/product"}],"wp:featuredmedia":[{"embeddable":true,"href":"https:\/\/gretasexylingerie.com\/es\/wp-json\/wp\/v2\/media\/45554"}],"wp:attachment":[{"href":"https:\/\/gretasexylingerie.com\/es\/wp-json\/wp\/v2\/media?parent=45546"}],"wp:term":[{"taxonomy":"product_brand","embeddable":true,"href":"https:\/\/gretasexylingerie.com\/es\/wp-json\/wp\/v2\/product_brand?post=45546"},{"taxonomy":"product_cat","embeddable":true,"href":"https:\/\/gretasexylingerie.com\/es\/wp-json\/wp\/v2\/product_cat?post=45546"},{"taxonomy":"product_tag","embeddable":true,"href":"https:\/\/gretasexylingerie.com\/es\/wp-json\/wp\/v2\/product_tag?post=45546"}],"curies":[{"name":"Gracias","href":"https:\/\/api.w.org\/{rel}","templated":true}]}}