{"id":45535,"date":"2023-10-13T23:44:44","date_gmt":"2023-10-13T15:44:44","guid":{"rendered":"https:\/\/gretasexylingerie.com\/?post_type=product&#038;p=45535"},"modified":"2023-10-13T23:47:54","modified_gmt":"2023-10-13T15:47:54","slug":"al-por-mayor-conjunto-de-lenceria-sexy-de-dos-piezas-de-animadora","status":"publish","type":"product","link":"https:\/\/gretasexylingerie.com\/es\/products\/wholesale-sexy-cheerleader-two-piece-lingerie-set\/","title":{"rendered":"Conjunto De Lencer\u00eda De Dos Piezas De Animadora Sexy Al Por Mayor"},"content":{"rendered":"<ol class=\"wp-block-list\">\n<li>Charm de animadora juvenil: este ic\u00f3nico dise\u00f1o de animadora captura un esp\u00edritu en\u00e9rgico, lo que lo convierte en una opci\u00f3n emocionante para los esp\u00edritus aventureros. Su est\u00e9tica caprichosa garantiza que siga siendo atractivo en su colecci\u00f3n minorista durante a\u00f1os.<\/li>\n\n\n\n<li>Lencer\u00eda sensual sin mangas: la apariencia sensualmente seductora y la comodidad que brinda este conjunto lo convierten en la selecci\u00f3n perfecta para clientes de diversos or\u00edgenes, lo que hace que este art\u00edculo se destaque en su colecci\u00f3n minorista y lo convierta en una propuesta minorista convincente.<\/li>\n\n\n\n<li>Juego completo de dos piezas: este completo juego de dos piezas ofrece el look completo para cualquier ocasi\u00f3n l\u00fadica y mejora las experiencias de compra para las almas aventureras. Los minoristas que buscan ofrecer conjuntos completos pueden encontrar soluciones integrales aqu\u00ed.<\/li>\n\n\n\n<li>Artesan\u00eda de alta calidad: Nuestra artesan\u00eda superior garantiza un ajuste c\u00f3modo y al mismo tiempo mantiene su atractivo seductor, como parte de nuestro compromiso de ofrecer productos al por mayor sin comprometer la comodidad o la calidad.<\/li>\n\n\n\n<li>Listo para venta al por mayor: con \u00e9nfasis en las ventas al por mayor, este conjunto de disfraces de animadora JK est\u00e1 listo para convertirse en un \u00e9xito de ventas en su colecci\u00f3n minorista. M\u00e1s que un simple atuendo; \u00a1Este disfraz abre todo un mundo de maravillas y juegos!<\/li>\n<\/ol>\n\n\n\n<p>Agregue nuestro conjunto de disfraces JK de animadora sexy al por mayor a su colecci\u00f3n minorista para obtener una exquisita combinaci\u00f3n de encanto juvenil y atractivo sensual, ideal para ampliar y diversificar la oferta de vestimenta en la tienda. Cont\u00e1ctenos hoy para consultas sobre venta al por mayor y agregue elegancia divertida a su surtido.<\/p>\n\n\n\n<figure class=\"wp-block-table is-style-stripes\"><table class=\"has-fixed-layout\"><tbody><tr><td>Gr\u00e1fico del sitio (CM)<\/td><td><\/td><td><\/td><td><\/td><\/tr><tr><td>Tama\u00f1o<\/td><td>Longitud<\/td><td>Busto inferior<\/td><td>Cintura<\/td><\/tr><tr><td>S<\/td><td>63<\/td><td>86-90<\/td><td>61-65<\/td><\/tr><tr><td>METRO<\/td><td>64<\/td><td>90-94<\/td><td>65-69<\/td><\/tr><tr><td>L<\/td><td>65<\/td><td>94-98<\/td><td>69-73<\/td><\/tr><tr><td>SG<\/td><td>66<\/td><td>98-102<\/td><td>73-77<\/td><\/tr><tr><td>Gr\u00e1fico del sitio (PULGADAS)<\/td><td><\/td><td><\/td><td><\/td><\/tr><tr><td>Tama\u00f1o<\/td><td>Longitud<\/td><td>Busto inferior<\/td><td>Cintura<\/td><\/tr><tr><td>S<\/td><td>24.8<\/td><td>33.86-35.43<\/td><td>24.02-25.59<\/td><\/tr><tr><td>METRO<\/td><td>25.2<\/td><td>35.43-37.01<\/td><td>25.59-27.17<\/td><\/tr><tr><td>L<\/td><td>25.59<\/td><td>37.01-38.58<\/td><td>27.17-28.74<\/td><\/tr><tr><td>SG<\/td><td>25.98<\/td><td>38.58-40.16<\/td><td>28.74-30.31<\/td><\/tr><\/tbody><\/table><\/figure>","protected":false},"excerpt":{"rendered":"<p>\u00a1Libera el encanto juvenil con nuestro sexy conjunto de disfraces JK a cuadros al por mayor! La seductora falda plisada combina perfectamente con el sujetador y las medias a juego para facilitar su extracci\u00f3n, lo que convierte a este conjunto en la selecci\u00f3n ideal para las noches aventureras. \u00a1Una excelente elecci\u00f3n para los minoristas que buscan brindar fantas\u00eda y accesibilidad!<\/p>","protected":false},"featured_media":45542,"template":"","meta":[],"product_brand":[],"product_cat":[974],"product_tag":[976],"class_list":{"0":"post-45535","1":"product","2":"type-product","3":"status-publish","4":"has-post-thumbnail","6":"product_cat-wholesale-sexy-costumes","7":"product_tag-schoolgirl-costumes","8":"pa_color-red-women-sexy-lingerie","9":"pa_size-wholesale-large-size-women-sexy-lingerie","10":"pa_size-wholesale-medium-size-women-sexy-lingerie","11":"pa_size-wholesale-small-size-sexy-lingerie","12":"pa_size-wholesale-extra-large-sexy-lingerie","14":"first","15":"instock","16":"taxable","17":"shipping-taxable","18":"purchasable","19":"product-type-variable"},"tiered_pricing_type":"fixed","tiered_pricing_fixed_rules":[],"tiered_pricing_product_settings":{"layout":"default","base_unit_name":{"singular":null,"plural":null},"default_variation":{}},"tiered_pricing_minimum_quantity":null,"tiered_pricing_roles_data":[],"tiered_pricing_percentage_rules":[],"tiered_pricing_maximum_quantity":null,"tiered_pricing_quantity_step":null,"_links":{"self":[{"href":"https:\/\/gretasexylingerie.com\/es\/wp-json\/wp\/v2\/product\/45535","targetHints":{"allow":["GET"]}}],"collection":[{"href":"https:\/\/gretasexylingerie.com\/es\/wp-json\/wp\/v2\/product"}],"about":[{"href":"https:\/\/gretasexylingerie.com\/es\/wp-json\/wp\/v2\/types\/product"}],"wp:featuredmedia":[{"embeddable":true,"href":"https:\/\/gretasexylingerie.com\/es\/wp-json\/wp\/v2\/media\/45542"}],"wp:attachment":[{"href":"https:\/\/gretasexylingerie.com\/es\/wp-json\/wp\/v2\/media?parent=45535"}],"wp:term":[{"taxonomy":"product_brand","embeddable":true,"href":"https:\/\/gretasexylingerie.com\/es\/wp-json\/wp\/v2\/product_brand?post=45535"},{"taxonomy":"product_cat","embeddable":true,"href":"https:\/\/gretasexylingerie.com\/es\/wp-json\/wp\/v2\/product_cat?post=45535"},{"taxonomy":"product_tag","embeddable":true,"href":"https:\/\/gretasexylingerie.com\/es\/wp-json\/wp\/v2\/product_tag?post=45535"}],"curies":[{"name":"Gracias","href":"https:\/\/api.w.org\/{rel}","templated":true}]}}