{"id":45518,"date":"2023-10-13T23:31:58","date_gmt":"2023-10-13T15:31:58","guid":{"rendered":"https:\/\/gretasexylingerie.com\/?post_type=product&#038;p=45518"},"modified":"2023-10-13T23:35:57","modified_gmt":"2023-10-13T15:35:57","slug":"al-por-mayor-traje-sexy-jk-a-cuadros-con-falda-plisada","status":"publish","type":"product","link":"https:\/\/gretasexylingerie.com\/es\/products\/wholesale-sexy-plaid-jk-costume-set-with-pleated-skirt\/","title":{"rendered":"Conjunto de disfraces JK a cuadros sexy al por mayor con falda plisada"},"content":{"rendered":"<ol class=\"wp-block-list\">\n<li>Atractivo juvenil: el ic\u00f3nico dise\u00f1o del disfraz JK captura un atractivo juvenil, lo que lo convierte en la elecci\u00f3n perfecta para los esp\u00edritus aventureros. Con su dise\u00f1o atemporal de cuadros y su atractivo eterno, su inclusi\u00f3n seguir\u00e1 siendo parte de su colecci\u00f3n minorista durante a\u00f1os.<\/li>\n\n\n\n<li>Atractivo dise\u00f1o de falda plisada: la falda plisada a\u00f1ade un encanto divertido y al mismo tiempo crea una sensaci\u00f3n de tentaci\u00f3n divertida, diferenciando este conjunto y convirti\u00e9ndolo en un componente esencial de su colecci\u00f3n minorista.<\/li>\n\n\n\n<li>Facilidad de extracci\u00f3n: Creado para una f\u00e1cil extracci\u00f3n, este conjunto invita a contar historias divertidas para esas noches atrevidas y es una excelente selecci\u00f3n para minoristas que buscan ofrecer diversas colecciones de vestimenta imaginativa.<\/li>\n\n\n\n<li>Conjunto completo de dos piezas: este completo conjunto de dos piezas contiene sujetador y medias a juego para brindar un look completo para cualquier ocasi\u00f3n divertida. Los minoristas que quieran ofrecer conjuntos completos pueden aprovechar esta soluci\u00f3n completa.<\/li>\n\n\n\n<li>Listo para venta al por mayor: dado que las ventas al por mayor son el foco de este conjunto de disfraces JK, puede convertirse en una caracter\u00edstica atractiva de su colecci\u00f3n minorista. M\u00e1s que un simple atuendo; \u00a1Este disfraz ofrece acceso a un mundo imaginativo lleno de fantas\u00eda y alegr\u00eda!<\/li>\n<\/ol>\n\n\n\n<p>Agregue un encanto juvenil y una accesibilidad divertida a su colecci\u00f3n minorista con nuestro conjunto de disfraces JK a cuadros sexy al por mayor, ideal para minoristas que buscan una gama diversa e imaginativa de vestimenta. Cont\u00e1ctenos hoy para consultas sobre venta al por mayor y agregue un poco de elegancia divertida a su surtido.<\/p>\n\n\n\n<figure class=\"wp-block-table is-style-stripes\"><table class=\"has-fixed-layout\"><tbody><tr><td>Gr\u00e1fico del sitio (CM)<\/td><td><\/td><td><\/td><td><\/td><\/tr><tr><td>Tama\u00f1o<\/td><td>Longitud<\/td><td>Busto inferior<\/td><td>Cintura<\/td><\/tr><tr><td>S<\/td><td>63<\/td><td>86-90<\/td><td>61-65<\/td><\/tr><tr><td>METRO<\/td><td>64<\/td><td>90-94<\/td><td>65-69<\/td><\/tr><tr><td>L<\/td><td>65<\/td><td>94-98<\/td><td>69-73<\/td><\/tr><tr><td>SG<\/td><td>66<\/td><td>98-102<\/td><td>73-77<\/td><\/tr><tr><td>Gr\u00e1fico del sitio (PULGADAS)<\/td><td><\/td><td><\/td><td><\/td><\/tr><tr><td>Tama\u00f1o<\/td><td>Longitud<\/td><td>Busto inferior<\/td><td>Cintura<\/td><\/tr><tr><td>S<\/td><td>24.8<\/td><td>33.86-35.43<\/td><td>24.02-25.59<\/td><\/tr><tr><td>METRO<\/td><td>25.2<\/td><td>35.43-37.01<\/td><td>25.59-27.17<\/td><\/tr><tr><td>L<\/td><td>25.59<\/td><td>37.01-38.58<\/td><td>27.17-28.74<\/td><\/tr><tr><td>SG<\/td><td>25.98<\/td><td>38.58-40.16<\/td><td>28.74-30.31<\/td><\/tr><\/tbody><\/table><\/figure>","protected":false},"excerpt":{"rendered":"<p>\u00a1Libera el encanto juvenil con nuestro sexy conjunto de disfraces JK a cuadros al por mayor! La seductora falda plisada combina perfectamente con el sujetador y las medias a juego para facilitar su extracci\u00f3n, lo que convierte a este conjunto en la selecci\u00f3n ideal para las noches aventureras. \u00a1Una excelente elecci\u00f3n para los minoristas que buscan brindar fantas\u00eda y accesibilidad!<\/p>","protected":false},"featured_media":45530,"template":"","meta":[],"product_brand":[],"product_cat":[974],"product_tag":[976],"class_list":{"0":"post-45518","1":"product","2":"type-product","3":"status-publish","4":"has-post-thumbnail","6":"product_cat-wholesale-sexy-costumes","7":"product_tag-schoolgirl-costumes","8":"pa_color-green","9":"pa_color-red-women-sexy-lingerie","10":"pa_size-wholesale-large-size-women-sexy-lingerie","11":"pa_size-wholesale-medium-size-women-sexy-lingerie","12":"pa_size-wholesale-small-size-sexy-lingerie","13":"pa_size-wholesale-extra-large-sexy-lingerie","15":"first","16":"instock","17":"taxable","18":"shipping-taxable","19":"purchasable","20":"product-type-variable"},"tiered_pricing_type":"fixed","tiered_pricing_fixed_rules":[],"tiered_pricing_product_settings":{"layout":"default","base_unit_name":{"singular":null,"plural":null},"default_variation":{}},"tiered_pricing_minimum_quantity":null,"tiered_pricing_roles_data":[],"tiered_pricing_percentage_rules":[],"tiered_pricing_maximum_quantity":null,"tiered_pricing_quantity_step":null,"_links":{"self":[{"href":"https:\/\/gretasexylingerie.com\/es\/wp-json\/wp\/v2\/product\/45518","targetHints":{"allow":["GET"]}}],"collection":[{"href":"https:\/\/gretasexylingerie.com\/es\/wp-json\/wp\/v2\/product"}],"about":[{"href":"https:\/\/gretasexylingerie.com\/es\/wp-json\/wp\/v2\/types\/product"}],"wp:featuredmedia":[{"embeddable":true,"href":"https:\/\/gretasexylingerie.com\/es\/wp-json\/wp\/v2\/media\/45530"}],"wp:attachment":[{"href":"https:\/\/gretasexylingerie.com\/es\/wp-json\/wp\/v2\/media?parent=45518"}],"wp:term":[{"taxonomy":"product_brand","embeddable":true,"href":"https:\/\/gretasexylingerie.com\/es\/wp-json\/wp\/v2\/product_brand?post=45518"},{"taxonomy":"product_cat","embeddable":true,"href":"https:\/\/gretasexylingerie.com\/es\/wp-json\/wp\/v2\/product_cat?post=45518"},{"taxonomy":"product_tag","embeddable":true,"href":"https:\/\/gretasexylingerie.com\/es\/wp-json\/wp\/v2\/product_tag?post=45518"}],"curies":[{"name":"Gracias","href":"https:\/\/api.w.org\/{rel}","templated":true}]}}