{"id":45506,"date":"2023-10-13T23:11:59","date_gmt":"2023-10-13T15:11:59","guid":{"rendered":"https:\/\/gretasexylingerie.com\/?post_type=product&#038;p=45506"},"modified":"2023-10-13T23:15:44","modified_gmt":"2023-10-13T15:15:44","slug":"al-por-mayor-vestido-de-tirantes-de-malla-transparente","status":"publish","type":"product","link":"https:\/\/gretasexylingerie.com\/es\/products\/wholesale-transparent-mesh-maid-outfit-suspender-dress\/","title":{"rendered":"Vestido De Tirantes De Traje De Mucama De Malla Transparente al por mayor"},"content":{"rendered":"<ol class=\"wp-block-list\">\n<li>Dise\u00f1o para la inocencia pero al mismo tiempo atractivo: nuestro traje de sirvienta fue cuidadosamente dise\u00f1ado para irradiar inocencia y al mismo tiempo seducir de manera seductora a los clientes que desean explorar fantas\u00edas l\u00fadicas. \u00a1Con su combinaci\u00f3n de malla transparente y encaje blanco que brinda miradas tentadoras, los clientes seguramente tendr\u00e1n una experiencia inolvidable con \u00e9l!<\/li>\n\n\n\n<li>Elegante detalle de encaje blanco: El detalle de encaje blanco de este vestido con tirantes a\u00f1ade un toque de elegancia y sofisticaci\u00f3n, diferenciando este conjunto como parte de su colecci\u00f3n minorista.<\/li>\n\n\n\n<li>Malla transparente de alta calidad: confeccionado con malla transparente de alta calidad, este conjunto garantiza la m\u00e1xima comodidad sin comprometer el atractivo sexy. \u00a1Nuestro compromiso de ofrecer productos al por mayor que no comprometan la calidad o la comodidad se destaca!<\/li>\n\n\n\n<li>Conjunto vers\u00e1til de juego de roles: Ideal para eventos tem\u00e1ticos o aventuras privadas de juego de roles, este traje de sirvienta puede adaptarse a diversos escenarios divertidos y ofrece a los minoristas una excelente variedad de opciones de vestimenta imaginativas.<\/li>\n\n\n\n<li>Listo para la venta al por mayor: como oferta mayorista, este traje de sirvienta est\u00e1 listo para convertirse en un vendedor destacado en su colecci\u00f3n minorista. M\u00e1s que un simple disfraz; \u00a1Este conjunto brinda la oportunidad de divertirse y aventurarse!<\/li>\n<\/ol>\n\n\n\n<p>\u00a1Ampl\u00ede su colecci\u00f3n minorista con nuestro traje de mucama de malla transparente al por mayor y agr\u00e9guele una pieza atractiva con elegancia divertida! Apto para consultas mayoristas. Cont\u00e1ctenos y agregue esta hermosa adici\u00f3n hoy.<\/p>\n\n\n\n<figure class=\"wp-block-table is-style-stripes\"><table class=\"has-fixed-layout\"><tbody><tr><td>Gr\u00e1fico del sitio (CM)<\/td><td><\/td><td><\/td><td><\/td><\/tr><tr><td>Tama\u00f1o<\/td><td>Longitud<\/td><td>Busto inferior<\/td><td>Cintura<\/td><\/tr><tr><td>S<\/td><td>63<\/td><td>86-90<\/td><td>61-65<\/td><\/tr><tr><td>METRO<\/td><td>64<\/td><td>90-94<\/td><td>65-69<\/td><\/tr><tr><td>L<\/td><td>65<\/td><td>94-98<\/td><td>69-73<\/td><\/tr><tr><td>SG<\/td><td>66<\/td><td>98-102<\/td><td>73-77<\/td><\/tr><tr><td>Gr\u00e1fico del sitio (PULGADAS)<\/td><td><\/td><td><\/td><td><\/td><\/tr><tr><td>Tama\u00f1o<\/td><td>Longitud<\/td><td>Busto inferior<\/td><td>Cintura<\/td><\/tr><tr><td>S<\/td><td>24.8<\/td><td>33.86-35.43<\/td><td>24.02-25.59<\/td><\/tr><tr><td>METRO<\/td><td>25.2<\/td><td>35.43-37.01<\/td><td>25.59-27.17<\/td><\/tr><tr><td>L<\/td><td>25.59<\/td><td>37.01-38.58<\/td><td>27.17-28.74<\/td><\/tr><tr><td>SG<\/td><td>25.98<\/td><td>38.58-40.16<\/td><td>28.74-30.31<\/td><\/tr><\/tbody><\/table><\/figure>","protected":false},"excerpt":{"rendered":"<p>Bienvenido a nuestro traje de mucama de malla transparente al por mayor: \u00a1una combinaci\u00f3n de inocencia y encanto! \u00a1Con su vestido de tirantes de encaje blanco a\u00f1ade un aire de elegancia, convirti\u00e9ndolo en la pieza perfecta para noches divertidas! \u00a1Perfecto para minoristas que buscan ofrecer algo diferente!<\/p>","protected":false},"featured_media":45513,"template":"","meta":[],"product_brand":[],"product_cat":[974],"product_tag":[980],"class_list":{"0":"post-45506","1":"product","2":"type-product","3":"status-publish","4":"has-post-thumbnail","6":"product_cat-wholesale-sexy-costumes","7":"product_tag-maid-costumes","8":"pa_color-black","9":"pa_size-wholesale-large-size-women-sexy-lingerie","10":"pa_size-wholesale-medium-size-women-sexy-lingerie","11":"pa_size-wholesale-small-size-sexy-lingerie","12":"pa_size-wholesale-extra-large-sexy-lingerie","14":"first","15":"instock","16":"taxable","17":"shipping-taxable","18":"purchasable","19":"product-type-variable"},"tiered_pricing_type":"fixed","tiered_pricing_fixed_rules":[],"tiered_pricing_product_settings":{"layout":"default","base_unit_name":{"singular":null,"plural":null},"default_variation":{}},"tiered_pricing_minimum_quantity":null,"tiered_pricing_roles_data":[],"tiered_pricing_percentage_rules":[],"tiered_pricing_maximum_quantity":null,"tiered_pricing_quantity_step":null,"_links":{"self":[{"href":"https:\/\/gretasexylingerie.com\/es\/wp-json\/wp\/v2\/product\/45506","targetHints":{"allow":["GET"]}}],"collection":[{"href":"https:\/\/gretasexylingerie.com\/es\/wp-json\/wp\/v2\/product"}],"about":[{"href":"https:\/\/gretasexylingerie.com\/es\/wp-json\/wp\/v2\/types\/product"}],"wp:featuredmedia":[{"embeddable":true,"href":"https:\/\/gretasexylingerie.com\/es\/wp-json\/wp\/v2\/media\/45513"}],"wp:attachment":[{"href":"https:\/\/gretasexylingerie.com\/es\/wp-json\/wp\/v2\/media?parent=45506"}],"wp:term":[{"taxonomy":"product_brand","embeddable":true,"href":"https:\/\/gretasexylingerie.com\/es\/wp-json\/wp\/v2\/product_brand?post=45506"},{"taxonomy":"product_cat","embeddable":true,"href":"https:\/\/gretasexylingerie.com\/es\/wp-json\/wp\/v2\/product_cat?post=45506"},{"taxonomy":"product_tag","embeddable":true,"href":"https:\/\/gretasexylingerie.com\/es\/wp-json\/wp\/v2\/product_tag?post=45506"}],"curies":[{"name":"Gracias","href":"https:\/\/api.w.org\/{rel}","templated":true}]}}